{"id":11674,"date":"2024-07-01T00:13:30","date_gmt":"2024-06-30T22:13:30","guid":{"rendered":"https:\/\/www.esk-eltern.de\/demande-dadhesion\/"},"modified":"2025-09-02T20:40:57","modified_gmt":"2025-09-02T18:40:57","slug":"demande-dadhesion","status":"publish","type":"page","link":"https:\/\/www.esk-eltern.de\/fr\/demande-dadhesion\/","title":{"rendered":"Demande d&rsquo;adh\u00e9sion"},"content":{"rendered":"\n<div class=\"wp-block-columns is-layout-flex wp-container-core-columns-is-layout-28f84493 wp-block-columns-is-layout-flex\">\n<div class=\"wp-block-column is-layout-constrained wp-block-column-is-layout-constrained\">\n<div class=\"wp-block-group is-content-justification-center is-nowrap is-layout-flex wp-container-core-group-is-layout-23441af8 wp-block-group-is-layout-flex\">\n<p><strong>L&rsquo;adh\u00e9sion \u00e0 l&rsquo;APE de l&rsquo;ESK pour l&rsquo;ann\u00e9e scolaire 2025\/2026 consiste \u00e0 remplir la demande d&rsquo;adh\u00e9sion ci-dessous et \u00e0 acheter l&rsquo;adh\u00e9sion en m\u00eame temps, en aval.<br>Vous serez automatiquement redirig\u00e9 vers l&rsquo;achat de l&rsquo;adh\u00e9sion apr\u00e8s avoir cliqu\u00e9 sur le bouton \u00ab\u00a0Envoyer\u00a0\u00bb.<\/strong><\/p>\n<\/div>\n\n\n\n<div class=\"wp-block-group is-content-justification-center is-nowrap is-layout-flex wp-container-core-group-is-layout-23441af8 wp-block-group-is-layout-flex\">\n<p class=\"has-small-font-size\">Si vous n&rsquo;achetez pas l&rsquo;adh\u00e9sion apr\u00e8s avoir rempli la demande d&rsquo;adh\u00e9sion, vous ne pourrez pas acheter l&rsquo;adh\u00e9sion ult\u00e9rieurement et devrez remplir et envoyer \u00e0 nouveau la demande.<\/p>\n<\/div>\n<\/div>\n<\/div>\n\n\n\n<div class=\"wp-block-columns is-layout-flex wp-container-core-columns-is-layout-28f84493 wp-block-columns-is-layout-flex\">\n<div class=\"wp-block-column is-layout-constrained wp-block-column-is-layout-constrained\">\n<div class=\"wp-block-contact-form-7-contact-form-selector\">\n<div class=\"wpcf7 no-js\" id=\"wpcf7-f13268-o1\" lang=\"fr-FR\" dir=\"ltr\" data-wpcf7-id=\"13268\">\n<div class=\"screen-reader-response\"><p role=\"status\" aria-live=\"polite\" aria-atomic=\"true\"><\/p> <ul><\/ul><\/div>\n<form action=\"\/fr\/wp-json\/wp\/v2\/pages\/11674#wpcf7-f13268-o1\" method=\"post\" class=\"wpcf7-form init wpcf7-acceptance-as-validation\" aria-label=\"Formulaire de contact\" enctype=\"multipart\/form-data\" novalidate=\"novalidate\" data-status=\"init\">\n<fieldset class=\"hidden-fields-container\"><input type=\"hidden\" name=\"_wpcf7\" value=\"13268\" \/><input type=\"hidden\" name=\"_wpcf7_version\" value=\"6.1.4\" \/><input type=\"hidden\" name=\"_wpcf7_locale\" value=\"fr_FR\" \/><input type=\"hidden\" name=\"_wpcf7_unit_tag\" value=\"wpcf7-f13268-o1\" \/><input type=\"hidden\" name=\"_wpcf7_container_post\" value=\"0\" \/><input type=\"hidden\" name=\"_wpcf7_posted_data_hash\" value=\"\" \/>\n<\/fieldset>\n<div class=\"uacf7-form-wrapper-container uacf7-form-13268  \">Par la pr\u00e9sente, je demande\n<label>Pr\u00e9nom :  <span class=\"wpcf7-form-control-wrap\" data-name=\"Vorname\"><input size=\"40\" maxlength=\"400\" class=\"wpcf7-form-control wpcf7-text wpcf7-validates-as-required\" aria-required=\"true\" aria-invalid=\"false\" value=\"\" type=\"text\" name=\"Vorname\" \/><\/span> <\/label>\n<label>Nom :  <span class=\"wpcf7-form-control-wrap\" data-name=\"Name\"><input size=\"40\" maxlength=\"400\" class=\"wpcf7-form-control wpcf7-text wpcf7-validates-as-required\" aria-required=\"true\" aria-invalid=\"false\" value=\"\" type=\"text\" name=\"Name\" \/><\/span> <\/label>\n<label>date de naissance : <span class=\"wpcf7-form-control-wrap\" data-name=\"Geburtsdatum\"><input class=\"wpcf7-form-control wpcf7-date wpcf7-validates-as-date\" max=\"2008-04-08\" aria-invalid=\"false\" value=\"\" type=\"date\" name=\"Geburtsdatum\" \/><\/span><\/label>\n, mon adh\u00e9sion \u00e0 l'Association des parents de l'\u00c9cole europ\u00e9enne en tant que membre ordinaire avec une cotisation annuelle de 40 EUR. L'adh\u00e9sion ne sera effective qu'apr\u00e8s l'achat d'une carte de membre. Ce n'est qu'apr\u00e8s avoir envoy\u00e9 avec succ\u00e8s votre demande d'adh\u00e9sion que vous serez redirig\u00e9 vers la page d'achat de l'adh\u00e9sion. \n<br><br>\n<label>Adresse :  <\/label>\n<label>Rue : <span class=\"wpcf7-form-control-wrap\" data-name=\"Strasse\"><input size=\"40\" maxlength=\"400\" class=\"wpcf7-form-control wpcf7-text wpcf7-validates-as-required\" aria-required=\"true\" aria-invalid=\"false\" value=\"\" type=\"text\" name=\"Strasse\" \/><\/span><\/label><label> Num\u00e9ro : <span class=\"wpcf7-form-control-wrap\" data-name=\"Strasse-no\"><input size=\"40\" maxlength=\"400\" class=\"wpcf7-form-control wpcf7-text wpcf7-validates-as-required\" aria-required=\"true\" aria-invalid=\"false\" value=\"\" type=\"text\" name=\"Strasse-no\" \/><\/span> <\/label> \n<label>Code postal : <span class=\"wpcf7-form-control-wrap\" data-name=\"Plz\"><input size=\"40\" maxlength=\"400\" class=\"wpcf7-form-control wpcf7-text wpcf7-validates-as-required\" aria-required=\"true\" aria-invalid=\"false\" value=\"\" type=\"text\" name=\"Plz\" \/><\/span> <\/label><label>Ville : <span class=\"wpcf7-form-control-wrap\" data-name=\"Ort\"><input size=\"40\" maxlength=\"400\" class=\"wpcf7-form-control wpcf7-text wpcf7-validates-as-required\" aria-required=\"true\" aria-invalid=\"false\" value=\"\" type=\"text\" name=\"Ort\" \/><\/span><\/label>\n<br>\nMes coordonn\u00e9es :\n<label>  Num\u00e9ro de t\u00e9l\u00e9phone : <span class=\"wpcf7-form-control-wrap\" data-name=\"Telefon\"><input size=\"40\" maxlength=\"25\" minlength=\"8\" class=\"wpcf7-form-control wpcf7-tel wpcf7-text wpcf7-validates-as-tel\" aria-invalid=\"false\" value=\"\" type=\"tel\" name=\"Telefon\" \/><\/span>  <\/label>\n<label>  e-mail :  <span class=\"wpcf7-form-control-wrap\" data-name=\"your-email\"><input size=\"40\" maxlength=\"400\" class=\"wpcf7-form-control wpcf7-email wpcf7-validates-as-required wpcf7-text wpcf7-validates-as-email\" aria-required=\"true\" aria-invalid=\"false\" value=\"\" type=\"email\" name=\"your-email\" \/><\/span>  <\/label>\n<br>\n<span class=\"wpcf7-form-control-wrap\" data-name=\"Datenschutzhinweis\"><span class=\"wpcf7-form-control wpcf7-acceptance\"><span class=\"wpcf7-list-item\"><label><input type=\"checkbox\" name=\"Datenschutzhinweis\" value=\"1\" aria-invalid=\"false\" \/><span class=\"wpcf7-list-item-label\">J'ai pris connaissance de la <a href=\"https:\/\/www.esk-eltern.de\/de\/datenschutz-bestimmungen\/\" target=\"_blank\"> note d'information sur la protection des donn\u00e9es<\/a> et je l'ai comprise.<\/span><\/label><\/span><\/span><\/span>\n<span class=\"wpcf7-form-control-wrap\" data-name=\"Satzung\"><span class=\"wpcf7-form-control wpcf7-acceptance\"><span class=\"wpcf7-list-item\"><label><input type=\"checkbox\" name=\"Satzung\" value=\"1\" aria-invalid=\"false\" \/><span class=\"wpcf7-list-item-label\">J'ai pris connaissance de la version actuelle <a href=\"https:\/\/www.esk-eltern.de\/wp-content\/uploads\/2024\/07\/EV_Satzung.pdf\" target=\"_blank\">des statuts<\/a>.<\/span><\/label><\/span><\/span><\/span>\n<br><br>Par ma signature, je reconnais \u00eatre li\u00e9(e) par les statuts de l'association dans leur version en vigueur.\n<br><br>\n<label>  Date : <span class=\"wpcf7-form-control-wrap\" data-name=\"DatumHeute\"><input class=\"wpcf7-form-control wpcf7-date wpcf7-validates-as-required wpcf7-validates-as-date\" min=\"2026-04-13\" max=\"2026-04-13\" aria-required=\"true\" aria-invalid=\"false\" value=\"2026-04-13\" type=\"date\" name=\"DatumHeute\" \/><\/span> <\/label>\n<label>  Ma signature :\t\t<span class=\"wpcf7-form-control-wrap uacf7_unterschrift\"\n\t\t\tdata-name=\"uacf7_unterschrift\">\n\t\t\t<input hidden type=\"file\" class=\"img_id_special\" class=\"wpcf7-form-control wpcf7-uacf7_signature wpcf7-validates-as-required\" pen-color=\"#000000\" bg-color=\"#dddddd\" aria-required=\"true\" aria-invalid=\"false\" name=\"uacf7_unterschrift\">\n\n\t\t\t<div class=\"signature-pad\" data-field-name=\"uacf7_unterschrift\">\n\t\t\t\t<canvas id=\"uacf7_unterschrift\"\n\t\t\t\t\tdata-field-name=\"uacf7_unterschrift\" width=\"600\"\n\t\t\t\t\theight=\"200\"><\/canvas>\n\t\t\t<\/div>\n\t\t\t<div class=\"control_div\">\n\t\t\t\t<button data-field-name=\"uacf7_unterschrift\"\n\t\t\t\t\tclass=\"clear-button\">Clear<\/button>\n\t\t\t<\/div>\n\n\t\t<\/span>\n\n\t\t <\/label>\n<br><br>\n<div class=\"wpcf7-turnstile cf-turnstile\" data-sitekey=\"0x4AAAAAAB5bJzPTXJB9GgOE\" data-response-field-name=\"_wpcf7_turnstile_response\"><\/div>\n<span id=\"wpcf7-69dc913d6d6b0-wrapper\" class=\"wpcf7-form-control-wrap honeypot-332-wrap\" ><input type=\"hidden\" name=\"honeypot-332-time-start\" value=\"1776062781\"><input type=\"hidden\" name=\"honeypot-332-time-check\" value=\"3\"><label for=\"wpcf7-69dc913d6d6b0-field\" class=\"hp-message\">Veuillez laisser ce champ vide.<\/label><input id=\"wpcf7-69dc913d6d6b0-field\"  class=\"wpcf7-form-control wpcf7-text\" type=\"text\" name=\"honeypot-332\" value=\"\" size=\"40\" tabindex=\"-1\" autocomplete=\"off\" \/><\/span>\n<br><br>\n<input class=\"wpcf7-form-control wpcf7-submit has-spinner\" type=\"submit\" value=\"Envoyer\" \/><\/div><div class=\"wpcf7-response-output\" aria-hidden=\"true\"><\/div>\n<\/form>\n<\/div>\n<\/div>\n<\/div>\n<\/div>\n","protected":false},"excerpt":{"rendered":"<p>L&rsquo;adh\u00e9sion \u00e0 l&rsquo;APE de l&rsquo;ESK pour l&rsquo;ann\u00e9e scolaire 2025\/2026 consiste \u00e0 remplir la demande d&rsquo;adh\u00e9sion ci-dessous et \u00e0 acheter l&rsquo;adh\u00e9sion en m\u00eame temps, en aval.Vous serez automatiquement redirig\u00e9 vers l&rsquo;achat de l&rsquo;adh\u00e9sion apr\u00e8s avoir cliqu\u00e9 sur le bouton \u00ab\u00a0Envoyer\u00a0\u00bb. Si vous n&rsquo;achetez pas l&rsquo;adh\u00e9sion apr\u00e8s avoir rempli la demande d&rsquo;adh\u00e9sion, vous ne pourrez pas acheter <a class=\"read-more-link\" href=\"https:\/\/www.esk-eltern.de\/fr\/demande-dadhesion\/\">Read More<\/a><\/p>\n","protected":false},"author":406,"featured_media":0,"parent":0,"menu_order":100,"comment_status":"closed","ping_status":"closed","template":"","meta":{"inline_featured_image":false,"footnotes":""},"class_list":["post-11674","page","type-page","status-publish","hentry"],"_links":{"self":[{"href":"https:\/\/www.esk-eltern.de\/fr\/wp-json\/wp\/v2\/pages\/11674","targetHints":{"allow":["GET"]}}],"collection":[{"href":"https:\/\/www.esk-eltern.de\/fr\/wp-json\/wp\/v2\/pages"}],"about":[{"href":"https:\/\/www.esk-eltern.de\/fr\/wp-json\/wp\/v2\/types\/page"}],"author":[{"embeddable":true,"href":"https:\/\/www.esk-eltern.de\/fr\/wp-json\/wp\/v2\/users\/406"}],"replies":[{"embeddable":true,"href":"https:\/\/www.esk-eltern.de\/fr\/wp-json\/wp\/v2\/comments?post=11674"}],"version-history":[{"count":9,"href":"https:\/\/www.esk-eltern.de\/fr\/wp-json\/wp\/v2\/pages\/11674\/revisions"}],"predecessor-version":[{"id":13920,"href":"https:\/\/www.esk-eltern.de\/fr\/wp-json\/wp\/v2\/pages\/11674\/revisions\/13920"}],"wp:attachment":[{"href":"https:\/\/www.esk-eltern.de\/fr\/wp-json\/wp\/v2\/media?parent=11674"}],"curies":[{"name":"wp","href":"https:\/\/api.w.org\/{rel}","templated":true}]}}