{"id":13449,"date":"2025-04-26T21:40:44","date_gmt":"2025-04-26T19:40:44","guid":{"rendered":"https:\/\/www.esk-eltern.de\/all-news\/euroboutique\/"},"modified":"2025-04-26T21:40:44","modified_gmt":"2025-04-26T19:40:44","slug":"euroboutique","status":"publish","type":"page","link":"https:\/\/www.esk-eltern.de\/en\/all-news\/euroboutique\/","title":{"rendered":"Euroboutique"},"content":{"rendered":"<ul class=\"wp-block-latest-posts__list has-dates wp-block-latest-posts\"><li><a class=\"wp-block-latest-posts__post-title\" href=\"https:\/\/www.esk-eltern.de\/en\/news\/euroboutique-on-the-open-day-2024\/\">Euroboutique on the Open Day 2024<\/a><time datetime=\"2024-03-08T22:22:35+01:00\" class=\"wp-block-latest-posts__post-date\">08\/03\/2024<\/time><div class=\"wp-block-latest-posts__post-excerpt\">Orders can be collected from the Euroboutique stand in the EDC behind the canteen on the Open Day. The online shop will reopen after the Open Day 2024.<\/div><\/li>\n<li><a class=\"wp-block-latest-posts__post-title\" href=\"https:\/\/www.esk-eltern.de\/en\/news\/order-for-the-open-day-2024\/\">Order for the open day 2024<\/a><time datetime=\"2024-02-27T22:32:53+01:00\" class=\"wp-block-latest-posts__post-date\">27\/02\/2024<\/time><div class=\"wp-block-latest-posts__post-excerpt\">Please order by Tuesday, 05 March 2024 8pm in order to receive the goods before the open day.&#13; Later orders can be picked up at the Euroboutique stand on the open day. To the Euroboutique website<\/div><\/li>\n<li><a class=\"wp-block-latest-posts__post-title\" href=\"https:\/\/www.esk-eltern.de\/en\/news\/innovations-on-the-websites\/\">Innovations on the websites<\/a><time datetime=\"2023-09-04T00:09:16+02:00\" class=\"wp-block-latest-posts__post-date\">04\/09\/2023<\/time><div class=\"wp-block-latest-posts__post-excerpt\">Multilingualism We have also responded to the request to make the information, especially the AA courses, multilingual.The website either recognises your browser language or you can select your language at the top right.Depending on which language setting you use to purchase your membership, you will then also have to purchase the courses in that language <a class=\"read-more-link\" href=\"https:\/\/www.esk-eltern.de\/en\/news\/innovations-on-the-websites\/\">Read More<\/a><\/div><\/li>\n<li><a class=\"wp-block-latest-posts__post-title\" href=\"https:\/\/www.esk-eltern.de\/en\/euroboutique-en\/sweatjacke-grau-mit-logo-pyramide\/\">Sweat Jacket Grey with Logo &#8220;Pyramid&#8221;<\/a><time datetime=\"2023-03-01T22:38:55+01:00\" class=\"wp-block-latest-posts__post-date\">01\/03\/2023<\/time><div class=\"wp-block-latest-posts__post-excerpt\">Sizes: 116 &#8211; 164; Price 33 \u20ac Please order by e-mail: kar-evboutique@partner.eursc.eu<\/div><\/li>\n<li><a class=\"wp-block-latest-posts__post-title\" href=\"https:\/\/www.esk-eltern.de\/en\/euroboutique-en\/basebal-cap-mit-logo-pyramide\/\">Basebal Cap with Logo &#8220;Pyramide&#8221;<\/a><time datetime=\"2023-03-01T22:33:31+01:00\" class=\"wp-block-latest-posts__post-date\">01\/03\/2023<\/time><div class=\"wp-block-latest-posts__post-excerpt\">Grey or european bluePrice: 15\u20ac Please order by e-mail: kar-evboutique@partner.eursc.eu<\/div><\/li>\n<li><a class=\"wp-block-latest-posts__post-title\" href=\"https:\/\/www.esk-eltern.de\/en\/euroboutique\/poloshirt-blau-mit-logo-pyramide\/\">Poloshirt blau mit Logo &#8220;Pyramide&#8221;<\/a><time datetime=\"2022-09-05T20:31:23+02:00\" class=\"wp-block-latest-posts__post-date\">05\/09\/2022<\/time><div class=\"wp-block-latest-posts__post-excerpt\">Gr\u00f6\u00dfen: 104 &#8211; 164; Preis 20 \u20ac Damengr\u00f6\u00dfen: XS &#8211; M Herrengr\u00f6\u00dfen: XS \u2013 XXL; Preis: 23 \u20ac Bestellungen bitte per E-Mail: kar-evboutique@partner.eursc.eu<\/div><\/li>\n<li><a class=\"wp-block-latest-posts__post-title\" href=\"https:\/\/www.esk-eltern.de\/en\/euroboutique\/60-jahre-trinkflasche\/\">* REDUZIERT * 60 &#8211; Jahre Trinkflasche (Grundschule)<\/a><time datetime=\"2022-09-01T18:56:38+02:00\" class=\"wp-block-latest-posts__post-date\">01\/09\/2022<\/time><div class=\"wp-block-latest-posts__post-excerpt\">Preis alt 7\u20ac &#8211; neu 4\u20ac E-Mail: kar-evboutique@partner.eursc.eu<\/div><\/li>\n<li><a class=\"wp-block-latest-posts__post-title\" href=\"https:\/\/www.esk-eltern.de\/en\/euroboutique-en\/polo-shirts-se-logo-discontinued-model\/\">Polo-Shirts SE Logo &#8211; Discontinued model<\/a><time datetime=\"2022-06-01T20:13:18+02:00\" class=\"wp-block-latest-posts__post-date\">01\/06\/2022<\/time><div class=\"wp-block-latest-posts__post-excerpt\">Color white Children&#8217;s sizes Adult sizes 92 S 104 M 116 L 140 XL 152 Prizes Children 15 EUR Adults 18 EUR Please order by e-mail: kar-evboutique@partner.eursc.eu<\/div><\/li>\n<li><a class=\"wp-block-latest-posts__post-title\" href=\"https:\/\/www.esk-eltern.de\/en\/euroboutique-en\/60-jahre-schule-t-shirt-grundschule\/\">* REDUCES * 60 &#8211; Jahre Schule T-Shirt (Grundschule)<\/a><time datetime=\"2022-05-25T17:20:12+02:00\" class=\"wp-block-latest-posts__post-date\">25\/05\/2022<\/time><div class=\"wp-block-latest-posts__post-excerpt\">still available: Children: 128 and164 , price old 14\u20ac &#8211; new 10\u20ac Adults: S (ladies), L (men), price old 17\u20ac &#8211; new 14\u20ac Please order by e-mail: kar-evboutique@partner.eursc.eu<\/div><\/li>\n<li><a class=\"wp-block-latest-posts__post-title\" href=\"https:\/\/www.esk-eltern.de\/en\/euroboutique-en\/kapuzenpulli_2022_se-logo\/\">Hoodies SE-Logo &#8211; Discontinued model<\/a><time datetime=\"2022-05-25T17:11:58+02:00\" class=\"wp-block-latest-posts__post-date\">25\/05\/2022<\/time><div class=\"wp-block-latest-posts__post-excerpt\">Colors Sizes Yellow 128 Rose 116 Light grey S, M White L,M \u00e9puis\u00e9 Anthrazit M, L, 140, 164,128 \u00e9puis\u00e9 Light blue clair (w\/o Ill.) M, XL \u00e9puis\u00e9 Prizes Kids 25 EUR Adults 30 EUR Please order by e-mail: kar-evboutique@partner.eursc.eu<\/div><\/li>\n<\/ul>","protected":false},"excerpt":{"rendered":"","protected":false},"author":406,"featured_media":0,"parent":9309,"menu_order":115,"comment_status":"closed","ping_status":"closed","template":"","meta":{"inline_featured_image":false,"footnotes":""},"class_list":["post-13449","page","type-page","status-publish","hentry"],"_links":{"self":[{"href":"https:\/\/www.esk-eltern.de\/en\/wp-json\/wp\/v2\/pages\/13449","targetHints":{"allow":["GET"]}}],"collection":[{"href":"https:\/\/www.esk-eltern.de\/en\/wp-json\/wp\/v2\/pages"}],"about":[{"href":"https:\/\/www.esk-eltern.de\/en\/wp-json\/wp\/v2\/types\/page"}],"author":[{"embeddable":true,"href":"https:\/\/www.esk-eltern.de\/en\/wp-json\/wp\/v2\/users\/406"}],"replies":[{"embeddable":true,"href":"https:\/\/www.esk-eltern.de\/en\/wp-json\/wp\/v2\/comments?post=13449"}],"version-history":[{"count":1,"href":"https:\/\/www.esk-eltern.de\/en\/wp-json\/wp\/v2\/pages\/13449\/revisions"}],"predecessor-version":[{"id":13450,"href":"https:\/\/www.esk-eltern.de\/en\/wp-json\/wp\/v2\/pages\/13449\/revisions\/13450"}],"up":[{"embeddable":true,"href":"https:\/\/www.esk-eltern.de\/en\/wp-json\/wp\/v2\/pages\/9309"}],"wp:attachment":[{"href":"https:\/\/www.esk-eltern.de\/en\/wp-json\/wp\/v2\/media?parent=13449"}],"curies":[{"name":"wp","href":"https:\/\/api.w.org\/{rel}","templated":true}]}}