{"id":5650,"date":"2023-09-23T17:27:18","date_gmt":"2023-09-23T15:27:18","guid":{"rendered":"https:\/\/www.esk-eltern.de\/?post_type=product&#038;p=5650"},"modified":"2025-09-24T14:33:52","modified_gmt":"2025-09-24T12:33:52","slug":"musik-1","status":"publish","type":"product","link":"https:\/\/www.esk-eltern.de\/de\/produkt\/musik-1\/","title":{"rendered":"Musik 1"},"content":{"rendered":"<p><strong>Musikalische Fr\u00fcherziehung f\u00fcr Kindergarten\u00a0<\/strong><\/p>\n<p><span data-contrast=\"auto\">Kinder lieben Musik und das Entdecken und Ausdr\u00fccken mit Musik ist ein wichtiges Grundbed\u00fcrfnis in ihrer Entwicklung. In der Musikalischen Fr\u00fcherziehung wird der musikalische Ausdruck gef\u00f6rdert und die Kinder k\u00f6nnen spielerisch den Klang ihrer Stimme, die Erzeugung von Klang auf verschiedenen Instrumenten und die Bewegung zu Musik entdecken und erfahren. Einzigartige Erlebnisse des H\u00f6rens, Sehens, F\u00fchlens und der Bewegung zu Musik f\u00f6rdern die allgemeine und musikalische Wahrnehmungsf\u00e4higkeit. Damit werden Grundsteine zur Entwicklung und Entdeckung der Musikalit\u00e4t des Kindes gelegt. Und dar\u00fcber hinaus die pers\u00f6nliche, emotionale, sensomotorische und soziale Entwicklung gef\u00f6rdert.<\/span><span data-ccp-props=\"{&quot;134233117&quot;:false,&quot;134233118&quot;:false,&quot;201341983&quot;:0,&quot;335551550&quot;:6,&quot;335551620&quot;:6,&quot;335559685&quot;:0,&quot;335559737&quot;:0,&quot;335559738&quot;:0,&quot;335559739&quot;:0,&quot;335559740&quot;:240}\">\u00a0<\/span><\/p>\n<p><span data-contrast=\"auto\">Preis: 250 Euro f\u00fcr 9 Monate von Oktober bis Ende Juni, in einer \u00dcberweisung f\u00fcr den gesamten Kurs direkt zur Musikinsel. Buchung direkt bei <a href=\"mailto:christian_bleier@gmx.net\">christian_bleier@gmx.net<\/a>\u00a0<\/span><\/p>\n","protected":false},"excerpt":{"rendered":"<p><span class=\"TextRun SCXW70815144 BCX4\" lang=\"EN-GB\" xml:lang=\"EN-GB\" data-contrast=\"auto\"><span class=\"NormalTextRun SCXW70815144 BCX4\" data-ccp-parastyle=\"No Spacing\">Musikalische<\/span> <span class=\"NormalTextRun SCXW70815144 BCX4\" data-ccp-parastyle=\"No Spacing\">Fr\u00fcherziehung<\/span><span class=\"NormalTextRun SCXW70815144 BCX4\" data-ccp-parastyle=\"No Spacing\"> f\u00fcr Kindergarten<\/span><\/span><span class=\"EOP SCXW70815144 BCX4\" data-ccp-props=\"{&quot;201341983&quot;:0,&quot;335559739&quot;:0,&quot;335559740&quot;:240}\">\u00a0<\/span><\/p>\n<p><span data-contrast=\"auto\">Min 7 Kinder<\/span><span data-ccp-props=\"{&quot;201341983&quot;:0,&quot;335559739&quot;:0,&quot;335559740&quot;:240}\">\u00a0<\/span><\/p>\n<p>&nbsp;<\/p>\n<p>&nbsp;<\/p>\n<p>&nbsp;<\/p>\n","protected":false},"featured_media":13586,"template":"","meta":{"inline_featured_image":false},"product_brand":[],"product_cat":[561,211],"product_tag":[],"class_list":{"0":"post-5650","1":"product","2":"type-product","3":"status-publish","4":"has-post-thumbnail","6":"product_cat-aa","7":"product_cat-musik","8":"pa_class-kg","9":"pa_instructor-christian-bleier","10":"pa_weekday-montag","12":"first","13":"instock","14":"featured","15":"shipping-taxable","16":"product-type-external"},"_links":{"self":[{"href":"https:\/\/www.esk-eltern.de\/de\/wp-json\/wp\/v2\/product\/5650","targetHints":{"allow":["GET"]}}],"collection":[{"href":"https:\/\/www.esk-eltern.de\/de\/wp-json\/wp\/v2\/product"}],"about":[{"href":"https:\/\/www.esk-eltern.de\/de\/wp-json\/wp\/v2\/types\/product"}],"wp:featuredmedia":[{"embeddable":true,"href":"https:\/\/www.esk-eltern.de\/de\/wp-json\/wp\/v2\/media\/13586"}],"wp:attachment":[{"href":"https:\/\/www.esk-eltern.de\/de\/wp-json\/wp\/v2\/media?parent=5650"}],"wp:term":[{"taxonomy":"product_brand","embeddable":true,"href":"https:\/\/www.esk-eltern.de\/de\/wp-json\/wp\/v2\/product_brand?post=5650"},{"taxonomy":"product_cat","embeddable":true,"href":"https:\/\/www.esk-eltern.de\/de\/wp-json\/wp\/v2\/product_cat?post=5650"},{"taxonomy":"product_tag","embeddable":true,"href":"https:\/\/www.esk-eltern.de\/de\/wp-json\/wp\/v2\/product_tag?post=5650"}],"curies":[{"name":"wp","href":"https:\/\/api.w.org\/{rel}","templated":true}]}}