{"id":5604,"date":"2023-09-24T10:12:50","date_gmt":"2023-09-24T08:12:50","guid":{"rendered":"https:\/\/www.esk-eltern.de\/?post_type=product&#038;p=5604"},"modified":"2025-10-06T08:15:07","modified_gmt":"2025-10-06T06:15:07","slug":"ballett-1","status":"publish","type":"product","link":"https:\/\/www.esk-eltern.de\/de\/produkt\/ballett-1\/","title":{"rendered":"Ballett 1"},"content":{"rendered":"<p>Ab der zweiten Septemberwoche bis zum Ende des Schuljahres<\/p>\n<p>Der Kurs findet freitags von 12.30 &#8211; 13.40 Uhr statt.<br \/>\nInfos und Anmeldung direkt bei Frau Boiral unter info@balletschule-db.de<br \/>\nBitte informieren Sie die Klassenlehrer bzw. die MoMi, dass Ihr Kind an diesem Kurs teilnimmt!<br \/>\nBitte kaufen Sie f\u00fcr diesen Kurs eine Mitgliedschaft in der Elternvereinigung.<\/p>\n<p>Ballettschule Delphine Boiral<br \/>\nDie Sch\u00fcler von heute sind die Stars von morgen. Sch\u00f6nheit kommt nicht leicht. Genauigkeit kann nicht schnell gewonnen werden. In der Schule st\u00e4rken wir nicht nur die Beine und Arme, sondern auch den Geist unserer Sch\u00fcler, ebenso lernen sie in der Ballettklasse die Belohnung f\u00fcr die regelm\u00e4\u00dfige und schwere Arbeit.<\/p>\n<p>Ich biete an:<br \/>\n\u2022 Die M\u00f6glichkeit f\u00fcr alle Kinder ab sechs Jahren das Ballett f\u00fcr sich zu entdecken.<br \/>\n\u2022 Eine Ausbildung in klassischer Balletttechnik nach franz\u00f6sischer Schule auf ein gutes Amateurniveau und die Vermittlung von allgemeinem Ballettkulturwissen.<br \/>\n\u2022 Die F\u00f6rderung von Selbstbewusstsein und Selbstvertrauen.<\/p>\n<p>In den Kursen Ballett 1-2 wird mit der Arbeit an der Stange begonnen, und die Grundlagen der klassischen Technik werden gelernt. In dieser Stufe werden die \u00dcbungen im Wechsel mit Spielen angeboten.<\/p>\n<p>\u00dcber mich:<br \/>\nIch bin in Frankreich geboren und habe im Konservatorium in Besan\u00e7on, Ballett studiert. Ab 1993 tanzte ich in Paris, Cannes und Troyes. Ab 1995 arbeitete ich am Pfalztheater in Kaiserslautern, dann beim Euregio Tanz Forum (Niederlande) und am Tiroler Landestheater in Innsbruck.<br \/>\nSeit 2000 habe ich Ballett an verschieden Schulen in Baden-W\u00fcrttemberg gelehrt. 2002 er\u00f6ffnete ich meine eigene Ballettschule in Neulingen, sp\u00e4ter dann in Karlsruhe. Seit 2009 unterrichte ich Ballett an der Europ\u00e4ischen Schule Karlsruhe und seit 2013 bin ich die Ballettlehrerin der Ecole des arts de Wissembourg (Frankreich).<\/p>\n","protected":false},"excerpt":{"rendered":"<p><span style=\"color: #ff0000\">&#8212; externer Kurs &#8212;<\/span><\/p>\n<p>Klassisches Ballett, franz. Schule: die Grundlage des Balletts und anderer Tanztechniken<\/p>\n<p>&nbsp;<\/p>\n","protected":false},"featured_media":11887,"template":"","meta":{"inline_featured_image":false},"product_brand":[],"product_cat":[561,99],"product_tag":[],"class_list":{"0":"post-5604","1":"product","2":"type-product","3":"status-publish","4":"has-post-thumbnail","6":"product_cat-aa","7":"product_cat-sport","8":"pa_class-p1","9":"pa_class-p2","10":"pa_instructor-frau-delphine-boiral","11":"pa_weekday-freitag","13":"first","14":"instock","15":"shipping-taxable","16":"product-type-external"},"_links":{"self":[{"href":"https:\/\/www.esk-eltern.de\/de\/wp-json\/wp\/v2\/product\/5604","targetHints":{"allow":["GET"]}}],"collection":[{"href":"https:\/\/www.esk-eltern.de\/de\/wp-json\/wp\/v2\/product"}],"about":[{"href":"https:\/\/www.esk-eltern.de\/de\/wp-json\/wp\/v2\/types\/product"}],"wp:featuredmedia":[{"embeddable":true,"href":"https:\/\/www.esk-eltern.de\/de\/wp-json\/wp\/v2\/media\/11887"}],"wp:attachment":[{"href":"https:\/\/www.esk-eltern.de\/de\/wp-json\/wp\/v2\/media?parent=5604"}],"wp:term":[{"taxonomy":"product_brand","embeddable":true,"href":"https:\/\/www.esk-eltern.de\/de\/wp-json\/wp\/v2\/product_brand?post=5604"},{"taxonomy":"product_cat","embeddable":true,"href":"https:\/\/www.esk-eltern.de\/de\/wp-json\/wp\/v2\/product_cat?post=5604"},{"taxonomy":"product_tag","embeddable":true,"href":"https:\/\/www.esk-eltern.de\/de\/wp-json\/wp\/v2\/product_tag?post=5604"}],"curies":[{"name":"wp","href":"https:\/\/api.w.org\/{rel}","templated":true}]}}