{"id":1706,"date":"2023-09-24T10:12:53","date_gmt":"2023-09-24T08:12:53","guid":{"rendered":"https:\/\/www.esk-eltern.de\/?post_type=product&#038;p=1706"},"modified":"2025-09-24T14:52:55","modified_gmt":"2025-09-24T12:52:55","slug":"better-englisch-lessons","status":"publish","type":"product","link":"https:\/\/www.esk-eltern.de\/de\/produkt\/better-englisch-lessons\/","title":{"rendered":"Better English Lessons"},"content":{"rendered":"<p>Ab 3.9.25 bis zum Ende des Schuljahres<\/p>\n<p>Wir bieten gezielten 1-zu-1-Unterricht f\u00fcr absolute Anf\u00e4nger und f\u00fcr Kinder, die ihre sprachlichen F\u00e4higkeiten weiter ausbauen oder verfeinern m\u00fcssen. Unabh\u00e4ngig davon, ob Ihr Kind in der englischen, deutschen oder franz\u00f6sischen Abteilung ist, k\u00f6nnen wir es beim Erlernen und Verbessern der englischen Sprache unterst\u00fctzen.<br \/>\nBitte kontaktieren Sie Mr. Johnson per E-Mail: better-english@t-online.de<br \/>\nBitte kaufen Sie f\u00fcr diesen Kurs eine Mitgliedschaft in der Elternvereinigung.<\/p>\n","protected":false},"excerpt":{"rendered":"<p><span style=\"color: #ff0000\">&#8212; externer Kurs &#8212;<\/span><\/p>\n<p>Einzelunterricht durch einen englischen Muttersprachler, um Kinder beim Erwerb und der Entwicklung der englischen Sprache zu unterst\u00fctzen<\/p>\n","protected":false},"featured_media":12045,"template":"","meta":{"inline_featured_image":false},"product_brand":[],"product_cat":[561,127],"product_tag":[],"class_list":{"0":"post-1706","1":"product","2":"type-product","3":"status-publish","4":"has-post-thumbnail","6":"product_cat-aa","7":"product_cat-sprache","8":"pa_class-kg","9":"pa_class-p1","10":"pa_class-p2","11":"pa_class-p4","12":"pa_class-p5","13":"pa_class-p3","14":"pa_class-s1","15":"pa_class-s2","16":"pa_class-s3","17":"pa_class-s4","18":"pa_class-s5","19":"pa_class-s6","20":"pa_class-s7","21":"pa_instructor-mr-mark-johnson","22":"pa_weekday-nach-absprache","24":"first","25":"instock","26":"product-type-external"},"_links":{"self":[{"href":"https:\/\/www.esk-eltern.de\/de\/wp-json\/wp\/v2\/product\/1706","targetHints":{"allow":["GET"]}}],"collection":[{"href":"https:\/\/www.esk-eltern.de\/de\/wp-json\/wp\/v2\/product"}],"about":[{"href":"https:\/\/www.esk-eltern.de\/de\/wp-json\/wp\/v2\/types\/product"}],"wp:featuredmedia":[{"embeddable":true,"href":"https:\/\/www.esk-eltern.de\/de\/wp-json\/wp\/v2\/media\/12045"}],"wp:attachment":[{"href":"https:\/\/www.esk-eltern.de\/de\/wp-json\/wp\/v2\/media?parent=1706"}],"wp:term":[{"taxonomy":"product_brand","embeddable":true,"href":"https:\/\/www.esk-eltern.de\/de\/wp-json\/wp\/v2\/product_brand?post=1706"},{"taxonomy":"product_cat","embeddable":true,"href":"https:\/\/www.esk-eltern.de\/de\/wp-json\/wp\/v2\/product_cat?post=1706"},{"taxonomy":"product_tag","embeddable":true,"href":"https:\/\/www.esk-eltern.de\/de\/wp-json\/wp\/v2\/product_tag?post=1706"}],"curies":[{"name":"wp","href":"https:\/\/api.w.org\/{rel}","templated":true}]}}