{"id":1650,"date":"2024-02-03T16:00:27","date_gmt":"2024-02-03T15:00:27","guid":{"rendered":"https:\/\/www.esk-eltern.de\/?post_type=product&#038;p=1650"},"modified":"2026-02-08T12:18:29","modified_gmt":"2026-02-08T11:18:29","slug":"fussball-1","status":"publish","type":"product","link":"https:\/\/www.esk-eltern.de\/de\/produkt\/fussball-1\/","title":{"rendered":"Fu\u00dfball 1"},"content":{"rendered":"","protected":false},"excerpt":{"rendered":"<p>Fu\u00dfball f\u00fcr Jungs und M\u00e4dchen<\/p>\n","protected":false},"featured_media":12061,"template":"","meta":{"inline_featured_image":false},"product_brand":[],"product_cat":[561,99],"product_tag":[],"class_list":{"0":"post-1650","1":"product","2":"type-product","3":"status-publish","4":"has-post-thumbnail","6":"product_cat-aa","7":"product_cat-sport","8":"pa_class-p1","9":"pa_class-p2","10":"pa_instructor-djamil-schandruk-und-lorenzo-palumbo","11":"pa_weekday-donnerstag","13":"first","14":"instock","15":"virtual","16":"purchasable","17":"product-type-simple"},"_links":{"self":[{"href":"https:\/\/www.esk-eltern.de\/de\/wp-json\/wp\/v2\/product\/1650","targetHints":{"allow":["GET"]}}],"collection":[{"href":"https:\/\/www.esk-eltern.de\/de\/wp-json\/wp\/v2\/product"}],"about":[{"href":"https:\/\/www.esk-eltern.de\/de\/wp-json\/wp\/v2\/types\/product"}],"wp:featuredmedia":[{"embeddable":true,"href":"https:\/\/www.esk-eltern.de\/de\/wp-json\/wp\/v2\/media\/12061"}],"wp:attachment":[{"href":"https:\/\/www.esk-eltern.de\/de\/wp-json\/wp\/v2\/media?parent=1650"}],"wp:term":[{"taxonomy":"product_brand","embeddable":true,"href":"https:\/\/www.esk-eltern.de\/de\/wp-json\/wp\/v2\/product_brand?post=1650"},{"taxonomy":"product_cat","embeddable":true,"href":"https:\/\/www.esk-eltern.de\/de\/wp-json\/wp\/v2\/product_cat?post=1650"},{"taxonomy":"product_tag","embeddable":true,"href":"https:\/\/www.esk-eltern.de\/de\/wp-json\/wp\/v2\/product_tag?post=1650"}],"curies":[{"name":"wp","href":"https:\/\/api.w.org\/{rel}","templated":true}]}}