{"id":1649,"date":"2024-02-03T16:00:28","date_gmt":"2024-02-03T15:00:28","guid":{"rendered":"https:\/\/www.esk-eltern.de\/?post_type=product&#038;p=1649"},"modified":"2026-02-08T19:07:22","modified_gmt":"2026-02-08T18:07:22","slug":"fussball-2","status":"publish","type":"product","link":"https:\/\/www.esk-eltern.de\/de\/produkt\/fussball-2\/","title":{"rendered":"Fu\u00dfball 2"},"content":{"rendered":"","protected":false},"excerpt":{"rendered":"<p>In diesem Kurs sollen die Kinder die Grundlagen des Fu\u00dfballspiels kennenlernen und dabei auch den Spa\u00df des Fu\u00dfballspiels erleben<\/p>\n","protected":false},"featured_media":12066,"template":"","meta":{"inline_featured_image":false},"product_brand":[],"product_cat":[561,99],"product_tag":[],"class_list":{"0":"post-1649","1":"product","2":"type-product","3":"status-publish","4":"has-post-thumbnail","6":"product_cat-aa","7":"product_cat-sport","8":"pa_class-p4","9":"pa_class-p5","10":"pa_class-p3","11":"pa_class-s1","12":"pa_instructor-asv-hagsfeld-1907-e-v","13":"pa_weekday-donnerstag","15":"first","16":"instock","17":"virtual","18":"purchasable","19":"product-type-simple"},"_links":{"self":[{"href":"https:\/\/www.esk-eltern.de\/de\/wp-json\/wp\/v2\/product\/1649","targetHints":{"allow":["GET"]}}],"collection":[{"href":"https:\/\/www.esk-eltern.de\/de\/wp-json\/wp\/v2\/product"}],"about":[{"href":"https:\/\/www.esk-eltern.de\/de\/wp-json\/wp\/v2\/types\/product"}],"wp:featuredmedia":[{"embeddable":true,"href":"https:\/\/www.esk-eltern.de\/de\/wp-json\/wp\/v2\/media\/12066"}],"wp:attachment":[{"href":"https:\/\/www.esk-eltern.de\/de\/wp-json\/wp\/v2\/media?parent=1649"}],"wp:term":[{"taxonomy":"product_brand","embeddable":true,"href":"https:\/\/www.esk-eltern.de\/de\/wp-json\/wp\/v2\/product_brand?post=1649"},{"taxonomy":"product_cat","embeddable":true,"href":"https:\/\/www.esk-eltern.de\/de\/wp-json\/wp\/v2\/product_cat?post=1649"},{"taxonomy":"product_tag","embeddable":true,"href":"https:\/\/www.esk-eltern.de\/de\/wp-json\/wp\/v2\/product_tag?post=1649"}],"curies":[{"name":"wp","href":"https:\/\/api.w.org\/{rel}","templated":true}]}}