{"id":1630,"date":"2018-09-10T16:03:03","date_gmt":"2018-09-10T14:03:03","guid":{"rendered":"https:\/\/www.esk-eltern.de\/?post_type=product&#038;p=1630"},"modified":"2026-02-08T12:19:26","modified_gmt":"2026-02-08T11:19:26","slug":"basketballos","status":"publish","type":"product","link":"https:\/\/www.esk-eltern.de\/de\/produkt\/basketballos\/","title":{"rendered":"Basketball OS (U14 u U16)"},"content":{"rendered":"","protected":false},"excerpt":{"rendered":"<p>Anf\u00e4nger und Fortgeschrittene F\u00e4higkeiten und alle Aspekte des Basketballsports f\u00fcr Sch\u00fcler der Oberschule\u00a0(U14-U18; 2013 und \u00e4lter)<\/p>\n","protected":false},"featured_media":12055,"template":"","meta":{"inline_featured_image":false},"product_brand":[],"product_cat":[561,99],"product_tag":[],"class_list":{"0":"post-1630","1":"product","2":"type-product","3":"status-publish","4":"has-post-thumbnail","6":"product_cat-aa","7":"product_cat-sport","8":"pa_class-os","9":"pa_instructor-psk-lions","10":"pa_weekday-dienstag","12":"first","13":"instock","14":"virtual","15":"purchasable","16":"product-type-simple"},"_links":{"self":[{"href":"https:\/\/www.esk-eltern.de\/de\/wp-json\/wp\/v2\/product\/1630","targetHints":{"allow":["GET"]}}],"collection":[{"href":"https:\/\/www.esk-eltern.de\/de\/wp-json\/wp\/v2\/product"}],"about":[{"href":"https:\/\/www.esk-eltern.de\/de\/wp-json\/wp\/v2\/types\/product"}],"wp:featuredmedia":[{"embeddable":true,"href":"https:\/\/www.esk-eltern.de\/de\/wp-json\/wp\/v2\/media\/12055"}],"wp:attachment":[{"href":"https:\/\/www.esk-eltern.de\/de\/wp-json\/wp\/v2\/media?parent=1630"}],"wp:term":[{"taxonomy":"product_brand","embeddable":true,"href":"https:\/\/www.esk-eltern.de\/de\/wp-json\/wp\/v2\/product_brand?post=1630"},{"taxonomy":"product_cat","embeddable":true,"href":"https:\/\/www.esk-eltern.de\/de\/wp-json\/wp\/v2\/product_cat?post=1630"},{"taxonomy":"product_tag","embeddable":true,"href":"https:\/\/www.esk-eltern.de\/de\/wp-json\/wp\/v2\/product_tag?post=1630"}],"curies":[{"name":"wp","href":"https:\/\/api.w.org\/{rel}","templated":true}]}}