{"id":13552,"date":"2025-07-28T08:31:27","date_gmt":"2025-07-28T06:31:27","guid":{"rendered":"https:\/\/www.esk-eltern.de\/?post_type=product&#038;p=13552"},"modified":"2026-03-18T09:33:18","modified_gmt":"2026-03-18T08:33:18","slug":"zkm","status":"publish","type":"product","link":"https:\/\/www.esk-eltern.de\/de\/produkt\/zkm\/","title":{"rendered":"ZKM &#8211; Media, Art, Technology"},"content":{"rendered":"<p><strong>Freitags, 14-16.30 Uhr\u00a0<\/strong><span data-ccp-props=\"{&quot;201341983&quot;:0,&quot;335559739&quot;:0,&quot;335559740&quot;:240}\">\u00a0<\/span><\/p>\n<p><span data-contrast=\"auto\">Standort: im ZKM-Museum, die Sch\u00fcler m\u00fcssen das Museum selbst\u00e4ndig erreichen.<\/span><span data-ccp-props=\"{&quot;201341983&quot;:0,&quot;335559739&quot;:0,&quot;335559740&quot;:240}\">\u00a0<\/span><\/p>\n<p><span data-contrast=\"auto\">Alter: GS 5 bis OS 3<\/span><span data-ccp-props=\"{&quot;201341983&quot;:0,&quot;335559739&quot;:0,&quot;335559740&quot;:240}\">\u00a0<\/span><\/p>\n<p><span data-contrast=\"auto\">max. 15 Teilnehmer:innen<\/span><span data-ccp-props=\"{&quot;201341983&quot;:0,&quot;335559739&quot;:0,&quot;335559740&quot;:240}\"> (mind. 9 TN)<\/span><\/p>\n<p><span data-contrast=\"auto\">Sprache: Deutsch\/Englisch<\/span><span data-ccp-props=\"{&quot;201341983&quot;:0,&quot;335559739&quot;:0,&quot;335559740&quot;:240}\">\u00a0<\/span><\/p>\n<p><span data-contrast=\"auto\">Preis mind. 100 Euro\u00a0<\/span><\/p>\n<p style=\"font-weight: 400\"><strong>Mitgliedschaft in der EVAA notwendig!<\/strong><\/p>\n<p><span data-contrast=\"auto\">Bezahlung vor dem ersten Termin, vor Ort (bar oder Karte) <\/span><span data-contrast=\"auto\">direkt im Foyer des ZKM Museums<\/span><span data-ccp-props=\"{&quot;201341983&quot;:0,&quot;335559739&quot;:0,&quot;335559740&quot;:240}\">\u00a0<\/span><\/p>\n<p style=\"font-weight: 400\"><strong>Anmeldungen an Ulrich Steinberg, workshops@zkm.de<\/strong><\/p>\n<p><strong>Die Teilnahme am ersten ZKM-Kurs 2025\/26 wird nicht vorausgesetzt<\/strong><\/p>\n<div class=\"\" data-olk-copy-source=\"MessageBody\">20.03. Bau deinen eigenen Roboter, mit Cornelius Klas<\/div>\n<div class=\"\">24.04. Experimentiert mit einem echten KUKA-Roboter!, mit Martina Haitz<\/div>\n<div class=\"\">22.5. Programmieren mit Lego Mindstorms, mit Carmen Beckenbach<\/div>\n<div class=\"\">12.06. Coding: Calliope und Sonic Pi, mit Michael Vierling<\/div>\n<p style=\"font-weight: 400\"><strong>Coding: Calliope und Sonic Pi\u00a0<\/strong><br \/>\nUm Roboter zu steuern, m\u00fcssen wir programmieren k\u00f6nnen! In diesem Workshop bieten wir euch einen Einstieg ins Coding: Die Experimentierplatine Calliope mini l\u00e4sst euch spielerisch technologisches Wissen und IT-Praxis erforschen. Fortgeschrittene k\u00f6nnen mit der Freeware Sonic Pi ins Live Coding eintauchen und Musik produzieren.<\/p>\n<p style=\"font-weight: 400\"><strong>Experimentiert mit einem echten KUKA-Roboter!\u00a0<\/strong><\/p>\n<p style=\"font-weight: 400\">Heute arbeiten wir mit einem richtigen Industrieroboter. Martina von der K\u00fcnstler:innen-Gruppe robotlab (<a href=\"https:\/\/www.robotlab.de\/\">https:\/\/www.robotlab.de\/<\/a>)l\u00e4sst euch hinter die Kulissen blicken und zeigt euch, wie sie ihre Roboter dazubringt, Bilder zu zeichnen oder Texte zu schreiben.<\/p>\n<p style=\"font-weight: 400\"><strong>Programmieren mit Lego Minstorms\u00a0<\/strong><\/p>\n<p style=\"font-weight: 400\">Wie werden Roboter programmiert, wie k\u00f6nnen sie ihr Umfeld wahrnehmen oder darauf reagieren? Wir tasten uns mit der Lego Mindstorms Software an die Programmierung von Robotern heran. Dabei stehen uns eine Menge Sensoren und Bauteile zur Verf\u00fcgung, um den kleinen Maschinen beispielsweise das Malen oder auch Tanzen \u00bbbeizubringen\u00ab.<\/p>\n<p style=\"font-weight: 400\"><strong>Bau deinen eigenen Roboter\u00a0<\/strong><\/p>\n<p style=\"font-weight: 400\">In diesem Workshop baut Ihr euch einen eigenen kleinen Roboter: Ihr \u00fcberlegt euch Bewegungsm\u00f6glichkeiten,\u00a0konstruiert die Mechanik\u00a0und gestaltet mit den unterschiedlichsten Materialien einen kreativen K\u00f6rper f\u00fcr eure Maschine. Wir l\u00f6ten, kleben, malen \u2013 und am Ende k\u00f6nnt Ihr eure Erfindung mit nach Hause nehmen!<\/p>\n<p style=\"font-weight: 400\"><img loading=\"lazy\" decoding=\"async\" class=\"alignnone size-medium wp-image-15345\" src=\"https:\/\/www.esk-eltern.de\/wp-content\/uploads\/2025\/07\/robotlab_thebigpicture_2014-498x329.jpg\" alt=\"\" width=\"498\" height=\"329\" srcset=\"https:\/\/www.esk-eltern.de\/wp-content\/uploads\/2025\/07\/robotlab_thebigpicture_2014-498x329.jpg 498w, https:\/\/www.esk-eltern.de\/wp-content\/uploads\/2025\/07\/robotlab_thebigpicture_2014-666x440.jpg 666w, https:\/\/www.esk-eltern.de\/wp-content\/uploads\/2025\/07\/robotlab_thebigpicture_2014-768x507.jpg 768w, https:\/\/www.esk-eltern.de\/wp-content\/uploads\/2025\/07\/robotlab_thebigpicture_2014-600x396.jpg 600w, https:\/\/www.esk-eltern.de\/wp-content\/uploads\/2025\/07\/robotlab_thebigpicture_2014.jpg 1232w\" sizes=\"auto, (max-width: 498px) 100vw, 498px\" \/><\/p>\n<p><span data-olk-copy-source=\"MessageBody\">Credits: \u00a9 Robotlab<\/span><\/p>\n","protected":false},"excerpt":{"rendered":"<p><span class=\"TextRun SCXW75556177 BCX4\" lang=\"EN-GB\" xml:lang=\"EN-GB\" data-contrast=\"none\"><span class=\"NormalTextRun SCXW75556177 BCX4\"><span class=\"NormalTextRun SpellingErrorV2Themed SpellingErrorHighlight SCXW157691729 BCX4\" data-ccp-parastyle=\"No Spacing\">externer<\/span><span class=\"NormalTextRun SCXW157691729 BCX4\" data-ccp-parastyle=\"No Spacing\"> Kurs <\/span><\/span><\/span><\/p>\n<p><span class=\"TextRun SCXW234586838 BCX4\" lang=\"EN-GB\" xml:lang=\"EN-GB\" data-contrast=\"auto\"><span class=\"NormalTextRun SCXW234586838 BCX4\">ZKM &#8211; Medien, Kunst &amp; Technik \u2013 Der <\/span><span class=\"NormalTextRun SpellingErrorV2Themed SpellingErrorHighlight SCXW234586838 BCX4\">Nachmittagskurs<\/span><span class=\"NormalTextRun SCXW234586838 BCX4\">\u00a0<\/span><\/span><span class=\"EOP SCXW234586838 BCX4\" data-ccp-props=\"{&quot;201341983&quot;:0,&quot;335559739&quot;:0,&quot;335559740&quot;:240}\">\u00a0<\/span><\/p>\n<p><span data-contrast=\"auto\">Anmeldungen an Ulrich Steinberg, <\/span><a href=\"mailto:workshops@zkm.de\"><span data-contrast=\"auto\">workshops@zkm.de<\/span><\/a><span data-ccp-props=\"{&quot;201341983&quot;:0,&quot;335559739&quot;:0,&quot;335559740&quot;:240}\">\u00a0<\/span><\/p>\n<p>&nbsp;<\/p>\n","protected":false},"featured_media":13555,"template":"","meta":{"inline_featured_image":false},"product_brand":[],"product_cat":[561,176,93],"product_tag":[],"class_list":{"0":"post-13552","1":"product","2":"type-product","3":"status-publish","4":"has-post-thumbnail","6":"product_cat-aa","7":"product_cat-kunst","8":"product_cat-computer","9":"pa_weekday-freitag","11":"first","12":"instock","13":"shipping-taxable","14":"product-type-external"},"_links":{"self":[{"href":"https:\/\/www.esk-eltern.de\/de\/wp-json\/wp\/v2\/product\/13552","targetHints":{"allow":["GET"]}}],"collection":[{"href":"https:\/\/www.esk-eltern.de\/de\/wp-json\/wp\/v2\/product"}],"about":[{"href":"https:\/\/www.esk-eltern.de\/de\/wp-json\/wp\/v2\/types\/product"}],"wp:featuredmedia":[{"embeddable":true,"href":"https:\/\/www.esk-eltern.de\/de\/wp-json\/wp\/v2\/media\/13555"}],"wp:attachment":[{"href":"https:\/\/www.esk-eltern.de\/de\/wp-json\/wp\/v2\/media?parent=13552"}],"wp:term":[{"taxonomy":"product_brand","embeddable":true,"href":"https:\/\/www.esk-eltern.de\/de\/wp-json\/wp\/v2\/product_brand?post=13552"},{"taxonomy":"product_cat","embeddable":true,"href":"https:\/\/www.esk-eltern.de\/de\/wp-json\/wp\/v2\/product_cat?post=13552"},{"taxonomy":"product_tag","embeddable":true,"href":"https:\/\/www.esk-eltern.de\/de\/wp-json\/wp\/v2\/product_tag?post=13552"}],"curies":[{"name":"wp","href":"https:\/\/api.w.org\/{rel}","templated":true}]}}