{"id":12069,"date":"2024-09-09T10:20:02","date_gmt":"2024-09-09T08:20:02","guid":{"rendered":"https:\/\/www.esk-eltern.de\/?post_type=product&#038;p=12069"},"modified":"2025-09-24T14:55:18","modified_gmt":"2025-09-24T12:55:18","slug":"resilience","status":"publish","type":"product","link":"https:\/\/www.esk-eltern.de\/de\/produkt\/resilience\/","title":{"rendered":"Resilience"},"content":{"rendered":"<p><b><span data-contrast=\"none\">Selbstbehauptungs- und Achtsamkeitskurs f\u00fcr Kinder<\/span><\/b><span data-ccp-props=\"{&quot;201341983&quot;:0,&quot;335559739&quot;:0,&quot;335559740&quot;:240}\">\u00a0<\/span><\/p>\n<p><b><span data-contrast=\"none\">Du bist der Superheld und die Superheldin deines Lebens!<\/span><\/b><span data-ccp-props=\"{&quot;201341983&quot;:0,&quot;335559739&quot;:0,&quot;335559740&quot;:240}\">\u00a0<\/span><\/p>\n<p><span data-contrast=\"none\">M\u00f6chten Sie, dass Ihr Kind selbstbewusst durchs Leben geht und in jeder Situation standhaft bleibt? M\u00f6chten Sie, dass ihr Kind lernt, wie es im hektischen Schul- und Familienalltag zur Ruhe kommen kann? Mein Selbstbehauptungs- und Achtsamkeitskurs f\u00fcr Kinder bietet genau das!<\/span><span data-ccp-props=\"{&quot;201341983&quot;:0,&quot;335559738&quot;:240,&quot;335559739&quot;:240,&quot;335559740&quot;:252}\">\u00a0<\/span><\/p>\n<p><span data-contrast=\"auto\">In einer sicheren und unterst\u00fctzenden Umgebung lernen Kinder:<\/span><span data-ccp-props=\"{&quot;201341983&quot;:0,&quot;335559739&quot;:0,&quot;335559740&quot;:240}\">\u00a0<\/span><\/p>\n<p><b><span data-contrast=\"auto\">Selbstbewusstsein st\u00e4rken<\/span><\/b><span data-contrast=\"auto\">: Durch spielerische \u00dcbungen und positive Verst\u00e4rkung helfe ich den Kindern, ein starkes Selbstwertgef\u00fchl zu entwickeln.<\/span><span data-ccp-props=\"{&quot;201341983&quot;:0,&quot;335559739&quot;:0,&quot;335559740&quot;:240}\">\u00a0<\/span><\/p>\n<p><b><span data-contrast=\"auto\">Konflikte meistern<\/span><\/b><span data-contrast=\"auto\">: Ihr Kind lernt, wie es Konflikte friedlich und selbstsicher l\u00f6sen kann.<\/span><span data-ccp-props=\"{&quot;201341983&quot;:0,&quot;335559739&quot;:0,&quot;335559740&quot;:240}\">\u00a0<\/span><\/p>\n<p><b><span data-contrast=\"auto\">Emotionen verstehen und regulieren<\/span><\/b><span data-contrast=\"auto\">: Ich zeige den Kindern, wie sie ihre Gef\u00fchle erkennen und angemessen ausdr\u00fccken k\u00f6nnen.<\/span><span data-ccp-props=\"{&quot;201341983&quot;:0,&quot;335559739&quot;:0,&quot;335559740&quot;:240}\">\u00a0<\/span><\/p>\n<p><b><span data-contrast=\"auto\">Achtsamkeit \u00fcben<\/span><\/b><span data-contrast=\"auto\">: Mit einfachen, kindgerechten Achtsamkeits\u00fcbungen f\u00f6rdern wir die Konzentration und innere Ruhe.<\/span><span data-ccp-props=\"{&quot;201341983&quot;:0,&quot;335559739&quot;:0,&quot;335559740&quot;:240}\">\u00a0<\/span><\/p>\n<p><span data-ccp-props=\"{&quot;201341983&quot;:0,&quot;335559739&quot;:0,&quot;335559740&quot;:240}\">\u00a0<\/span><\/p>\n<p><b><span data-contrast=\"auto\">Warum ist dieser Kurs wichtig?<\/span><\/b><span data-ccp-props=\"{&quot;201341983&quot;:0,&quot;335559739&quot;:0,&quot;335559740&quot;:240}\">\u00a0<\/span><\/p>\n<p><span data-contrast=\"auto\">In unserer hektischen Welt ist es entscheidend, dass Kinder fr\u00fchzeitig lernen, wie sie sich selbst behaupten und achtsam mit sich und ihrer Umgebung umgehen k\u00f6nnen. Diese F\u00e4higkeiten sind nicht nur f\u00fcr den Alltag in der Schule und im Freundeskreis wichtig, sondern st\u00e4rken auch langfristig das emotionale Wohlbefinden, die k\u00f6rperliche Gesundheit und die soziale Kompetenz.<\/span><span data-ccp-props=\"{&quot;201341983&quot;:0,&quot;335559739&quot;:0,&quot;335559740&quot;:240}\">\u00a0<\/span><\/p>\n<p><span data-ccp-props=\"{&quot;201341983&quot;:0,&quot;335559739&quot;:0,&quot;335559740&quot;:240}\">\u00a0<\/span><\/p>\n<p><span data-contrast=\"auto\">Ich bin Maike, Mama einer <\/span><span data-contrast=\"auto\">6<\/span><span data-contrast=\"auto\">-j\u00e4hrigen Tochter, ausgebildete Selbstbehauptungs- und Resilienztrainerin sowie Achtsamkeits- und Entspannungstrainerin f\u00fcr Kinder. Mein Herz schl\u00e4gt f\u00fcr das Wohlbefinden unserer Kinder und ich habe den gro\u00dfen Wunsch, sie dabei zu unterst\u00fctzen, voller Selbstvertrauen durchs Leben gehen zu k\u00f6nnen, bereit f\u00fcr die Herausforderungen, die kommen werdenund wissend, wof\u00fcr ihr Herz schl\u00e4gt und wo ihre St\u00e4rken liegen.\u00a0<\/span><span data-ccp-props=\"{&quot;201341983&quot;:0,&quot;335559739&quot;:0,&quot;335559740&quot;:240}\">\u00a0<\/span><\/p>\n<p><span data-contrast=\"auto\">Infos zu meiner Arbeit gibt es auf <\/span><a href=\"http:\/\/www.maike-wurzelstark.de\/\"><span data-contrast=\"none\">www.maike-wurzelstark.de<\/span><\/a><span data-contrast=\"auto\">.<\/span><span data-ccp-props=\"{&quot;201341983&quot;:0,&quot;335559739&quot;:0,&quot;335559740&quot;:240}\">\u00a0<\/span><\/p>\n<p><span data-ccp-props=\"{&quot;201341983&quot;:0,&quot;335559739&quot;:0,&quot;335559740&quot;:240}\"> <img loading=\"lazy\" decoding=\"async\" class=\"alignnone size-medium wp-image-12070\" src=\"https:\/\/www.esk-eltern.de\/wp-content\/uploads\/2024\/09\/Resiliance_flyer-310x329.jpg\" alt=\"\" width=\"310\" height=\"329\" srcset=\"https:\/\/www.esk-eltern.de\/wp-content\/uploads\/2024\/09\/Resiliance_flyer-310x329.jpg 310w, https:\/\/www.esk-eltern.de\/wp-content\/uploads\/2024\/09\/Resiliance_flyer-415x440.jpg 415w, https:\/\/www.esk-eltern.de\/wp-content\/uploads\/2024\/09\/Resiliance_flyer.jpg 566w\" sizes=\"auto, (max-width: 310px) 100vw, 310px\" \/><img loading=\"lazy\" decoding=\"async\" class=\"alignnone size-medium wp-image-12075\" src=\"https:\/\/www.esk-eltern.de\/wp-content\/uploads\/2024\/09\/Resiliance_flyer2-310x329.jpg\" alt=\"\" width=\"310\" height=\"329\" srcset=\"https:\/\/www.esk-eltern.de\/wp-content\/uploads\/2024\/09\/Resiliance_flyer2-310x329.jpg 310w, https:\/\/www.esk-eltern.de\/wp-content\/uploads\/2024\/09\/Resiliance_flyer2-415x440.jpg 415w, https:\/\/www.esk-eltern.de\/wp-content\/uploads\/2024\/09\/Resiliance_flyer2.jpg 566w\" sizes=\"auto, (max-width: 310px) 100vw, 310px\" \/><\/span><\/p>\n","protected":false},"excerpt":{"rendered":"<p><span class=\"NormalTextRun SpellingErrorV2Themed SCXW129792743 BCX4\" data-ccp-parastyle=\"No Spacing\">externer<\/span><span class=\"NormalTextRun SCXW129792743 BCX4\" data-ccp-parastyle=\"No Spacing\"> Kurs<\/span><\/p>\n<p>Bei Interesse an ihren Kursen kontaktieren Sie bitte direkt Maike www.maike-wurzelstark.de. &#8211;<\/p>\n<p>&nbsp;<\/p>\n<p>&nbsp;<\/p>\n<p>&nbsp;<\/p>\n","protected":false},"featured_media":12078,"template":"","meta":{"inline_featured_image":false},"product_brand":[],"product_cat":[561,99],"product_tag":[],"class_list":{"0":"post-12069","1":"product","2":"type-product","3":"status-publish","4":"has-post-thumbnail","6":"product_cat-aa","7":"product_cat-sport","9":"first","10":"instock","11":"product-type-external"},"_links":{"self":[{"href":"https:\/\/www.esk-eltern.de\/de\/wp-json\/wp\/v2\/product\/12069","targetHints":{"allow":["GET"]}}],"collection":[{"href":"https:\/\/www.esk-eltern.de\/de\/wp-json\/wp\/v2\/product"}],"about":[{"href":"https:\/\/www.esk-eltern.de\/de\/wp-json\/wp\/v2\/types\/product"}],"wp:featuredmedia":[{"embeddable":true,"href":"https:\/\/www.esk-eltern.de\/de\/wp-json\/wp\/v2\/media\/12078"}],"wp:attachment":[{"href":"https:\/\/www.esk-eltern.de\/de\/wp-json\/wp\/v2\/media?parent=12069"}],"wp:term":[{"taxonomy":"product_brand","embeddable":true,"href":"https:\/\/www.esk-eltern.de\/de\/wp-json\/wp\/v2\/product_brand?post=12069"},{"taxonomy":"product_cat","embeddable":true,"href":"https:\/\/www.esk-eltern.de\/de\/wp-json\/wp\/v2\/product_cat?post=12069"},{"taxonomy":"product_tag","embeddable":true,"href":"https:\/\/www.esk-eltern.de\/de\/wp-json\/wp\/v2\/product_tag?post=12069"}],"curies":[{"name":"wp","href":"https:\/\/api.w.org\/{rel}","templated":true}]}}