{"id":11890,"date":"2024-09-05T11:39:04","date_gmt":"2024-09-05T09:39:04","guid":{"rendered":"https:\/\/www.esk-eltern.de\/?post_type=product&#038;p=11890"},"modified":"2025-09-24T14:50:59","modified_gmt":"2025-09-24T12:50:59","slug":"ballett-3","status":"publish","type":"product","link":"https:\/\/www.esk-eltern.de\/de\/produkt\/ballett-3\/","title":{"rendered":"Ballett 3"},"content":{"rendered":"<p><span data-contrast=\"auto\">Der Kurs findet freitags von 15:05-16:20 Uhr statt.<\/span><span data-ccp-props=\"{&quot;201341983&quot;:0,&quot;335559739&quot;:0,&quot;335559740&quot;:240}\">\u00a0<\/span><\/p>\n<p><span data-contrast=\"auto\">Infos und Anmeldung direkt bei Frau Boiral unter <\/span><a href=\"mailto:info@balletschule-db.de\"><span data-contrast=\"none\">info@balletschule-db.de<\/span><\/a><span data-ccp-props=\"{&quot;201341983&quot;:0,&quot;335559739&quot;:0,&quot;335559740&quot;:240}\">\u00a0<\/span><\/p>\n<p><span data-contrast=\"auto\">Bitte informieren Sie die Klassenlehrer bzw. die MoMi, dass Ihr Kind an diesem Kurs teilnimmt!<\/span><span data-ccp-props=\"{&quot;201341983&quot;:0,&quot;335559739&quot;:0,&quot;335559740&quot;:240}\">\u00a0<\/span><\/p>\n<p><span data-contrast=\"auto\">Bitte kaufen Sie f\u00fcr diesen Kurs eine Mitgliedschaft in der Elternvereinigung.<\/span><span data-ccp-props=\"{&quot;201341983&quot;:0,&quot;335559739&quot;:0,&quot;335559740&quot;:240}\">\u00a0<\/span><\/p>\n<p>&nbsp;<\/p>\n<p><span data-contrast=\"auto\">Ballettschule Delphine Boiral<\/span><span data-ccp-props=\"{&quot;201341983&quot;:0,&quot;335559739&quot;:0,&quot;335559740&quot;:240}\">\u00a0<\/span><\/p>\n<p><span data-contrast=\"auto\">Die Sch\u00fcler von heute sind die Stars von morgen. Sch\u00f6nheit kommt nicht leicht. Genauigkeit kann nicht schnell gewonnen werden. In der Schule st\u00e4rken wir nicht nur die Beine und Arme, sondern auch den Geist unserer Sch\u00fcler, ebenso lernen sie in der Ballettklasse die Belohnung f\u00fcr die regelm\u00e4\u00dfige und schwere Arbeit.<\/span><span data-ccp-props=\"{&quot;201341983&quot;:0,&quot;335559739&quot;:0,&quot;335559740&quot;:240}\"> \u00a0<\/span><span data-contrast=\"auto\">Ich biete an:<\/span><span data-ccp-props=\"{&quot;201341983&quot;:0,&quot;335559739&quot;:0,&quot;335559740&quot;:240}\">\u00a0<\/span><\/p>\n<ul>\n<li><span data-contrast=\"auto\"> Die M\u00f6glichkeit f\u00fcr alle Kinder ab sechs Jahren das Ballett f\u00fcr sich zu entdecken.<\/span><\/li>\n<li><span data-contrast=\"auto\"> Eine Ausbildung in klassischer Balletttechnik nach franz\u00f6sischer Schule auf ein gutes Amateurniveau und die Vermittlung von allgemeinem Ballettkulturwissen.<\/span><\/li>\n<li><span data-contrast=\"auto\"> Die F\u00f6rderung von Selbstbewusstsein und Selbstvertrauen.<\/span><\/li>\n<\/ul>\n<p><span data-ccp-props=\"{&quot;201341983&quot;:0,&quot;335559739&quot;:0,&quot;335559740&quot;:240}\">\u00a0<\/span><span data-contrast=\"auto\">In den Kursen Ballett 4-5 wird die Arbeit an der Stange weiterentwickelt, und die ersten Ballettschritte in der Mitte (au milieu) gelernt. Die <\/span><span data-contrast=\"auto\">Spiele werden Ausnahmen und je nach Fortschritt<\/span><span data-ccp-props=\"{&quot;201341983&quot;:0,&quot;335551550&quot;:6,&quot;335551620&quot;:6,&quot;335559739&quot;:0,&quot;335559740&quot;:240}\">\u00a0<\/span><span data-contrast=\"auto\">werden Choreographien einstudiert.<\/span><span data-ccp-props=\"{&quot;201341983&quot;:0,&quot;335551550&quot;:6,&quot;335551620&quot;:6,&quot;335559739&quot;:0,&quot;335559740&quot;:240}\">\u00a0<\/span><\/p>\n<p><span data-contrast=\"auto\">\u00dcber mich:<\/span><span data-ccp-props=\"{&quot;201341983&quot;:0,&quot;335559739&quot;:0,&quot;335559740&quot;:240}\">\u00a0<\/span><span data-contrast=\"auto\">Ich bin in Frankreich geboren und habe im Konservatorium in Besan\u00e7on, Ballett studiert. Ab 1993 tanzte ich in Paris, Cannes und Troyes. Ab 1995 arbeitete ich am Pfalztheater in Kaiserslautern, dann beim Euregio Tanz Forum (Niederlande) und am Tiroler Landestheater in Innsbruck.<\/span><span data-ccp-props=\"{&quot;201341983&quot;:0,&quot;335559739&quot;:0,&quot;335559740&quot;:240}\">\u00a0<\/span><\/p>\n<p><span data-contrast=\"auto\">Seit 2000 habe ich Ballett an verschieden Schulen in Baden-W\u00fcrttemberg gelehrt. 2002 er\u00f6ffnete ich meine eigene Ballettschule in Neulingen, sp\u00e4ter dann in Karlsruhe. Seit 2009 unterrichte ich Ballett an der Europ\u00e4ischen Schule Karlsruhe und seit 2013 bin ich die Ballettlehrerin der Ecole des arts de Wissembourg (Frankreich).<\/span><span data-ccp-props=\"{&quot;201341983&quot;:0,&quot;335559739&quot;:0,&quot;335559740&quot;:240}\">\u00a0<\/span><\/p>\n","protected":false},"excerpt":{"rendered":"<p><span style=\"color: #ff0000\">&#8212; externer Kurs &#8212;<\/span><\/p>\n<p><span class=\"TextRun SCXW143483801 BCX4\" lang=\"EN-GB\" xml:lang=\"EN-GB\" data-contrast=\"none\"><span class=\"NormalTextRun SpellingErrorV2Themed SCXW143483801 BCX4\">Klassisches<\/span> <span class=\"NormalTextRun SpellingErrorV2Themed SCXW143483801 BCX4\">Ballett<\/span><span class=\"NormalTextRun SCXW143483801 BCX4\">, <\/span><span class=\"NormalTextRun SpellingErrorV2Themed SCXW143483801 BCX4\">franz<\/span><span class=\"NormalTextRun SCXW143483801 BCX4\">. Schule: die <\/span><span class=\"NormalTextRun SpellingErrorV2Themed SCXW143483801 BCX4\">Grundlage<\/span><span class=\"NormalTextRun SCXW143483801 BCX4\"> des <\/span><span class=\"NormalTextRun SpellingErrorV2Themed SCXW143483801 BCX4\">Balletts<\/span><span class=\"NormalTextRun SCXW143483801 BCX4\"> und <\/span><span class=\"NormalTextRun SpellingErrorV2Themed SCXW143483801 BCX4\">anderer<\/span> <span class=\"NormalTextRun SpellingErrorV2Themed SCXW143483801 BCX4\">Tanztechniken<\/span><span class=\"NormalTextRun SCXW143483801 BCX4\"> (<\/span><span class=\"NormalTextRun SpellingErrorV2Themed SCXW143483801 BCX4\">mit<\/span> <span class=\"NormalTextRun SpellingErrorV2Themed SCXW143483801 BCX4\">Vorkenntnissen<\/span><span class=\"NormalTextRun SCXW143483801 BCX4\">)<\/span><\/span><span class=\"EOP SCXW143483801 BCX4\" data-ccp-props=\"{&quot;201341983&quot;:0,&quot;335559739&quot;:160,&quot;335559740&quot;:259}\">\u00a0<\/span><\/p>\n","protected":false},"featured_media":11887,"template":"","meta":{"inline_featured_image":false},"product_brand":[],"product_cat":[561,99],"product_tag":[],"class_list":{"0":"post-11890","1":"product","2":"type-product","3":"status-publish","4":"has-post-thumbnail","6":"product_cat-aa","7":"product_cat-sport","8":"pa_class-p5","9":"pa_class-os","10":"pa_instructor-frau-delphine-boiral","11":"pa_weekday-freitag","13":"first","14":"instock","15":"shipping-taxable","16":"product-type-external"},"_links":{"self":[{"href":"https:\/\/www.esk-eltern.de\/de\/wp-json\/wp\/v2\/product\/11890","targetHints":{"allow":["GET"]}}],"collection":[{"href":"https:\/\/www.esk-eltern.de\/de\/wp-json\/wp\/v2\/product"}],"about":[{"href":"https:\/\/www.esk-eltern.de\/de\/wp-json\/wp\/v2\/types\/product"}],"wp:featuredmedia":[{"embeddable":true,"href":"https:\/\/www.esk-eltern.de\/de\/wp-json\/wp\/v2\/media\/11887"}],"wp:attachment":[{"href":"https:\/\/www.esk-eltern.de\/de\/wp-json\/wp\/v2\/media?parent=11890"}],"wp:term":[{"taxonomy":"product_brand","embeddable":true,"href":"https:\/\/www.esk-eltern.de\/de\/wp-json\/wp\/v2\/product_brand?post=11890"},{"taxonomy":"product_cat","embeddable":true,"href":"https:\/\/www.esk-eltern.de\/de\/wp-json\/wp\/v2\/product_cat?post=11890"},{"taxonomy":"product_tag","embeddable":true,"href":"https:\/\/www.esk-eltern.de\/de\/wp-json\/wp\/v2\/product_tag?post=11890"}],"curies":[{"name":"wp","href":"https:\/\/api.w.org\/{rel}","templated":true}]}}