{"id":10938,"date":"2024-02-05T23:06:54","date_gmt":"2024-02-05T22:06:54","guid":{"rendered":"https:\/\/www.esk-eltern.de\/?post_type=product&#038;p=10938"},"modified":"2025-05-15T17:40:50","modified_gmt":"2025-05-15T15:40:50","slug":"t-shirt-mit-logo-pyramide","status":"publish","type":"product","link":"https:\/\/www.esk-eltern.de\/de\/produkt\/t-shirt-mit-logo-pyramide\/","title":{"rendered":"T-Shirt mit Logo \u201ePyramide\u201c"},"content":{"rendered":"<p>F\u00fcr die \u00dcbergabe der Bestellung werden Sie kontaktiert.<br \/>\nBitte lassen Sie uns f\u00fcr die Vorbereitung und Nennung des \u00dcbergabetermins ein paar Tage Zeit.<\/p>\n<p>Die Ware wird nicht versendet und ausschlie\u00dflich an der Schule \u00fcbergeben.<\/p>\n<p>Euer Euroboutique-Team<\/p>\n","protected":false},"excerpt":{"rendered":"<p>F\u00fcr die \u00dcbergabe der Bestellung werden Sie kontaktiert. Bitte lassen Sie uns f\u00fcr die Vorbereitung und Nennung des \u00dcbergabetermins ein paar Tage Zeit. Die Ware wird nicht versendet und ausschlie\u00dflich an der Schule \u00fcbergeben. Euer Euroboutique-Team<\/p>\n","protected":false},"featured_media":6839,"template":"","meta":{"inline_featured_image":false},"product_brand":[],"product_cat":[578],"product_tag":[],"class_list":{"0":"post-10938","1":"product","2":"type-product","3":"status-publish","4":"has-post-thumbnail","6":"product_cat-euroboutique","8":"first","9":"outofstock","10":"shipping-taxable","11":"purchasable","12":"product-type-variable","13":"has-default-attributes"},"_links":{"self":[{"href":"https:\/\/www.esk-eltern.de\/de\/wp-json\/wp\/v2\/product\/10938","targetHints":{"allow":["GET"]}}],"collection":[{"href":"https:\/\/www.esk-eltern.de\/de\/wp-json\/wp\/v2\/product"}],"about":[{"href":"https:\/\/www.esk-eltern.de\/de\/wp-json\/wp\/v2\/types\/product"}],"wp:featuredmedia":[{"embeddable":true,"href":"https:\/\/www.esk-eltern.de\/de\/wp-json\/wp\/v2\/media\/6839"}],"wp:attachment":[{"href":"https:\/\/www.esk-eltern.de\/de\/wp-json\/wp\/v2\/media?parent=10938"}],"wp:term":[{"taxonomy":"product_brand","embeddable":true,"href":"https:\/\/www.esk-eltern.de\/de\/wp-json\/wp\/v2\/product_brand?post=10938"},{"taxonomy":"product_cat","embeddable":true,"href":"https:\/\/www.esk-eltern.de\/de\/wp-json\/wp\/v2\/product_cat?post=10938"},{"taxonomy":"product_tag","embeddable":true,"href":"https:\/\/www.esk-eltern.de\/de\/wp-json\/wp\/v2\/product_tag?post=10938"}],"curies":[{"name":"wp","href":"https:\/\/api.w.org\/{rel}","templated":true}]}}