{"id":10811,"date":"2023-12-12T22:27:07","date_gmt":"2023-12-12T21:27:07","guid":{"rendered":"https:\/\/www.esk-eltern.de\/?post_type=product&#038;p=10811"},"modified":"2025-10-23T08:52:29","modified_gmt":"2025-10-23T06:52:29","slug":"cricket","status":"publish","type":"product","link":"https:\/\/www.esk-eltern.de\/de\/produkt\/cricket\/","title":{"rendered":"Kricket"},"content":{"rendered":"<p>Das Cricket-Training bei der Sportgemeinschaft Karlsruhe bietet Dir eine einzigartige Gelegenheit in Baden-W\u00fcrttemberg. Als <strong>einziger Verein in der Region mit ICC Level 2 und 3 Trainern<\/strong>, die sich auf die F\u00f6rderung von Jugendlichen und Frauen konzentrieren, bietet die Sportgemeinschaft Karlsruhe eine herausragende Trainingsumgebung. Die hochqualifizierten Trainer haben bereits erfolgreich mehrere junge Talente betreut, die heute Deutschland auf internationaler Ebene repr\u00e4sentieren. Ihre Expertise und Erfahrung sind von von unsch\u00e4tzbaren Wert und erm\u00f6glichen jungen Spielern und Spielerinnen ihr Cricket-K\u00f6nnen auf das n\u00e4chste Level zu heben. Die Expertise unserer Trainer in Kombination mit einer engagierten Vereinsgemeinschaft schafft eine ideale Umfeld, um Cricket auf professionellem Niveau zu erlernen und gleichzeitig Teamgeist und Freundschaften zu f\u00f6rdern. Die Sportgemeinschaft Karlsruhe ist der Ort, an dem Cricket-Talente und Enthusiasten ihre F\u00e4higkeiten entfalten k\u00f6nnen.<\/p>\n<blockquote hcb-fetch-image-from=\"https:\/\/www.sg-ka.de\/sportangebot\/cricket\/\" class=\"wp-embedded-content\" data-secret=\"HMR6dauhOc\"><p><a href=\"https:\/\/www.sg-ka.de\/sportangebot\/cricket\/\">Cricket<\/a><\/p><\/blockquote>\n<p><iframe loading=\"lazy\" class=\"wp-embedded-content\" sandbox=\"allow-scripts\" security=\"restricted\" style=\"position: absolute; visibility: hidden;\" title=\"&#8222;Cricket&#8220; &#8212; Sportgemeinschaft Karlsruhe e.V.\" src=\"https:\/\/www.sg-ka.de\/sportangebot\/cricket\/embed\/#?secret=NhFp8Zo2kr#?secret=HMR6dauhOc\" data-secret=\"HMR6dauhOc\" width=\"500\" height=\"282\" frameborder=\"0\" marginwidth=\"0\" marginheight=\"0\" scrolling=\"no\"><\/iframe><\/p>\n","protected":false},"excerpt":{"rendered":"<p>Kricket macht Spa\u00df, f\u00f6rdert den Teamgeist und die k\u00f6rperliche Fitness &#8211; Wenn Sie an Cricket interessiert sind, kontaktieren Sie bitte direkt den Club https:\/\/www.sg-ka.de\/sportangebot\/cricket\/<\/p>\n","protected":false},"featured_media":14885,"template":"","meta":{"inline_featured_image":false},"product_brand":[],"product_cat":[561,99],"product_tag":[],"class_list":{"0":"post-10811","1":"product","2":"type-product","3":"status-publish","4":"has-post-thumbnail","6":"product_cat-aa","7":"product_cat-sport","8":"pa_instructor-herr-darren-mclennan","10":"first","11":"instock","12":"shipping-taxable","13":"product-type-external"},"_links":{"self":[{"href":"https:\/\/www.esk-eltern.de\/de\/wp-json\/wp\/v2\/product\/10811","targetHints":{"allow":["GET"]}}],"collection":[{"href":"https:\/\/www.esk-eltern.de\/de\/wp-json\/wp\/v2\/product"}],"about":[{"href":"https:\/\/www.esk-eltern.de\/de\/wp-json\/wp\/v2\/types\/product"}],"wp:featuredmedia":[{"embeddable":true,"href":"https:\/\/www.esk-eltern.de\/de\/wp-json\/wp\/v2\/media\/14885"}],"wp:attachment":[{"href":"https:\/\/www.esk-eltern.de\/de\/wp-json\/wp\/v2\/media?parent=10811"}],"wp:term":[{"taxonomy":"product_brand","embeddable":true,"href":"https:\/\/www.esk-eltern.de\/de\/wp-json\/wp\/v2\/product_brand?post=10811"},{"taxonomy":"product_cat","embeddable":true,"href":"https:\/\/www.esk-eltern.de\/de\/wp-json\/wp\/v2\/product_cat?post=10811"},{"taxonomy":"product_tag","embeddable":true,"href":"https:\/\/www.esk-eltern.de\/de\/wp-json\/wp\/v2\/product_tag?post=10811"}],"curies":[{"name":"wp","href":"https:\/\/api.w.org\/{rel}","templated":true}]}}