{"id":10015,"date":"2023-09-23T17:27:20","date_gmt":"2023-09-23T15:27:20","guid":{"rendered":"https:\/\/www.esk-eltern.de\/?post_type=product&#038;p=10015"},"modified":"2025-09-24T14:51:52","modified_gmt":"2025-09-24T12:51:52","slug":"niederlaendisch-unterricht","status":"publish","type":"product","link":"https:\/\/www.esk-eltern.de\/de\/produkt\/niederlaendisch-unterricht\/","title":{"rendered":"Niederl\u00e4ndisch Unterricht"},"content":{"rendered":"<p>Ab der zweiten Septemberwoche bis zum Ende des Schuljahres<\/p>\n<p>Der Niederl\u00e4ndisch Unterricht ist f\u00fcr alle Kinder die Niederl\u00e4ndisch als Muttersprache oder als zweite Sprache sprechen.<br \/>\nUnsere Schule ist eine offizielle Schule die vom niederl\u00e4ndischen Kultusministerium beaufsichtigt wird. Die Sch\u00fcler werden in 3 Gruppen eingeteilt: Kindergarten\/Grundschule\/Oberschule.<br \/>\nInfos und Anmeldung direkt bei Karine M\u00fcller &#8211; ntc.school.karlsruhe@gmail.com, 017 89791707 &#8211; 0721 9714010 .<br \/>\nBitte kaufen Sie f\u00fcr diesen Kurs eine Mitgliedschaft in der Elternvereinigung.<\/p>\n","protected":false},"excerpt":{"rendered":"<p><span style=\"color: #ff0000\">&#8212; externer Kurs &#8212;<\/span><\/p>\n<p><span class=\"TextRun SCXW15038403 BCX4\" lang=\"EN-GB\" xml:lang=\"EN-GB\" data-contrast=\"auto\"><span class=\"NormalTextRun SCXW15038403 BCX4\" data-ccp-parastyle=\"No Spacing\">Der Niederl\u00e4ndisch Unterricht ist f\u00fcr alle Kinder die Niederl\u00e4ndisch als Muttersprache oder als zweite Sprache sprechen<\/span><\/span><\/p>\n","protected":false},"featured_media":11896,"template":"","meta":{"inline_featured_image":false},"product_brand":[],"product_cat":[561,127],"product_tag":[],"class_list":{"0":"post-10015","1":"product","2":"type-product","3":"status-publish","4":"has-post-thumbnail","6":"product_cat-aa","7":"product_cat-sprache","8":"pa_class-kg","9":"pa_class-p1","10":"pa_class-p2","11":"pa_class-p4","12":"pa_class-p5","13":"pa_class-p3","14":"pa_class-s1","15":"pa_class-s2","16":"pa_class-s3","17":"pa_class-s4","18":"pa_class-s5","19":"pa_class-s6","20":"pa_class-s7","21":"pa_instructor-frau-karine-mueller","22":"pa_weekday-freitag","24":"first","25":"instock","26":"product-type-external"},"_links":{"self":[{"href":"https:\/\/www.esk-eltern.de\/de\/wp-json\/wp\/v2\/product\/10015","targetHints":{"allow":["GET"]}}],"collection":[{"href":"https:\/\/www.esk-eltern.de\/de\/wp-json\/wp\/v2\/product"}],"about":[{"href":"https:\/\/www.esk-eltern.de\/de\/wp-json\/wp\/v2\/types\/product"}],"wp:featuredmedia":[{"embeddable":true,"href":"https:\/\/www.esk-eltern.de\/de\/wp-json\/wp\/v2\/media\/11896"}],"wp:attachment":[{"href":"https:\/\/www.esk-eltern.de\/de\/wp-json\/wp\/v2\/media?parent=10015"}],"wp:term":[{"taxonomy":"product_brand","embeddable":true,"href":"https:\/\/www.esk-eltern.de\/de\/wp-json\/wp\/v2\/product_brand?post=10015"},{"taxonomy":"product_cat","embeddable":true,"href":"https:\/\/www.esk-eltern.de\/de\/wp-json\/wp\/v2\/product_cat?post=10015"},{"taxonomy":"product_tag","embeddable":true,"href":"https:\/\/www.esk-eltern.de\/de\/wp-json\/wp\/v2\/product_tag?post=10015"}],"curies":[{"name":"wp","href":"https:\/\/api.w.org\/{rel}","templated":true}]}}