{"id":10005,"date":"2023-09-23T17:27:18","date_gmt":"2023-09-23T15:27:18","guid":{"rendered":"https:\/\/www.esk-eltern.de\/?post_type=product&#038;p=10005"},"modified":"2025-09-24T14:47:52","modified_gmt":"2025-09-24T12:47:52","slug":"musik-2","status":"publish","type":"product","link":"https:\/\/www.esk-eltern.de\/de\/produkt\/musik-2\/","title":{"rendered":"Musik 2"},"content":{"rendered":"<p><strong>Musikalische Fr\u00fcherziehung f\u00fcr Grundschule 1 und 2\u00a0<\/strong><\/p>\n<p><span data-contrast=\"auto\">Die musikalischen Erfahrungen werden vertieft. Die Kinder erweitern ihre musikalischen Ausdrucksweisen, das Bewusstsein f\u00fcr Melodien und Rhythmen und den Umgang mit Stimme und K\u00f6rper beim Erzeugen von Klang. Elementare Notenlehre und Geh\u00f6rbildung werden gefestigt und durch die Instrumentenkunde und das H\u00f6ren von Musik die Wahl f\u00fcr ein Instrument begleitet. Die kontinuierliche Auseinandersetzung mit Musik und der Umgang mit Stimme, K\u00f6rper und H\u00e4nden verst\u00e4rkt die pers\u00f6nliche, soziale und kognitive Entwicklung. Ein vorheriger Besuch des Kindergartenkurses ist nicht zwingend erforderlich.<\/span><span data-ccp-props=\"{&quot;134233117&quot;:false,&quot;134233118&quot;:false,&quot;201341983&quot;:0,&quot;335551550&quot;:6,&quot;335551620&quot;:6,&quot;335559685&quot;:0,&quot;335559737&quot;:0,&quot;335559738&quot;:0,&quot;335559739&quot;:0,&quot;335559740&quot;:240}\">\u00a0<\/span><\/p>\n<p><span class=\"TextRun SCXW209017132 BCX4\" lang=\"EN-GB\" xml:lang=\"EN-GB\" data-contrast=\"auto\"><span class=\"NormalTextRun SCXW209017132 BCX4\" data-ccp-parastyle=\"No Spacing\">Preis: 250 Euro f\u00fcr 9 <\/span><span class=\"NormalTextRun SCXW209017132 BCX4\" data-ccp-parastyle=\"No Spacing\">Monate<\/span><span class=\"NormalTextRun SCXW209017132 BCX4\" data-ccp-parastyle=\"No Spacing\"> von Oktober bis Ende Juni, in <\/span><span class=\"NormalTextRun SCXW209017132 BCX4\" data-ccp-parastyle=\"No Spacing\">einer<\/span> <span class=\"NormalTextRun SCXW209017132 BCX4\" data-ccp-parastyle=\"No Spacing\">\u00dcberweisung<\/span><span class=\"NormalTextRun SCXW209017132 BCX4\" data-ccp-parastyle=\"No Spacing\"> f\u00fcr den <\/span><span class=\"NormalTextRun SCXW209017132 BCX4\" data-ccp-parastyle=\"No Spacing\">gesamten<\/span><span class=\"NormalTextRun SCXW209017132 BCX4\" data-ccp-parastyle=\"No Spacing\"> Kurs <\/span><span class=\"NormalTextRun SCXW209017132 BCX4\" data-ccp-parastyle=\"No Spacing\">direkt<\/span> <span class=\"NormalTextRun SCXW209017132 BCX4\" data-ccp-parastyle=\"No Spacing\">zur<\/span> <span class=\"NormalTextRun SCXW209017132 BCX4\" data-ccp-parastyle=\"No Spacing\">Musikinsel<\/span><span class=\"NormalTextRun SCXW209017132 BCX4\" data-ccp-parastyle=\"No Spacing\">. <\/span><span class=\"NormalTextRun SCXW209017132 BCX4\" data-ccp-parastyle=\"No Spacing\">Buchung<\/span> <span class=\"NormalTextRun SCXW209017132 BCX4\" data-ccp-parastyle=\"No Spacing\">direkt<\/span> <span class=\"NormalTextRun SCXW209017132 BCX4\" data-ccp-parastyle=\"No Spacing\">bei<\/span> <a href=\"mailto:christian_bleier@gmx.net\">christian_bleier@gmx.net<\/a>\u00a0<\/span><\/p>\n","protected":false},"excerpt":{"rendered":"<p><span class=\"TextRun SCXW71294325 BCX4\" lang=\"DE-DE\" xml:lang=\"DE-DE\" data-contrast=\"auto\"><span class=\"NormalTextRun SCXW71294325 BCX4\" data-ccp-parastyle=\"No Spacing\">Musikalische Fr\u00fcherziehung f\u00fcr Grundschule 1 und 2<\/span><\/span><span class=\"EOP SCXW71294325 BCX4\" data-ccp-props=\"{&quot;201341983&quot;:0,&quot;335559739&quot;:0,&quot;335559740&quot;:240}\">\u00a0<\/span><\/p>\n<p><span class=\"TextRun SCXW191245673 BCX4\" lang=\"EN-GB\" xml:lang=\"EN-GB\" data-contrast=\"auto\"><span class=\"NormalTextRun SCXW191245673 BCX4\" data-ccp-parastyle=\"No Spacing\">Min <\/span><span class=\"NormalTextRun SCXW191245673 BCX4\" data-ccp-parastyle=\"No Spacing\">7<\/span> <span class=\"NormalTextRun SCXW191245673 BCX4\" data-ccp-parastyle=\"No Spacing\">Kinder<\/span><\/span><span class=\"EOP SCXW191245673 BCX4\" data-ccp-props=\"{&quot;201341983&quot;:0,&quot;335559739&quot;:0,&quot;335559740&quot;:240}\">\u00a0<\/span><\/p>\n<p>&nbsp;<\/p>\n<p>&nbsp;<\/p>\n","protected":false},"featured_media":13586,"template":"","meta":{"inline_featured_image":false},"product_brand":[],"product_cat":[561,211],"product_tag":[],"class_list":{"0":"post-10005","1":"product","2":"type-product","3":"status-publish","4":"has-post-thumbnail","6":"product_cat-aa","7":"product_cat-musik","8":"pa_class-p1","9":"pa_class-p2","10":"pa_instructor-christian-bleier","11":"pa_weekday-montag","13":"first","14":"instock","15":"shipping-taxable","16":"product-type-external"},"_links":{"self":[{"href":"https:\/\/www.esk-eltern.de\/de\/wp-json\/wp\/v2\/product\/10005","targetHints":{"allow":["GET"]}}],"collection":[{"href":"https:\/\/www.esk-eltern.de\/de\/wp-json\/wp\/v2\/product"}],"about":[{"href":"https:\/\/www.esk-eltern.de\/de\/wp-json\/wp\/v2\/types\/product"}],"wp:featuredmedia":[{"embeddable":true,"href":"https:\/\/www.esk-eltern.de\/de\/wp-json\/wp\/v2\/media\/13586"}],"wp:attachment":[{"href":"https:\/\/www.esk-eltern.de\/de\/wp-json\/wp\/v2\/media?parent=10005"}],"wp:term":[{"taxonomy":"product_brand","embeddable":true,"href":"https:\/\/www.esk-eltern.de\/de\/wp-json\/wp\/v2\/product_brand?post=10005"},{"taxonomy":"product_cat","embeddable":true,"href":"https:\/\/www.esk-eltern.de\/de\/wp-json\/wp\/v2\/product_cat?post=10005"},{"taxonomy":"product_tag","embeddable":true,"href":"https:\/\/www.esk-eltern.de\/de\/wp-json\/wp\/v2\/product_tag?post=10005"}],"curies":[{"name":"wp","href":"https:\/\/api.w.org\/{rel}","templated":true}]}}