{"id":9399,"date":"2023-08-02T22:43:23","date_gmt":"2023-08-02T20:43:23","guid":{"rendered":"https:\/\/www.esk-eltern.de\/?page_id=9399"},"modified":"2025-03-31T11:50:43","modified_gmt":"2025-03-31T09:50:43","slug":"ferienbetreuung","status":"publish","type":"page","link":"https:\/\/www.esk-eltern.de\/de\/dienstleistungen\/ferienbetreuung\/","title":{"rendered":"Ferienbetreuung"},"content":{"rendered":"\n<p>Liebe Eltern,<\/p>\n\n\n\n<p>die Elternvereinigung organisiert gemeinsam mit MOMI\/NAMI und weiteren Tr\u00e4gern (Lenitas, AWO,\u2026) eine Betreuung an der Europ\u00e4ischen Schule f\u00fcr Kindergarten- und Grundschulkinder in den Ferien.<\/p>\n\n\n\n<p><strong>Alle Pl\u00e4tze sind vergeben. Wir werden weiter informieren.<\/strong><\/p>\n\n\n\n<p>In Zusammenarbeit mit MOMI\/NAMI kann eine Ferienbetreuung in den Osterferien 2025 vom 22. bis 25. April 2025 (von 8 bis 16 Uhr) an der Europ\u00e4ischen Schule f\u00fcr KINDERGARTEN, P1 und P2-Kinder angeboten werden.<\/p>\n\n\n\n<p>Bitte beachten Sie folgendes:<\/p>\n\n\n\n<ul class=\"wp-block-list\">\n<li>Um sich f\u00fcr die Ferienbetreuung anzumelden und zu bezahlen, m\u00fcssen Sie Mitglied der Elternvereinigung sein (j\u00e4hrlicher Mitgliedsbeitrag 40\u20ac) sein. Wenn Sie noch kein Mitglied sind, k\u00f6nnen Sie <a href=\"https:\/\/www.esk-eltern.de\/de\/mitglied-werden\/\">hier<\/a> mit dem Kauf der Mitgliedschaft diese erwerben.<br>Bitte hinterlegen Sie gleich <a href=\"https:\/\/www.esk-eltern.de\/de\/mein-konto\/\">in ihrem Konto<\/a> in den Kontodetails ihre Kinder, wenn Sie dies noch nicht getan haben, damit Sie ihr Kind\/Ihre Kinder im Bestellprozess ausw\u00e4hlen k\u00f6nnen.<\/li>\n\n\n\n<li>Unsere Datenschutzbestimmungen finden Sie auf der Website der EV.<\/li>\n\n\n\n<li>Mindestanzahl: 8 Kinder<\/li>\n\n\n\n<li>Stornierungsbedingungen: Stornierungen, die vor dem 7.April 2025 eingehen, werden nur dann erstattet, wenn es eine Warteliste gibt. Stornierungen nach dem 7.April 2025 werden nicht mehr erstattet.<\/li>\n\n\n\n<li>Anmeldenfrist: 31. M\u00e4rz 2025<\/li>\n<\/ul>\n\n\n\n<div class=\"wp-block-query is-layout-flow wp-block-query-is-layout-flow\">\n\n\n\n<div class=\"wp-block-query-no-results\">\n\n<p><\/p>\n\n<\/div><\/div>\n","protected":false},"excerpt":{"rendered":"<p>Liebe Eltern, die Elternvereinigung organisiert gemeinsam mit MOMI\/NAMI und weiteren Tr\u00e4gern (Lenitas, AWO,\u2026) eine Betreuung an der Europ\u00e4ischen Schule f\u00fcr Kindergarten- und Grundschulkinder in den Ferien. Alle Pl\u00e4tze sind vergeben. Wir werden weiter informieren. In Zusammenarbeit mit MOMI\/NAMI kann eine Ferienbetreuung in den Osterferien 2025 vom 22. bis 25. April 2025 (von 8 bis 16 <a class=\"read-more-link\" href=\"https:\/\/www.esk-eltern.de\/de\/dienstleistungen\/ferienbetreuung\/\">Read More<\/a><\/p>\n","protected":false},"author":406,"featured_media":0,"parent":9340,"menu_order":140,"comment_status":"closed","ping_status":"closed","template":"","meta":{"inline_featured_image":false,"footnotes":""},"class_list":["post-9399","page","type-page","status-publish","hentry"],"_links":{"self":[{"href":"https:\/\/www.esk-eltern.de\/de\/wp-json\/wp\/v2\/pages\/9399","targetHints":{"allow":["GET"]}}],"collection":[{"href":"https:\/\/www.esk-eltern.de\/de\/wp-json\/wp\/v2\/pages"}],"about":[{"href":"https:\/\/www.esk-eltern.de\/de\/wp-json\/wp\/v2\/types\/page"}],"author":[{"embeddable":true,"href":"https:\/\/www.esk-eltern.de\/de\/wp-json\/wp\/v2\/users\/406"}],"replies":[{"embeddable":true,"href":"https:\/\/www.esk-eltern.de\/de\/wp-json\/wp\/v2\/comments?post=9399"}],"version-history":[{"count":9,"href":"https:\/\/www.esk-eltern.de\/de\/wp-json\/wp\/v2\/pages\/9399\/revisions"}],"predecessor-version":[{"id":13237,"href":"https:\/\/www.esk-eltern.de\/de\/wp-json\/wp\/v2\/pages\/9399\/revisions\/13237"}],"up":[{"embeddable":true,"href":"https:\/\/www.esk-eltern.de\/de\/wp-json\/wp\/v2\/pages\/9340"}],"wp:attachment":[{"href":"https:\/\/www.esk-eltern.de\/de\/wp-json\/wp\/v2\/media?parent=9399"}],"curies":[{"name":"wp","href":"https:\/\/api.w.org\/{rel}","templated":true}]}}