{"id":9397,"date":"2023-08-02T22:41:45","date_gmt":"2023-08-02T20:41:45","guid":{"rendered":"https:\/\/www.esk-eltern.de\/?page_id=9397"},"modified":"2025-04-26T16:38:15","modified_gmt":"2025-04-26T14:38:15","slug":"sonderpaedagogische-foerderung","status":"publish","type":"page","link":"https:\/\/www.esk-eltern.de\/de\/elternverein\/sonderpaedagogische-foerderung\/","title":{"rendered":"Sonderp\u00e4dagogische F\u00f6rderung"},"content":{"rendered":"\n<h2 class=\"wp-block-heading\">Hat dein Kind einen sonderp\u00e4dagogischen F\u00f6rderbedarf?<\/h2>\n\n\n\n<p>Die ESK ist eine integrative Schule, in deren Schulgemeinschaft neurodivergente Kinder mit verschiedenen sonderp\u00e4dagogischen Bed\u00fcrfnissen wie Autismus, ADHS, Legasthenie, Dyskalkulie, Dysgraphie, Verhaltensauff\u00e4lligkeiten und\/oder emotionalen Herausforderungen, Hochbegabung und viele mehr leben.<\/p>\n\n\n\n<p>Unser SEN-Programm zielt darauf ab, Sch\u00fcler\/innen mit ma\u00dfgeschneiderter Unterst\u00fctzung zu helfen und den gesamten Lehrplan f\u00fcr Sch\u00fcler\/innen zug\u00e4nglich zu machen, die Bed\u00fcrfnisse haben, die sich von neurotypischen Kindern unterscheiden.<\/p>\n\n\n\n<h2 class=\"wp-block-heading\">Organisation der Unterst\u00fctzung an Europ\u00e4ischen Schulen:<\/h2>\n\n\n\n<ul class=\"wp-block-list\">\n<li>Die Unterst\u00fctzung ist flexibel. Sie findet innerhalb der Klasse oder individuell statt und wird auf die Bed\u00fcrfnisse des Kindes zugeschnitten. Es k\u00f6nnen kleine Gruppen gebildet werden, um gemeinsame Lernl\u00fccken zu schlie\u00dfen.<\/li>\n\n\n\n<li>Im System der Europ\u00e4ischen Schulen gibt es 3 Kategorien der F\u00f6rderung: Allgemein, Moderat und Intensiv (sowohl Intensiv A, das langfristig ist, als auch Intensiv B, das als kurzfristig vorgesehen ist).<\/li>\n\n\n\n<li>Die Familie kann von der Schule mit einem F\u00f6rdervorschlag angesprochen werden, oder die Familie kann sich an die Schule wenden und um Unterst\u00fctzung bitten, wenn sie glaubt, dass ihr Kind davon profitieren k\u00f6nnte.<\/li>\n<\/ul>\n\n\n\n<p><strong>Wichtige Hinweise<\/strong><\/p>\n\n\n\n<ul class=\"wp-block-list\">\n<li>Bestehende Diagnosen m\u00fcssen bei der Anmeldung an der Schule angegeben werden.<\/li>\n\n\n\n<li>In F\u00e4llen, in denen die Schule nicht in der Lage ist, die notwendige p\u00e4dagogische Unterst\u00fctzung f\u00fcr einen Sch\u00fcler oder eine Sch\u00fclerin zu leisten, kann sie sich f\u00fcr unzust\u00e4ndig erkl\u00e4ren. Die Schule verpflichtet sich, die Eltern bei der Suche nach einem geeigneten p\u00e4dagogischen Umfeld zu unterst\u00fctzen.<\/li>\n<\/ul>\n\n\n\n<p><strong>Wichtige Termine<\/strong><\/p>\n\n\n\n<ul class=\"wp-block-list\">\n<li>Um die Zulassung zum BAC-Zyklus und zur Abiturpr\u00fcfung zu erhalten, muss zwischen Oktober der S3 und Oktober der S5 ein umfassendes psychologisches Gutachten erstellt werden und der Antrag auf Zulassung zum BAC muss bis Oktober der S5 in Vorbereitung auf die S7 gestellt werden. Diese Regeln sind in dem unten verlinkten Verfahrensdokument dargelegt.<\/li>\n<\/ul>\n\n\n\n<p><strong>Wichtige Link<\/strong><\/p>\n\n\n\n<p><a href=\"https:\/\/www.es-karlsruhe.eu\/de\/oberschule\/lernen\/erziehungsberatung\/\">Europ\u00e4ische Schule Karlsruhe: P\u00e4dagogische Unterst\u00fctzungsma\u00dfnahmen<\/a><\/p>\n\n\n\n<p><a href=\"https:\/\/www.eursc.eu\/Documents\/2012-05-D-14-de-10.pdf\">Politik zur Bereitstellung von p\u00e4dagogischen Unterst\u00fctzungsma\u00dfnahmen an den Europ\u00e4ischen Schulen<\/a><\/p>\n\n\n\n<p><a href=\"https:\/\/www.eursc.eu\/Documents\/2012-05-D-15-de-13.pdf\">Bereitstellung von p\u00e4dagogischen Unterst\u00fctzungsma\u00dfnahmen und inklusiver Bildung an den Europ\u00e4ischen Schulen \u2013 Verfahrensdokument<\/a><\/p>\n\n\n\n<p><a href=\"https:\/\/www.eursc.eu\/BasicTexts\/2014-03-D-14-de-11.pdf\">Allgemeine Schulordnung der Europ\u00e4ischen Schulen<\/a><\/p>\n\n\n\n<p><strong>Das SEN-Team an der Europ\u00e4ischen Schule:<br><br><\/strong>Grundschule: Ingrid Bayless<br>Oberschule: Sophie Chabanis-Davidson&nbsp;<\/p>\n\n\n\n<h2 class=\"wp-block-heading\"><strong><br>Wie kann die EV bei den SEN-Bed\u00fcrfnissen deines Kindes helfen?<\/strong><\/h2>\n\n\n\n<p>Brauchst du vertrauliche Beratung und Unterst\u00fctzung von einem Elternteil, das Erfahrung mit SEN an der ESK hat? M\u00f6chtest du ein freundliches Ohr f\u00fcr deine Sorgen haben und wissen, wie es ist, ein Kind mit SEN zu unterst\u00fctzen? Wir von der EV sind da, um zuzuh\u00f6ren und dir zu helfen, dich f\u00fcr dein Kind einzusetzen. Bitte wende dich an uns. Um Unterst\u00fctzung zu bitten, wird selten bereut, aber nicht zu fragen, wenn es n\u00f6tig ist, wird oft bereut. Wir sind hier, um zuzuh\u00f6ren.<\/p>\n\n\n\n<p>F\u00fcr weitere Informationen wende dich bitte an unsere SEN-Kontakte in der EV (<a href=\"https:\/\/www.esk-eltern.de\/de\/ueber-die-elternvereinigung\/whos-who\/\">Who\u2019s Who?<\/a>): sen@esk-eltern.de oder sen_de@esk-eltern.de<\/p>\n","protected":false},"excerpt":{"rendered":"<p>Hat dein Kind einen sonderp\u00e4dagogischen F\u00f6rderbedarf? Die ESK ist eine integrative Schule, in deren Schulgemeinschaft neurodivergente Kinder mit verschiedenen sonderp\u00e4dagogischen Bed\u00fcrfnissen wie Autismus, ADHS, Legasthenie, Dyskalkulie, Dysgraphie, Verhaltensauff\u00e4lligkeiten und\/oder emotionalen Herausforderungen, Hochbegabung und viele mehr leben. Unser SEN-Programm zielt darauf ab, Sch\u00fcler\/innen mit ma\u00dfgeschneiderter Unterst\u00fctzung zu helfen und den gesamten Lehrplan f\u00fcr Sch\u00fcler\/innen zug\u00e4nglich zu <a class=\"read-more-link\" href=\"https:\/\/www.esk-eltern.de\/de\/elternverein\/sonderpaedagogische-foerderung\/\">Read More<\/a><\/p>\n","protected":false},"author":406,"featured_media":0,"parent":13318,"menu_order":96,"comment_status":"closed","ping_status":"closed","template":"","meta":{"inline_featured_image":false,"footnotes":""},"class_list":["post-9397","page","type-page","status-publish","hentry"],"_links":{"self":[{"href":"https:\/\/www.esk-eltern.de\/de\/wp-json\/wp\/v2\/pages\/9397","targetHints":{"allow":["GET"]}}],"collection":[{"href":"https:\/\/www.esk-eltern.de\/de\/wp-json\/wp\/v2\/pages"}],"about":[{"href":"https:\/\/www.esk-eltern.de\/de\/wp-json\/wp\/v2\/types\/page"}],"author":[{"embeddable":true,"href":"https:\/\/www.esk-eltern.de\/de\/wp-json\/wp\/v2\/users\/406"}],"replies":[{"embeddable":true,"href":"https:\/\/www.esk-eltern.de\/de\/wp-json\/wp\/v2\/comments?post=9397"}],"version-history":[{"count":2,"href":"https:\/\/www.esk-eltern.de\/de\/wp-json\/wp\/v2\/pages\/9397\/revisions"}],"predecessor-version":[{"id":13023,"href":"https:\/\/www.esk-eltern.de\/de\/wp-json\/wp\/v2\/pages\/9397\/revisions\/13023"}],"up":[{"embeddable":true,"href":"https:\/\/www.esk-eltern.de\/de\/wp-json\/wp\/v2\/pages\/13318"}],"wp:attachment":[{"href":"https:\/\/www.esk-eltern.de\/de\/wp-json\/wp\/v2\/media?parent=9397"}],"curies":[{"name":"wp","href":"https:\/\/api.w.org\/{rel}","templated":true}]}}