{"id":9395,"date":"2023-08-02T22:39:52","date_gmt":"2023-08-02T20:39:52","guid":{"rendered":"https:\/\/www.esk-eltern.de\/?page_id=9395"},"modified":"2025-04-25T22:02:39","modified_gmt":"2025-04-25T20:02:39","slug":"sozialfond","status":"publish","type":"page","link":"https:\/\/www.esk-eltern.de\/de\/elternverein\/sozialfond\/","title":{"rendered":"Sozialfond"},"content":{"rendered":"\n<p>Mit unserem Sozialfonds m\u00f6chten wir Eltern unterst\u00fctzen, f\u00fcr die Schulgeb\u00fchren und damit verbundene Kosten eine vor\u00fcbergehende oder langfristige finanzielle Belastung darstellen.<\/p>\n\n\n\n<p>Wenn Sie beispielsweise finanzielle Unterst\u00fctzung f\u00fcr eine bevorstehende Klassenfahrt oder eine Schulveranstaltung ben\u00f6tigen, wenden Sie sich bitte an die Elternvereinigung und reichen Sie ein Formular f\u00fcr einen finanziellen Antrag ein, das Sie unter dem untenstehenden Link finden. Die Schulverwaltung wird dann gebeten, die finanzielle Notwendigkeit zu pr\u00fcfen und die Antr\u00e4ge zu genehmigen. Alle Antr\u00e4ge werden mit \u00e4u\u00dferster Vertraulichkeit behandelt.<\/p>\n\n\n\n<p><a href=\"https:\/\/www.esk-eltern.de\/nextcloud\/index.php\/s\/sa4GXCCMcqz97L4\">https:\/\/www.esk-eltern.de\/nextcloud\/index.php\/s\/sa4GXCCMcqz97L4<\/a><\/p>\n\n\n\n<p>Um f\u00fcr eine Unterst\u00fctzung in Frage zu kommen, m\u00fcssen Sie Mitglied der Elternvereinigung sein.<\/p>\n\n\n\n<p>Bei Fragen zum Sozialfonds wenden Sie sich bitte an <a href=\"mailto:kar-evtreasurer@partner.eursc.eu\">kar-evtreasurer@partner.eursc.eu<\/a><\/p>\n","protected":false},"excerpt":{"rendered":"<p>Mit unserem Sozialfonds m\u00f6chten wir Eltern unterst\u00fctzen, f\u00fcr die Schulgeb\u00fchren und damit verbundene Kosten eine vor\u00fcbergehende oder langfristige finanzielle Belastung darstellen. Wenn Sie beispielsweise finanzielle Unterst\u00fctzung f\u00fcr eine bevorstehende Klassenfahrt oder eine Schulveranstaltung ben\u00f6tigen, wenden Sie sich bitte an die Elternvereinigung und reichen Sie ein Formular f\u00fcr einen finanziellen Antrag ein, das Sie unter dem <a class=\"read-more-link\" href=\"https:\/\/www.esk-eltern.de\/de\/elternverein\/sozialfond\/\">Read More<\/a><\/p>\n","protected":false},"author":406,"featured_media":0,"parent":13318,"menu_order":90,"comment_status":"closed","ping_status":"closed","template":"","meta":{"inline_featured_image":false,"footnotes":""},"class_list":["post-9395","page","type-page","status-publish","hentry"],"_links":{"self":[{"href":"https:\/\/www.esk-eltern.de\/de\/wp-json\/wp\/v2\/pages\/9395","targetHints":{"allow":["GET"]}}],"collection":[{"href":"https:\/\/www.esk-eltern.de\/de\/wp-json\/wp\/v2\/pages"}],"about":[{"href":"https:\/\/www.esk-eltern.de\/de\/wp-json\/wp\/v2\/types\/page"}],"author":[{"embeddable":true,"href":"https:\/\/www.esk-eltern.de\/de\/wp-json\/wp\/v2\/users\/406"}],"replies":[{"embeddable":true,"href":"https:\/\/www.esk-eltern.de\/de\/wp-json\/wp\/v2\/comments?post=9395"}],"version-history":[{"count":3,"href":"https:\/\/www.esk-eltern.de\/de\/wp-json\/wp\/v2\/pages\/9395\/revisions"}],"predecessor-version":[{"id":13317,"href":"https:\/\/www.esk-eltern.de\/de\/wp-json\/wp\/v2\/pages\/9395\/revisions\/13317"}],"up":[{"embeddable":true,"href":"https:\/\/www.esk-eltern.de\/de\/wp-json\/wp\/v2\/pages\/13318"}],"wp:attachment":[{"href":"https:\/\/www.esk-eltern.de\/de\/wp-json\/wp\/v2\/media?parent=9395"}],"curies":[{"name":"wp","href":"https:\/\/api.w.org\/{rel}","templated":true}]}}