{"id":9267,"date":"2023-08-01T20:36:29","date_gmt":"2023-08-01T18:36:29","guid":{"rendered":"https:\/\/www.esk-eltern.de\/?page_id=9267"},"modified":"2025-04-25T20:55:46","modified_gmt":"2025-04-25T18:55:46","slug":"startseite-2","status":"publish","type":"page","link":"https:\/\/www.esk-eltern.de\/de\/","title":{"rendered":"Startseite"},"content":{"rendered":"\n<div class=\"wp-block-group alignfull has-background is-layout-flow wp-block-group-is-layout-flow\" style=\"background-color:#ffffff00;padding-top:100px;padding-bottom:100px\">\n<div class=\"wp-block-columns alignwide are-vertically-aligned-center is-layout-flex wp-container-core-columns-is-layout-f350720d wp-block-columns-is-layout-flex\" style=\"padding-top:20px\">\n<div class=\"wp-block-column is-vertically-aligned-center has-background is-layout-flow wp-block-column-is-layout-flow\" style=\"background-color:#00000000\">\n<div class=\"wp-block-group alignwide has-background is-layout-flow wp-block-group-is-layout-flow\" style=\"border-top-left-radius:0px;border-top-right-radius:80px;border-bottom-left-radius:80px;border-bottom-right-radius:0px;background-color:#b0c7e6;padding-top:30px;padding-right:20px;padding-bottom:30px;padding-left:20px\">\n<figure class=\"wp-block-image aligncenter size-large is-resized\"><img loading=\"lazy\" decoding=\"async\" width=\"32\" height=\"32\" src=\"https:\/\/www.esk-eltern.de\/wp-content\/uploads\/2023\/07\/trophy-duotone.svg\" alt=\"\" class=\"wp-image-9148\" style=\"width:64px;height:64px\"\/><\/figure>\n\n\n\n<h4 class=\"wp-block-heading has-text-align-center has-foreground-color has-text-color\" style=\"font-size:22px;line-height:1.3\"><strong>Au\u00dferschulische Aktivit\u00e4ten<\/strong><br><\/h4>\n\n\n\n<p class=\"has-text-align-center has-text-color has-extra-small-font-size\" style=\"color:#004aad\">Angebot und Organisation der Au\u00dferschulischen Aktivit\u00e4ten<\/p>\n\n\n\n<div class=\"wp-block-buttons is-content-justification-center is-layout-flex wp-container-core-buttons-is-layout-a89b3969 wp-block-buttons-is-layout-flex\">\n<div class=\"wp-block-button has-custom-font-size\" style=\"font-size:16px\"><a class=\"wp-block-button__link has-foreground-color has-text-color has-background wp-element-button\" href=\"https:\/\/www.esk-eltern.de\/de\/dienstleistungen\/ausserschulische-aktivitaten\/\" style=\"border-top-left-radius:20px;border-top-right-radius:5px;border-bottom-left-radius:5px;border-bottom-right-radius:20px;background-color:#fff844;padding-top:5px;padding-right:15px;padding-bottom:5px;padding-left:15px\">zu den Aktivit\u00e4ten<\/a><\/div>\n<\/div>\n<\/div>\n<\/div>\n\n\n\n<div class=\"wp-block-column is-vertically-aligned-center has-background is-layout-flow wp-block-column-is-layout-flow\" style=\"background-color:#00000000\">\n<div class=\"wp-block-group alignwide has-background is-layout-flow wp-block-group-is-layout-flow\" style=\"border-top-left-radius:0px;border-top-right-radius:80px;border-bottom-left-radius:80px;border-bottom-right-radius:0px;background-color:#b0c7e6;padding-top:30px;padding-right:20px;padding-bottom:30px;padding-left:20px\">\n<figure class=\"wp-block-image aligncenter size-large is-resized\"><img loading=\"lazy\" decoding=\"async\" width=\"32\" height=\"32\" src=\"https:\/\/www.esk-eltern.de\/wp-content\/uploads\/2023\/07\/shirt-folded-duotone.svg\" alt=\"\" class=\"wp-image-9145\" style=\"width:64px;height:64px\"\/><\/figure>\n\n\n\n<h4 class=\"wp-block-heading has-text-align-center has-foreground-color has-text-color\" style=\"font-size:22px;line-height:1.3\"><strong>Euroboutique<\/strong><br><\/h4>\n\n\n\n<p class=\"has-text-align-center has-text-color has-extra-small-font-size\" style=\"color:#004aad\">Kleidungsst\u00fccke mit dem Logo der Europ\u00e4ischen Schule Karlsruhe<\/p>\n\n\n\n<div class=\"wp-block-buttons is-content-justification-center is-layout-flex wp-container-core-buttons-is-layout-a89b3969 wp-block-buttons-is-layout-flex\">\n<div class=\"wp-block-button has-custom-font-size\" style=\"font-size:16px\"><a class=\"wp-block-button__link has-foreground-color has-text-color has-background wp-element-button\" href=\"https:\/\/www.esk-eltern.de\/de\/dienstleistungen\/euroboutique\/\" style=\"border-top-left-radius:20px;border-top-right-radius:5px;border-bottom-left-radius:5px;border-bottom-right-radius:20px;background-color:#fff844;padding-top:5px;padding-right:15px;padding-bottom:5px;padding-left:15px\">zum Onlineshop<\/a><\/div>\n<\/div>\n<\/div>\n<\/div>\n\n\n\n<div class=\"wp-block-column is-vertically-aligned-center has-background is-layout-flow wp-block-column-is-layout-flow\" style=\"background-color:#00000000\">\n<div class=\"wp-block-group alignwide has-background is-layout-flow wp-block-group-is-layout-flow\" style=\"border-top-left-radius:0px;border-top-right-radius:80px;border-bottom-left-radius:80px;border-bottom-right-radius:0px;background-color:#b0c7e6;padding-top:30px;padding-right:20px;padding-bottom:30px;padding-left:20px\">\n<figure class=\"wp-block-image aligncenter size-large is-resized\"><img loading=\"lazy\" decoding=\"async\" width=\"32\" height=\"32\" src=\"https:\/\/www.esk-eltern.de\/wp-content\/uploads\/2023\/07\/hand-heart-duotone.svg\" alt=\"\" class=\"wp-image-9139\" style=\"width:64px;height:64px\"\/><\/figure>\n\n\n\n<h4 class=\"wp-block-heading has-text-align-center has-foreground-color has-text-color\" style=\"font-size:22px;line-height:1.3\"><strong>Sozialfond<\/strong><br><\/h4>\n\n\n\n<p class=\"has-text-align-center has-text-color has-extra-small-font-size\" style=\"color:#004aad\">Unterst\u00fctzung der Kinder sozial schwacher Familien <\/p>\n\n\n\n<div class=\"wp-block-buttons is-content-justification-center is-layout-flex wp-container-core-buttons-is-layout-a89b3969 wp-block-buttons-is-layout-flex\">\n<div class=\"wp-block-button has-custom-font-size\" style=\"font-size:16px\"><a class=\"wp-block-button__link has-foreground-color has-text-color has-background wp-element-button\" href=\"https:\/\/www.esk-eltern.de\/dienstleistungen\/sozialfond\/\" style=\"border-top-left-radius:20px;border-top-right-radius:5px;border-bottom-left-radius:5px;border-bottom-right-radius:20px;background-color:#fff844;padding-top:5px;padding-right:15px;padding-bottom:5px;padding-left:15px\">Erfahre mehr<\/a><\/div>\n<\/div>\n<\/div>\n<\/div>\n\n\n\n<div class=\"wp-block-column is-vertically-aligned-center has-background is-layout-flow wp-block-column-is-layout-flow\" style=\"background-color:#00000000\">\n<div class=\"wp-block-group alignwide has-background is-layout-flow wp-block-group-is-layout-flow\" style=\"border-top-left-radius:0px;border-top-right-radius:80px;border-bottom-left-radius:80px;border-bottom-right-radius:0px;background-color:#b0c7e6;padding-top:30px;padding-right:20px;padding-bottom:30px;padding-left:20px\">\n<figure class=\"wp-block-image aligncenter size-large is-resized\"><img loading=\"lazy\" decoding=\"async\" width=\"32\" height=\"32\" src=\"https:\/\/www.esk-eltern.de\/wp-content\/uploads\/2023\/07\/handshake-duotone.svg\" alt=\"\" class=\"wp-image-9142\" style=\"width:64px;height:64px\"\/><\/figure>\n\n\n\n<h4 class=\"wp-block-heading has-text-align-center has-foreground-color has-text-color\" style=\"font-size:22px;line-height:1.3\"><strong>Sonderp\u00e4dagogische F\u00f6rderung<\/strong><br><\/h4>\n\n\n\n<p class=\"has-text-align-center has-text-color has-extra-small-font-size\" style=\"color:#004aad\">Unterst\u00fctzung bei  sonderp\u00e4dagogischen F\u00f6rderbedarf<\/p>\n\n\n\n<div class=\"wp-block-buttons is-content-justification-center is-layout-flex wp-container-core-buttons-is-layout-a89b3969 wp-block-buttons-is-layout-flex\">\n<div class=\"wp-block-button has-custom-font-size\" style=\"font-size:16px\"><a class=\"wp-block-button__link has-foreground-color has-text-color has-background wp-element-button\" href=\"https:\/\/www.esk-eltern.de\/dienstleistungen\/sonderpaedagogische-foerderung\/\" style=\"border-top-left-radius:20px;border-top-right-radius:5px;border-bottom-left-radius:5px;border-bottom-right-radius:20px;background-color:#fff844;padding-top:5px;padding-right:15px;padding-bottom:5px;padding-left:15px\">Erfahre mehr<\/a><\/div>\n<\/div>\n<\/div>\n<\/div>\n<\/div>\n\n\n\n<div class=\"wp-block-columns alignwide are-vertically-aligned-center is-layout-flex wp-container-core-columns-is-layout-f350720d wp-block-columns-is-layout-flex\" style=\"padding-top:20px\">\n<div class=\"wp-block-column is-vertically-aligned-center has-background is-layout-flow wp-block-column-is-layout-flow\" style=\"background-color:#00000000\">\n<div class=\"wp-block-group alignwide has-background is-layout-flow wp-block-group-is-layout-flow\" style=\"border-top-left-radius:0px;border-top-right-radius:80px;border-bottom-left-radius:80px;border-bottom-right-radius:0px;background-color:#004aad;padding-top:30px;padding-right:20px;padding-bottom:30px;padding-left:20px\">\n<figure class=\"wp-block-image aligncenter size-large is-resized\"><img loading=\"lazy\" decoding=\"async\" width=\"32\" height=\"32\" src=\"https:\/\/www.esk-eltern.de\/wp-content\/uploads\/2023\/07\/fork-knife-duotone.svg\" alt=\"\" class=\"wp-image-9136\" style=\"width:64px;height:64px\"\/><\/figure>\n\n\n\n<h4 class=\"wp-block-heading has-text-align-center has-white-color has-text-color\" style=\"font-size:22px;line-height:1.3\"><strong>Kantine<\/strong><br><\/h4>\n\n\n\n<p class=\"has-text-align-center has-text-color has-extra-small-font-size\" style=\"color:#fff844\">Gemeinsam mit Medirest<\/p>\n\n\n\n<div class=\"wp-block-buttons is-content-justification-center is-layout-flex wp-container-core-buttons-is-layout-a89b3969 wp-block-buttons-is-layout-flex\">\n<div class=\"wp-block-button has-custom-font-size\" style=\"font-size:16px\"><a class=\"wp-block-button__link has-foreground-color has-text-color has-background wp-element-button\" href=\"https:\/\/www.esk-eltern.de\/de\/dienstleistungen\/kantine\/\" style=\"border-top-left-radius:20px;border-top-right-radius:5px;border-bottom-left-radius:5px;border-bottom-right-radius:20px;background-color:#fffca8;padding-top:5px;padding-right:15px;padding-bottom:5px;padding-left:15px\">Erfahre mehr<\/a><\/div>\n<\/div>\n<\/div>\n<\/div>\n\n\n\n<div class=\"wp-block-column is-vertically-aligned-center has-background is-layout-flow wp-block-column-is-layout-flow\" style=\"background-color:#00000000\">\n<div class=\"wp-block-group alignwide has-background is-layout-flow wp-block-group-is-layout-flow\" style=\"border-top-left-radius:0px;border-top-right-radius:80px;border-bottom-left-radius:80px;border-bottom-right-radius:0px;background-color:#004aad;padding-top:30px;padding-right:20px;padding-bottom:30px;padding-left:20px\">\n<figure class=\"wp-block-image aligncenter size-large is-resized\"><img decoding=\"async\" src=\"https:\/\/www.esk-eltern.de\/wp-content\/uploads\/2023\/07\/bus-duotone.svg\" alt=\"\" class=\"wp-image-9133\" style=\"width:64px;height:64px\"\/><\/figure>\n\n\n\n<h4 class=\"wp-block-heading has-text-align-center has-background-color has-text-color\" style=\"font-size:22px;line-height:1.3\"><strong>Transport<\/strong><br><\/h4>\n\n\n\n<p class=\"has-text-align-center has-text-color has-extra-small-font-size\" style=\"color:#fff844\">Sch\u00fclertransport der ESK<\/p>\n\n\n\n<div class=\"wp-block-buttons is-content-justification-center is-layout-flex wp-container-core-buttons-is-layout-a89b3969 wp-block-buttons-is-layout-flex\">\n<div class=\"wp-block-button has-custom-font-size\" style=\"font-size:16px\"><a class=\"wp-block-button__link has-foreground-color has-text-color has-background wp-element-button\" href=\"https:\/\/www.eskar-transport.de\/\" style=\"border-top-left-radius:20px;border-top-right-radius:5px;border-bottom-left-radius:5px;border-bottom-right-radius:20px;background-color:#fffca8;padding-top:5px;padding-right:15px;padding-bottom:5px;padding-left:15px\">zur Webseite<\/a><\/div>\n<\/div>\n<\/div>\n<\/div>\n\n\n\n<div class=\"wp-block-column is-vertically-aligned-center has-background is-layout-flow wp-block-column-is-layout-flow\" style=\"background-color:#00000000\">\n<div class=\"wp-block-group alignwide has-background is-layout-flow wp-block-group-is-layout-flow\" style=\"border-top-left-radius:0px;border-top-right-radius:80px;border-bottom-left-radius:80px;border-bottom-right-radius:0px;background-color:#004aad;padding-top:30px;padding-right:20px;padding-bottom:30px;padding-left:20px\">\n<figure class=\"wp-block-image aligncenter size-large is-resized\"><img loading=\"lazy\" decoding=\"async\" width=\"32\" height=\"32\" src=\"https:\/\/www.esk-eltern.de\/wp-content\/uploads\/2023\/07\/backpack-duotone.svg\" alt=\"\" class=\"wp-image-9130\" style=\"width:64px;height:64px\"\/><\/figure>\n\n\n\n<h4 class=\"wp-block-heading has-text-align-center has-background-color has-text-color\" style=\"font-size:22px;line-height:1.3\"><strong>Ferienbetreuung<\/strong><br><\/h4>\n\n\n\n<p class=\"has-text-align-center has-text-color has-extra-small-font-size\" style=\"color:#fff844\">Organisation von Betreuungen<\/p>\n\n\n\n<div class=\"wp-block-buttons is-content-justification-center is-layout-flex wp-container-core-buttons-is-layout-a89b3969 wp-block-buttons-is-layout-flex\">\n<div class=\"wp-block-button has-custom-font-size\" style=\"font-size:16px\"><a class=\"wp-block-button__link has-foreground-color has-text-color has-background wp-element-button\" href=\"https:\/\/www.esk-eltern.de\/de\/dienstleistungen\/ferienbetreuung\/\" style=\"border-top-left-radius:20px;border-top-right-radius:5px;border-bottom-left-radius:5px;border-bottom-right-radius:20px;background-color:#fffca8;padding-top:5px;padding-right:15px;padding-bottom:5px;padding-left:15px\">Erfahre mehr<\/a><\/div>\n<\/div>\n<\/div>\n<\/div>\n\n\n\n<div class=\"wp-block-column is-vertically-aligned-center has-background is-layout-flow wp-block-column-is-layout-flow\" style=\"background-color:#00000000\">\n<div class=\"wp-block-group alignwide has-background is-layout-flow wp-block-group-is-layout-flow\" style=\"border-top-left-radius:0px;border-top-right-radius:80px;border-bottom-left-radius:80px;border-bottom-right-radius:0px;background-color:#004aad;padding-top:30px;padding-right:20px;padding-bottom:30px;padding-left:20px\">\n<figure class=\"wp-block-image aligncenter size-large is-resized\"><img loading=\"lazy\" decoding=\"async\" width=\"32\" height=\"32\" src=\"https:\/\/www.esk-eltern.de\/wp-content\/uploads\/2023\/08\/plus.svg\" alt=\"\" class=\"wp-image-9351\" style=\"width:64px;height:64px\"\/><\/figure>\n\n\n\n<h4 class=\"wp-block-heading has-text-align-center has-background-color has-text-color\" style=\"font-size:22px;line-height:1.3\"><strong>&#8230;und noch mehr<\/strong><br><\/h4>\n\n\n\n<p class=\"has-text-align-center has-text-color has-extra-small-font-size\" style=\"color:#fff844\">f\u00fcr Euch&#8230;<\/p>\n\n\n\n<div class=\"wp-block-buttons is-content-justification-center is-layout-flex wp-container-core-buttons-is-layout-a89b3969 wp-block-buttons-is-layout-flex\">\n<div class=\"wp-block-button has-custom-font-size\" style=\"font-size:16px\"><a class=\"wp-block-button__link has-foreground-color has-text-color has-background wp-element-button\" href=\"https:\/\/www.esk-eltern.de\/de\/dienstleistungen\/\" style=\"border-top-left-radius:20px;border-top-right-radius:5px;border-bottom-left-radius:5px;border-bottom-right-radius:20px;background-color:#fffca8;padding-top:5px;padding-right:15px;padding-bottom:5px;padding-left:15px\">Erfahre mehr<\/a><\/div>\n<\/div>\n<\/div>\n<\/div>\n<\/div>\n<\/div>\n\n\n\n<p><\/p>\n\n\n<div\n    \tclass=\"alignwide wp-block-ctrb-counters\"    id='ctrbCounters-1'\n    data-attributes='{&quot;cId&quot;:&quot;99244650-f&quot;,&quot;counters&quot;:[{&quot;background&quot;:{&quot;color&quot;:&quot;#0000&quot;,&quot;type&quot;:&quot;solid&quot;,&quot;image&quot;:{&quot;id&quot;:8754,&quot;url&quot;:&quot;https:\\\/\\\/dev.esk-eltern.de\\\/wp-content\\\/uploads\\\/2023\\\/04\\\/trophy-duotone.svg&quot;,&quot;alt&quot;:&quot;&quot;,&quot;title&quot;:&quot;trophy-duotone&quot;},&quot;overlayColor&quot;:&quot;rgba(0, 0, 0, 0)&quot;,&quot;size&quot;:&quot;contain&quot;},&quot;icon&quot;:{&quot;class&quot;:&quot;fas fa-trophy&quot;,&quot;fontSize&quot;:50,&quot;color&quot;:&quot;rgba(0, 74, 173, 1)&quot;,&quot;name&quot;:&quot;trophy&quot;,&quot;colorType&quot;:&quot;solid&quot;},&quot;number&quot;:{&quot;start&quot;:0,&quot;end&quot;:29,&quot;prefix&quot;:&quot;&quot;,&quot;suffix&quot;:&quot;+&quot;,&quot;color&quot;:&quot;rgba(0, 74, 173, 1)&quot;},&quot;label&quot;:{&quot;text&quot;:&quot;Au\\u00dferschulische Aktivit\\u00e4ten&quot;,&quot;color&quot;:&quot;rgba(0, 74, 173, 1)&quot;}},{&quot;background&quot;:{&quot;color&quot;:&quot;#0000&quot;,&quot;type&quot;:&quot;solid&quot;},&quot;icon&quot;:{&quot;class&quot;:&quot;fas fa-child&quot;,&quot;fontSize&quot;:50,&quot;color&quot;:&quot;rgba(0, 74, 173, 1)&quot;,&quot;name&quot;:&quot;child&quot;},&quot;number&quot;:{&quot;start&quot;:0,&quot;end&quot;:0,&quot;prefix&quot;:&quot;wir starten...&quot;,&quot;suffix&quot;:&quot;+&quot;,&quot;color&quot;:&quot;rgba(0, 74, 173, 1)&quot;},&quot;label&quot;:{&quot;text&quot;:&quot;unterst\\u00fctzte Projekte&quot;,&quot;color&quot;:&quot;rgba(0, 74, 173, 1)&quot;}},{&quot;background&quot;:{&quot;color&quot;:&quot;#0000&quot;,&quot;type&quot;:&quot;solid&quot;},&quot;icon&quot;:{&quot;class&quot;:&quot;fas fa-shopping-basket&quot;,&quot;fontSize&quot;:50,&quot;color&quot;:&quot;rgba(0, 74, 173, 1)&quot;,&quot;name&quot;:&quot;shopping-basket&quot;},&quot;number&quot;:{&quot;start&quot;:0,&quot;end&quot;:4,&quot;prefix&quot;:&quot;&quot;,&quot;suffix&quot;:&quot;+&quot;,&quot;color&quot;:&quot;rgba(0, 74, 173, 1)&quot;},&quot;label&quot;:{&quot;text&quot;:&quot;Artikel in der Euroboutique&quot;,&quot;color&quot;:&quot;rgba(0, 74, 173, 1)&quot;}}],&quot;theme&quot;:&quot;theme2&quot;,&quot;background&quot;:{&quot;color&quot;:&quot;#0000&quot;,&quot;type&quot;:&quot;solid&quot;,&quot;image&quot;:{&quot;url&quot;:&quot;https:\\\/\\\/i.ibb.co\\\/b18MWMw\\\/open-space-office.jpg&quot;},&quot;overlayColor&quot;:&quot;#000000b3&quot;},&quot;counterHeight&quot;:&quot;175px&quot;,&quot;iconSize&quot;:30,&quot;iconPosition&quot;:&quot;label&quot;,&quot;numberTypo&quot;:{&quot;fontSize&quot;:{&quot;desktop&quot;:30,&quot;tablet&quot;:40,&quot;mobile&quot;:32}},&quot;counterBorder&quot;:{&quot;radius&quot;:&quot;5px&quot;,&quot;width&quot;:&quot;2px&quot;,&quot;color&quot;:&quot;rgba(0, 123, 255, 0.85)&quot;},&quot;align&quot;:&quot;wide&quot;,&quot;columns&quot;:{&quot;desktop&quot;:3,&quot;tablet&quot;:2,&quot;mobile&quot;:1},&quot;columnGap&quot;:&quot;20px&quot;,&quot;rowGap&quot;:&quot;30px&quot;,&quot;duration&quot;:2000,&quot;separator&quot;:{&quot;char&quot;:&quot;&quot;},&quot;padding&quot;:{&quot;vertical&quot;:&quot;20px&quot;,&quot;horizontal&quot;:&quot;0px&quot;},&quot;textAlign&quot;:&quot;center&quot;,&quot;counterWidth&quot;:&quot;250px&quot;,&quot;isIcon&quot;:true,&quot;isLabel&quot;:true,&quot;labelTypo&quot;:{&quot;fontSize&quot;:{&quot;desktop&quot;:&quot;22px&quot;,&quot;tablet&quot;:&quot;20px&quot;,&quot;mobile&quot;:&quot;18px&quot;}},&quot;counterPadding&quot;:{&quot;vertical&quot;:&quot;20px&quot;,&quot;horizontal&quot;:&quot;20px&quot;},&quot;counterShadow&quot;:[]}'\n><\/div>","protected":false},"excerpt":{"rendered":"<p>Au\u00dferschulische Aktivit\u00e4ten Angebot und Organisation der Au\u00dferschulischen Aktivit\u00e4ten Euroboutique Kleidungsst\u00fccke mit dem Logo der Europ\u00e4ischen Schule Karlsruhe Sozialfond Unterst\u00fctzung der Kinder sozial schwacher Familien Sonderp\u00e4dagogische F\u00f6rderung Unterst\u00fctzung bei sonderp\u00e4dagogischen F\u00f6rderbedarf Kantine Gemeinsam mit Medirest Transport Sch\u00fclertransport der ESK Ferienbetreuung Organisation von Betreuungen &#8230;und noch mehr f\u00fcr Euch&#8230;<\/p>\n","protected":false},"author":406,"featured_media":0,"parent":0,"menu_order":161,"comment_status":"closed","ping_status":"closed","template":"wp-custom-template-ev-seite","meta":{"inline_featured_image":false,"footnotes":""},"class_list":["post-9267","page","type-page","status-publish","hentry"],"_links":{"self":[{"href":"https:\/\/www.esk-eltern.de\/de\/wp-json\/wp\/v2\/pages\/9267","targetHints":{"allow":["GET"]}}],"collection":[{"href":"https:\/\/www.esk-eltern.de\/de\/wp-json\/wp\/v2\/pages"}],"about":[{"href":"https:\/\/www.esk-eltern.de\/de\/wp-json\/wp\/v2\/types\/page"}],"author":[{"embeddable":true,"href":"https:\/\/www.esk-eltern.de\/de\/wp-json\/wp\/v2\/users\/406"}],"replies":[{"embeddable":true,"href":"https:\/\/www.esk-eltern.de\/de\/wp-json\/wp\/v2\/comments?post=9267"}],"version-history":[{"count":10,"href":"https:\/\/www.esk-eltern.de\/de\/wp-json\/wp\/v2\/pages\/9267\/revisions"}],"predecessor-version":[{"id":12296,"href":"https:\/\/www.esk-eltern.de\/de\/wp-json\/wp\/v2\/pages\/9267\/revisions\/12296"}],"wp:attachment":[{"href":"https:\/\/www.esk-eltern.de\/de\/wp-json\/wp\/v2\/media?parent=9267"}],"curies":[{"name":"wp","href":"https:\/\/api.w.org\/{rel}","templated":true}]}}