{"id":9236,"date":"2023-08-01T00:00:24","date_gmt":"2023-07-31T22:00:24","guid":{"rendered":"https:\/\/www.esk-eltern.de\/?page_id=9236"},"modified":"2024-07-01T00:28:23","modified_gmt":"2024-06-30T22:28:23","slug":"mitgliedwerden","status":"publish","type":"page","link":"https:\/\/www.esk-eltern.de\/de\/mitgliedwerden\/","title":{"rendered":"Mitglied werden, Mitgliedschaft erneuern"},"content":{"rendered":"\n<p><span lang=\"DE\">Die Arbeit des Elternvereins vereinigt alle Familien der Europ\u00e4ischen Schule Karlsruhe (ESK); somit haben wir einen betr\u00e4chtlichen Einfluss bei vielen Entscheidungen, die \u00fcber die Bildung und das Wohl unserer Kinder getroffen werden. <\/span><\/p>\n\n\n\n<p><span lang=\"DE\">Aber wir brauchen Ihre Unterst\u00fctzung. <\/span><\/p>\n\n\n\n<p><span lang=\"DE\">Der erste Schritt ist, Mitglied zu werden! <\/span><\/p>\n\n\n\n<div class=\"wp-block-cover\"><span aria-hidden=\"true\" class=\"wp-block-cover__background has-background-dim\"><\/span><img loading=\"lazy\" decoding=\"async\" width=\"2560\" height=\"1920\" class=\"wp-block-cover__image-background wp-image-1292\" alt=\"\" src=\"https:\/\/www.esk-eltern.de\/wp-content\/uploads\/2018\/06\/team-386673.jpg\" data-object-fit=\"cover\" srcset=\"https:\/\/www.esk-eltern.de\/wp-content\/uploads\/2018\/06\/team-386673.jpg 2560w, https:\/\/www.esk-eltern.de\/wp-content\/uploads\/2018\/06\/team-386673-439x329.jpg 439w, https:\/\/www.esk-eltern.de\/wp-content\/uploads\/2018\/06\/team-386673-768x576.jpg 768w, https:\/\/www.esk-eltern.de\/wp-content\/uploads\/2018\/06\/team-386673-587x440.jpg 587w, https:\/\/www.esk-eltern.de\/wp-content\/uploads\/2018\/06\/team-386673-600x450.jpg 600w\" sizes=\"auto, (max-width: 2560px) 100vw, 2560px\" \/><div class=\"wp-block-cover__inner-container is-layout-flow wp-block-cover-is-layout-flow\">\n<h2 class=\"wp-block-heading has-text-align-center has-background-color has-text-color\"><strong>Mitgliedsbeitrag<\/strong><\/h2>\n\n\n\n<p class=\"has-text-align-center has-background-color has-text-color\">Der Mitgliedsbeitrag betr\u00e4gt 40 Euro j\u00e4hrlich pro Familie f\u00fcr das Schuljahr (nicht Kalenderjahr).<br>Sie k\u00f6nnen diesen Beitrag online bezahlen.<\/p>\n<\/div><\/div>\n\n\n\n<div class=\"wp-block-group is-layout-constrained wp-block-group-is-layout-constrained\"><div data-block-name=\"woocommerce\/product-category\" data-categories=\"[256]\" data-columns=\"1\" data-content-visibility=\"{&quot;image&quot;:true,&quot;title&quot;:true,&quot;price&quot;:true,&quot;rating&quot;:false,&quot;button&quot;:true}\" data-rows=\"1\" class=\"wc-block-grid wp-block-product-category wp-block-woocommerce-product-category wc-block-product-category has-1-columns\"><ul class=\"wc-block-grid__products\"><li class=\"wc-block-grid__product\">\n\t\t\t\t<a href=\"https:\/\/www.esk-eltern.de\/de\/produkt\/mitgliedschaft\/\" class=\"wc-block-grid__product-link\">\n\t\t\t\t\t\n\t\t\t\t\t<div class=\"wc-block-grid__product-image\"><img loading=\"lazy\" decoding=\"async\" width=\"450\" height=\"450\" src=\"https:\/\/www.esk-eltern.de\/wp-content\/uploads\/2018\/02\/common-1300520_1920-450x450.png\" class=\"attachment-woocommerce_thumbnail size-woocommerce_thumbnail\" alt=\"Mitgliedschaft\" srcset=\"https:\/\/www.esk-eltern.de\/wp-content\/uploads\/2018\/02\/common-1300520_1920-450x450.png 450w, https:\/\/www.esk-eltern.de\/wp-content\/uploads\/2018\/02\/common-1300520_1920-100x100.png 100w\" sizes=\"auto, (max-width: 450px) 100vw, 450px\" \/><\/div>\n\t\t\t\t\t<div class=\"wc-block-grid__product-title\">Mitgliedschaft<\/div>\n\t\t\t\t<\/a>\n\t\t\t\t<div class=\"wc-block-grid__product-price price\"><span class=\"woocommerce-Price-amount amount\">40.00<span class=\"woocommerce-Price-currencySymbol\">&euro;<\/span><\/span><\/div>\n\t\t\t\t\n\t\t\t\t<div class=\"wp-block-button wc-block-grid__product-add-to-cart\"><a href=\"\/de\/wp-json\/wp\/v2\/pages\/9236?add-to-cart=525\" aria-label=\"In den Warenkorb legen: \u201eMitgliedschaft\u201c\" data-quantity=\"1\" data-product_id=\"525\" data-product_sku=\"\" data-price=\"40\" rel=\"nofollow\" class=\"wp-block-button__link wp-element-button add_to_cart_button ajax_add_to_cart\">In den Warenkorb<\/a><\/div>\n\t\t\t<\/li><\/ul><\/div><\/div>\n\n\n\n<p>Vielen Dank jetzt schon, dass Sie die Elternvereinigung der ESK und somit die Kinder an der Schule unterst\u00fctzen.<\/p>\n\n\n\n<p>Bei nachhaltigen Problemen kontaktieren Sie uns \u00fcber das <a href=\"https:\/\/www.esk-eltern.de\/de\/kontakt\/\">Kontaktformular<\/a>.<\/p>\n","protected":false},"excerpt":{"rendered":"<p>Die Arbeit des Elternvereins vereinigt alle Familien der Europ\u00e4ischen Schule Karlsruhe (ESK); somit haben wir einen betr\u00e4chtlichen Einfluss bei vielen Entscheidungen, die \u00fcber die Bildung und das Wohl unserer Kinder getroffen werden. Aber wir brauchen Ihre Unterst\u00fctzung. Der erste Schritt ist, Mitglied zu werden! Vielen Dank jetzt schon, dass Sie die Elternvereinigung der ESK und <a class=\"read-more-link\" href=\"https:\/\/www.esk-eltern.de\/de\/mitgliedwerden\/\">Read More<\/a><\/p>\n","protected":false},"author":406,"featured_media":0,"parent":0,"menu_order":103,"comment_status":"closed","ping_status":"closed","template":"","meta":{"inline_featured_image":false,"footnotes":""},"class_list":["post-9236","page","type-page","status-publish","hentry"],"_links":{"self":[{"href":"https:\/\/www.esk-eltern.de\/de\/wp-json\/wp\/v2\/pages\/9236","targetHints":{"allow":["GET"]}}],"collection":[{"href":"https:\/\/www.esk-eltern.de\/de\/wp-json\/wp\/v2\/pages"}],"about":[{"href":"https:\/\/www.esk-eltern.de\/de\/wp-json\/wp\/v2\/types\/page"}],"author":[{"embeddable":true,"href":"https:\/\/www.esk-eltern.de\/de\/wp-json\/wp\/v2\/users\/406"}],"replies":[{"embeddable":true,"href":"https:\/\/www.esk-eltern.de\/de\/wp-json\/wp\/v2\/comments?post=9236"}],"version-history":[{"count":9,"href":"https:\/\/www.esk-eltern.de\/de\/wp-json\/wp\/v2\/pages\/9236\/revisions"}],"predecessor-version":[{"id":11689,"href":"https:\/\/www.esk-eltern.de\/de\/wp-json\/wp\/v2\/pages\/9236\/revisions\/11689"}],"wp:attachment":[{"href":"https:\/\/www.esk-eltern.de\/de\/wp-json\/wp\/v2\/media?parent=9236"}],"curies":[{"name":"wp","href":"https:\/\/api.w.org\/{rel}","templated":true}]}}