{"id":9212,"date":"2023-07-31T23:48:36","date_gmt":"2023-07-31T21:48:36","guid":{"rendered":"https:\/\/www.esk-eltern.de\/?page_id=9212"},"modified":"2025-04-25T22:46:18","modified_gmt":"2025-04-25T20:46:18","slug":"kontakt","status":"publish","type":"page","link":"https:\/\/www.esk-eltern.de\/de\/informationen\/kontakt\/","title":{"rendered":"Kontakt"},"content":{"rendered":"\n<div class=\"wp-block-group is-layout-constrained wp-block-group-is-layout-constrained\">\n<div class=\"wp-block-group is-nowrap is-layout-flex wp-container-core-group-is-layout-6c531013 wp-block-group-is-layout-flex\">\n<div class=\"wp-block-columns is-layout-flex wp-container-core-columns-is-layout-28f84493 wp-block-columns-is-layout-flex\">\n<div class=\"wp-block-column is-layout-flow wp-block-column-is-layout-flow\">\n<h2 class=\"wp-block-heading\">Anschrift<\/h2>\n\n\n\n<p>Elternvereinigung der Europ\u00e4ischen Schule Karlsruhe e.V.<br>Albert-Schweitzer-Str. 1<br>76139 Karlsruhe<\/p>\n\n\n\n<p>E-mail: <a href=\"mailto:kar-ev@partner.eursc.eu\">kar-ev@partner.eursc.eu<\/a><\/p>\n<\/div>\n\n\n\n<div class=\"wp-block-column is-layout-flow wp-block-column-is-layout-flow\">\n<h2 class=\"wp-block-heading\">Wo Sie uns finden<\/h2>\n\n\n\n<p>Sie finden uns im 1. Stock des Verwaltungsgeb\u00e4udes.<\/p>\n\n\n\n<p>Wegen den Sicherheitsregeln m\u00fcssen Sie ein Termin mit uns ausmachen, bevor Sie das Verwaltungsgeb\u00e4ude betreten d\u00fcrfen.<\/p>\n<\/div>\n<\/div>\n<\/div>\n\n\n\n<div class=\"wp-block-contact-form-7-contact-form-selector\">\n<div class=\"wpcf7 no-js\" id=\"wpcf7-f13271-o1\" lang=\"de-DE\" dir=\"ltr\" data-wpcf7-id=\"13271\">\n<div class=\"screen-reader-response\"><p role=\"status\" aria-live=\"polite\" aria-atomic=\"true\"><\/p> <ul><\/ul><\/div>\n<form action=\"\/de\/wp-json\/wp\/v2\/pages\/9212#wpcf7-f13271-o1\" method=\"post\" class=\"wpcf7-form init\" aria-label=\"Kontaktformular\" novalidate=\"novalidate\" data-status=\"init\">\n<fieldset class=\"hidden-fields-container\"><input type=\"hidden\" name=\"_wpcf7\" value=\"13271\" \/><input type=\"hidden\" name=\"_wpcf7_version\" value=\"6.1.4\" \/><input type=\"hidden\" name=\"_wpcf7_locale\" value=\"de_DE\" \/><input type=\"hidden\" name=\"_wpcf7_unit_tag\" value=\"wpcf7-f13271-o1\" \/><input type=\"hidden\" name=\"_wpcf7_container_post\" value=\"0\" \/><input type=\"hidden\" name=\"_wpcf7_posted_data_hash\" value=\"\" \/>\n<\/fieldset>\n<div class=\"uacf7-form-wrapper-container uacf7-form-13271  \">Name:\n<span class=\"wpcf7-form-control-wrap\" data-name=\"contact-name\"><input size=\"40\" maxlength=\"400\" class=\"wpcf7-form-control wpcf7-text wpcf7-validates-as-required\" aria-required=\"true\" aria-invalid=\"false\" value=\"\" type=\"text\" name=\"contact-name\" \/><\/span>\nVorname:\n<span class=\"wpcf7-form-control-wrap\" data-name=\"contact-firstname\"><input size=\"40\" maxlength=\"400\" class=\"wpcf7-form-control wpcf7-text wpcf7-validates-as-required\" aria-required=\"true\" aria-invalid=\"false\" value=\"\" type=\"text\" name=\"contact-firstname\" \/><\/span>\nE-Mailadresse:\n<span class=\"wpcf7-form-control-wrap\" data-name=\"contact-emailaddress\"><input size=\"40\" maxlength=\"400\" class=\"wpcf7-form-control wpcf7-email wpcf7-validates-as-required wpcf7-text wpcf7-validates-as-email\" aria-required=\"true\" aria-invalid=\"false\" value=\"\" type=\"email\" name=\"contact-emailaddress\" \/><\/span>\nTelefonnummer:\n<span class=\"wpcf7-form-control-wrap\" data-name=\"contact-phone\"><input size=\"40\" maxlength=\"400\" class=\"wpcf7-form-control wpcf7-tel wpcf7-text wpcf7-validates-as-tel\" aria-invalid=\"false\" value=\"\" type=\"tel\" name=\"contact-phone\" \/><\/span>\nAnfrage f\u00fcr:\n<span class=\"wpcf7-form-control-wrap\" data-name=\"contact-mail\"><select class=\"wpcf7-form-control wpcf7-select wpcf7-validates-as-required\" aria-required=\"true\" aria-invalid=\"false\" name=\"contact-mail\"><option value=\"Allgemein\">Allgemein<\/option><option value=\"Au\u00dferschulische Aktivit\u00e4ten\">Au\u00dferschulische Aktivit\u00e4ten<\/option><option value=\"Transport\">Transport<\/option><option value=\"Euroboutique\">Euroboutique<\/option><option value=\"Sonderp\u00e4dagogische F\u00f6rderung\">Sonderp\u00e4dagogische F\u00f6rderung<\/option><option value=\"Ferienbetreuung\">Ferienbetreuung<\/option><\/select><\/span>\nNachricht:\n<span class=\"wpcf7-form-control-wrap\" data-name=\"contact-message\"><textarea cols=\"40\" rows=\"10\" maxlength=\"2000\" class=\"wpcf7-form-control wpcf7-textarea wpcf7-validates-as-required\" aria-required=\"true\" aria-invalid=\"false\" name=\"contact-message\"><\/textarea><\/span>\n<div class=\"wpcf7-turnstile cf-turnstile\" data-sitekey=\"0x4AAAAAAB5bJzPTXJB9GgOE\" data-response-field-name=\"_wpcf7_turnstile_response\" data-language=\"de\"><\/div>\n<span id=\"wpcf7-69d1860a09943-wrapper\" class=\"wpcf7-form-control-wrap email-wrap\" ><input type=\"hidden\" name=\"email-time-start\" value=\"1775339018\"><input type=\"hidden\" name=\"email-time-check\" value=\"3\"><label for=\"wpcf7-69d1860a09943-field\" class=\"hp-message\">Bitte lasse dieses Feld leer.<\/label><input id=\"wpcf7-69d1860a09943-field\"  class=\"wpcf7-form-control wpcf7-text\" type=\"text\" name=\"email\" value=\"\" size=\"40\" tabindex=\"-1\" autocomplete=\"off\" \/><\/span>\n<input class=\"wpcf7-form-control wpcf7-submit has-spinner\" type=\"submit\" value=\"Send\" \/><\/div><div class=\"wpcf7-response-output\" aria-hidden=\"true\"><\/div>\n<\/form>\n<\/div>\n<\/div>\n<\/div>\n","protected":false},"excerpt":{"rendered":"<p>Anschrift Elternvereinigung der Europ\u00e4ischen Schule Karlsruhe e.V.Albert-Schweitzer-Str. 176139 Karlsruhe E-mail: kar-ev@partner.eursc.eu Wo Sie uns finden Sie finden uns im 1. Stock des Verwaltungsgeb\u00e4udes. Wegen den Sicherheitsregeln m\u00fcssen Sie ein Termin mit uns ausmachen, bevor Sie das Verwaltungsgeb\u00e4ude betreten d\u00fcrfen.<\/p>\n","protected":false},"author":406,"featured_media":0,"parent":13320,"menu_order":19,"comment_status":"closed","ping_status":"closed","template":"","meta":{"inline_featured_image":false,"footnotes":""},"class_list":["post-9212","page","type-page","status-publish","hentry"],"_links":{"self":[{"href":"https:\/\/www.esk-eltern.de\/de\/wp-json\/wp\/v2\/pages\/9212","targetHints":{"allow":["GET"]}}],"collection":[{"href":"https:\/\/www.esk-eltern.de\/de\/wp-json\/wp\/v2\/pages"}],"about":[{"href":"https:\/\/www.esk-eltern.de\/de\/wp-json\/wp\/v2\/types\/page"}],"author":[{"embeddable":true,"href":"https:\/\/www.esk-eltern.de\/de\/wp-json\/wp\/v2\/users\/406"}],"replies":[{"embeddable":true,"href":"https:\/\/www.esk-eltern.de\/de\/wp-json\/wp\/v2\/comments?post=9212"}],"version-history":[{"count":2,"href":"https:\/\/www.esk-eltern.de\/de\/wp-json\/wp\/v2\/pages\/9212\/revisions"}],"predecessor-version":[{"id":13275,"href":"https:\/\/www.esk-eltern.de\/de\/wp-json\/wp\/v2\/pages\/9212\/revisions\/13275"}],"up":[{"embeddable":true,"href":"https:\/\/www.esk-eltern.de\/de\/wp-json\/wp\/v2\/pages\/13320"}],"wp:attachment":[{"href":"https:\/\/www.esk-eltern.de\/de\/wp-json\/wp\/v2\/media?parent=9212"}],"curies":[{"name":"wp","href":"https:\/\/api.w.org\/{rel}","templated":true}]}}