{"id":9175,"date":"2023-07-31T22:24:10","date_gmt":"2023-07-31T20:24:10","guid":{"rendered":"https:\/\/www.esk-eltern.de\/?page_id=9175"},"modified":"2023-07-31T22:24:12","modified_gmt":"2023-07-31T20:24:12","slug":"agb","status":"publish","type":"page","link":"https:\/\/www.esk-eltern.de\/de\/agb\/","title":{"rendered":"AGB"},"content":{"rendered":"\n<p class=\"has-text-align-left\"><strong>TEILNAHMEBEDINGUNGEN F\u00dcR AUSSERSCHULISCHEN AKTIVIT\u00c4TEN<\/strong><\/p>\n\n\n\n<p class=\"has-text-align-left\"><br>Bitte lesen Sie sich diese Teilnahmebedingungen f\u00fcr die Au\u00dferschulischen Aktivit\u00e4ten gr\u00fcndlich durch, bevor Sie Ihr Kind zu einem Kurs anmelden.<\/p>\n\n\n\n<p class=\"has-text-align-left\"><br>Die Kurse finden auf dem Gel\u00e4nde und in den Geb\u00e4uden der Europ\u00e4ischen Schule Karlsruhe statt, au\u00dfer es ist in der Programm\u00fcbersicht klar anders angegeben.<\/p>\n\n\n\n<p class=\"has-text-align-left\"><br>Die Teilnehmer sind Sch\u00fcler der ESK und nehmen entsprechend ihrer Altersgruppe an einem Kurs teil.<\/p>\n\n\n\n<p class=\"has-text-align-left\"><br>Die Familie eines Teilnehmers muss Mitglied der Elternvereinigung sein.<br>Pro Kind und Kurs muss ein Anmeldeformular bei der Elternvereinigung abgegeben werden\/ oder eine Online Anmeldung erstellt werden.<\/p>\n\n\n\n<p class=\"has-text-align-left\"><br>Bitte geben Sie Bescheid, wenn Ihr Kind besondere Probleme hat, die f\u00fcr die Aktivit\u00e4t und den Kursleiter relevant sind (z.b. Allergien beim Kochkurs etc..).<\/p>\n\n\n\n<p class=\"has-text-align-left\"><br>Wenn Sie per \u00dcberweisung zahlen: Erst nach Eingang der Zahlung auf dem Konto der Elternvereinigung wird ein Teilnehmer in die Kursliste eingetragen.&nbsp;Bei \u00dcberschreiten der maximalen Teilnehmerzahl ist das Einzahlungsdatum der Kursgeb\u00fchr entscheidend f\u00fcr die Position auf der Teilnehmerliste.<\/p>\n\n\n\n<p class=\"has-text-align-left\"><br>Teilnehmer haben das Recht auf eine Schnupperstunde bevor sie sich anmelden. Der Platz kann nicht reserviert werden, daher besteht die M\u00f6glichkeit, dass dann bereits die maximale Teilnehmerzahl&nbsp;erreicht ist.<\/p>\n\n\n\n<p class=\"has-text-align-left\"><br>Die EV beh\u00e4lt sich das Recht vor, einen Kurs abzusagen, wenn die angegebene Mindestteilnehmerzahl nicht erreicht wird. Die Kursgeb\u00fchren werden dann zur\u00fcckerstattet.<br>Die Elternvereinigung informiert Sie per E-mail, wenn ein Kurs abgesagt wird.<\/p>\n\n\n\n<p class=\"has-text-align-left\"><br>Verg\u00fctungen f\u00fcr ausgefallene Tage von Seiten der Teilnehmer oder der Kursleiter k\u00f6nnen nicht gegeben werden. Die EV wird sich bem\u00fchen, Ausf\u00e4lle so gering wie m\u00f6glich zu halten.<\/p>\n\n\n\n<p class=\"has-text-align-left\"><br>Alle Teilnehmer halten sich auf dem Schulgel\u00e4nde vor, w\u00e4hrend und nach dem Kurs an die g\u00fcltigen Verhaltensregeln der Schule. Die Kursleiter ben\u00fctzen die Disziplinbl\u00e4tter der Schule.<\/p>\n\n\n\n<p class=\"has-text-align-left\"><br>Die Teilnehmer sind w\u00e4hrend der Teilnahme am Kurs in Rahmen einer Gruppenversicherung unfall- und haftpflichtversichert. Trotzdem ist dar\u00fcber hinaus von Seiten der Eltern sowohl eine private Unfall\u2013 als auch Haftpflichtversicherung sehr empfehlenswert.<\/p>\n\n\n\n<p class=\"has-text-align-left\"><br>Bitte ber\u00fccksichtigen Sie, dass in der Zeit zwischen Schulende und Kursbeginn, sowie nach Kursende die Kursteilnehmer nicht beaufsichtigt werden und sich auf eigene Gefahr auf dem Schulgel\u00e4nde aufhalten. Im Falle eines Unfalls oder Schadens bitten wir Sie, die Elternvereinigung umgehend zu benachrichtigen.<\/p>\n\n\n\n<p class=\"has-text-align-left\"><br>Bitte beachten Sie die unterschiedlichen Anfangs- und Endtermine und Zeiten der einzelnen Kurse.<\/p>\n\n\n\n<p class=\"has-text-align-left\"><br>W\u00e4hrend der Ferien finden keine Kurse statt.<\/p>\n\n\n\n<p class=\"has-text-align-left\"><br>F\u00fcr R\u00fcckerstattungen m\u00fcssen wir eine minimale Bearbeitungsgeb\u00fchr erheben.<\/p>\n","protected":false},"excerpt":{"rendered":"<p>TEILNAHMEBEDINGUNGEN F\u00dcR AUSSERSCHULISCHEN AKTIVIT\u00c4TEN Bitte lesen Sie sich diese Teilnahmebedingungen f\u00fcr die Au\u00dferschulischen Aktivit\u00e4ten gr\u00fcndlich durch, bevor Sie Ihr Kind zu einem Kurs anmelden. Die Kurse finden auf dem Gel\u00e4nde und in den Geb\u00e4uden der Europ\u00e4ischen Schule Karlsruhe statt, au\u00dfer es ist in der Programm\u00fcbersicht klar anders angegeben. Die Teilnehmer sind Sch\u00fcler der ESK und <a class=\"read-more-link\" href=\"https:\/\/www.esk-eltern.de\/de\/agb\/\">Read More<\/a><\/p>\n","protected":false},"author":406,"featured_media":0,"parent":0,"menu_order":145,"comment_status":"closed","ping_status":"closed","template":"wp-custom-template-ev-kasse","meta":{"inline_featured_image":false,"footnotes":""},"class_list":["post-9175","page","type-page","status-publish","hentry"],"_links":{"self":[{"href":"https:\/\/www.esk-eltern.de\/de\/wp-json\/wp\/v2\/pages\/9175","targetHints":{"allow":["GET"]}}],"collection":[{"href":"https:\/\/www.esk-eltern.de\/de\/wp-json\/wp\/v2\/pages"}],"about":[{"href":"https:\/\/www.esk-eltern.de\/de\/wp-json\/wp\/v2\/types\/page"}],"author":[{"embeddable":true,"href":"https:\/\/www.esk-eltern.de\/de\/wp-json\/wp\/v2\/users\/406"}],"replies":[{"embeddable":true,"href":"https:\/\/www.esk-eltern.de\/de\/wp-json\/wp\/v2\/comments?post=9175"}],"version-history":[{"count":1,"href":"https:\/\/www.esk-eltern.de\/de\/wp-json\/wp\/v2\/pages\/9175\/revisions"}],"predecessor-version":[{"id":9178,"href":"https:\/\/www.esk-eltern.de\/de\/wp-json\/wp\/v2\/pages\/9175\/revisions\/9178"}],"wp:attachment":[{"href":"https:\/\/www.esk-eltern.de\/de\/wp-json\/wp\/v2\/media?parent=9175"}],"curies":[{"name":"wp","href":"https:\/\/api.w.org\/{rel}","templated":true}]}}