{"id":7872,"date":"2022-11-08T22:08:23","date_gmt":"2022-11-08T21:08:23","guid":{"rendered":"https:\/\/www.esk-eltern.de\/?page_id=7872"},"modified":"2025-04-25T21:46:58","modified_gmt":"2025-04-25T19:46:58","slug":"ausserschulische-aktivitaten-mehr-infos","status":"publish","type":"page","link":"https:\/\/www.esk-eltern.de\/de\/ausserschulische-aktivitaten-mehr-infos\/","title":{"rendered":"Au\u00dferschulische Aktivit\u00e4ten &#8211; weitere Informationen"},"content":{"rendered":"\n<p class=\"has-text-align-center\">Hallo zusammen!<\/p>\n\n\n\n<p class=\"has-text-align-center\">nachfolgend finden Sie weitere Informationen und Links zu den Au\u00dferschulischen Aktivit\u00e4ten.<\/p>\n\n\n\n<p class=\"has-text-align-center\">F\u00fcr Neuigkeiten bei den AAs klicken Sie bitte hier:<br><a href=\"https:\/\/www.esk-eltern.de\/de\/neuigkeiten-der-ausserschulische-aktivitaeten\/\">Neuigkeiten der Au\u00dferschulischen Aktivit\u00e4ten<\/a><br><\/p>\n\n\n\n<p class=\"has-text-align-center\">Bei Fragen bitte wenden Sie sich an <a href=\"mailto:kar-evaa@partner.eursc.eu\">kar-evaa@partner.eursc.eu<\/a><br>Bitte kontaktieren Sie die Schule nicht, da Sie nicht f\u00fcr die Au\u00dferschulische Aktivit\u00e4ten verantwortlich sind.<\/p>\n\n\n\n<p class=\"has-text-align-center\">Vielen Dank f\u00fcr Ihre Unterst\u00fctzung und Ihre Geduld!<\/p>\n\n\n\n<hr class=\"wp-block-separator has-alpha-channel-opacity\"\/>\n\n\n\n<p class=\"has-text-align-center\">Informationen \u00fcber die Mitgliedschaft oder wenn Sie Mitglied werden wollen, erhalten Sie hier<br><a href=\"https:\/\/www.esk-eltern.de\/de\/mitglied-werden\/\">https:\/\/www.esk-eltern.de\/de\/mitglied-werden\/<\/a><\/p>\n\n\n\n<hr class=\"wp-block-separator has-alpha-channel-opacity\"\/>\n\n\n\n<p class=\"has-text-align-center\">Ein wichtiger Hinweis beim Bezahlvorgang: Nachdem Sie ein Kurs gebucht haben, bitte schauen Sie in Ihre Bestellungen und wenn eine Bestellung noch auf &#8218;Zahlung Ausstehend&#8216; steht, bitte klicken Sie noch mal auf &#8218;Bezahlen&#8216;. Unser System m\u00f6chte nur wissen, dass Sie beim ersten Versuch kein Roboter waren.<\/p>\n\n\n\n<p class=\"has-text-align-center\"><strong>F\u00fcr Hilfe bei allgemeinen technischen Problemen, klicken Sie hier:&nbsp;<\/strong><br><a href=\"https:\/\/www.esk-eltern.de\/de\/neuigkeiten\/technische_probleme\/\">https:\/\/www.esk-eltern.de\/de\/neuigkeiten\/technische_probleme\/<\/a><\/p>\n\n\n\n<hr class=\"wp-block-separator has-alpha-channel-opacity\"\/>\n\n\n\n<p class=\"has-text-align-center\">Wenn Sie Ihr Konto seit zwei Jahren nicht mehr benutzt haben, wurde es automatisch gel\u00f6scht. Bitte erstellen Sie ein neues Konto.<\/p>\n\n\n\n<hr class=\"wp-block-separator has-alpha-channel-opacity\"\/>\n\n\n\n<p class=\"has-text-align-center\">Bitte beachten Sie auch unser Informationsblatt:<br><a href=\"https:\/\/www.esk-eltern.de\/wp-content\/uploads\/2023\/02\/AA_Informationsblatt_de.pdf\">AA_Informationsblatt_de<\/a><\/p>\n\n\n\n<hr class=\"wp-block-separator has-alpha-channel-opacity\"\/>\n\n\n\n<p class=\"has-text-align-center\">Bitte lesen Sie sorgf\u00e4ltig das nachfolgende Dokument \u00fcber die Aufsichtsbestimmungen und die verantwortlichen Parteien:<\/p>\n\n\n\n<div class=\"wp-block-file aligncenter\"><a id=\"wp-block-file--media-14e9b8dc-b124-432a-90f1-4b5301d8c462\" href=\"https:\/\/www.esk-eltern.de\/wp-content\/uploads\/2022\/09\/AA-Regeln-Beaufsichtigung.pdf\">AA-Regeln-Beaufsichtigung<\/a><a href=\"https:\/\/www.esk-eltern.de\/wp-content\/uploads\/2022\/09\/AA-Regeln-Beaufsichtigung.pdf\" class=\"wp-block-file__button wp-element-button\" download aria-describedby=\"wp-block-file--media-14e9b8dc-b124-432a-90f1-4b5301d8c462\">Herunterladen<\/a><\/div>\n","protected":false},"excerpt":{"rendered":"<p>Hallo zusammen! nachfolgend finden Sie weitere Informationen und Links zu den Au\u00dferschulischen Aktivit\u00e4ten. F\u00fcr Neuigkeiten bei den AAs klicken Sie bitte hier:Neuigkeiten der Au\u00dferschulischen Aktivit\u00e4ten Bei Fragen bitte wenden Sie sich an kar-evaa@partner.eursc.euBitte kontaktieren Sie die Schule nicht, da Sie nicht f\u00fcr die Au\u00dferschulische Aktivit\u00e4ten verantwortlich sind. Vielen Dank f\u00fcr Ihre Unterst\u00fctzung und Ihre Geduld! <a class=\"read-more-link\" href=\"https:\/\/www.esk-eltern.de\/de\/ausserschulische-aktivitaten-mehr-infos\/\">Read More<\/a><\/p>\n","protected":false},"author":406,"featured_media":0,"parent":0,"menu_order":141,"comment_status":"closed","ping_status":"closed","template":"","meta":{"inline_featured_image":false,"footnotes":""},"class_list":["post-7872","page","type-page","status-publish","hentry"],"_links":{"self":[{"href":"https:\/\/www.esk-eltern.de\/de\/wp-json\/wp\/v2\/pages\/7872","targetHints":{"allow":["GET"]}}],"collection":[{"href":"https:\/\/www.esk-eltern.de\/de\/wp-json\/wp\/v2\/pages"}],"about":[{"href":"https:\/\/www.esk-eltern.de\/de\/wp-json\/wp\/v2\/types\/page"}],"author":[{"embeddable":true,"href":"https:\/\/www.esk-eltern.de\/de\/wp-json\/wp\/v2\/users\/406"}],"replies":[{"embeddable":true,"href":"https:\/\/www.esk-eltern.de\/de\/wp-json\/wp\/v2\/comments?post=7872"}],"version-history":[{"count":5,"href":"https:\/\/www.esk-eltern.de\/de\/wp-json\/wp\/v2\/pages\/7872\/revisions"}],"predecessor-version":[{"id":12940,"href":"https:\/\/www.esk-eltern.de\/de\/wp-json\/wp\/v2\/pages\/7872\/revisions\/12940"}],"wp:attachment":[{"href":"https:\/\/www.esk-eltern.de\/de\/wp-json\/wp\/v2\/media?parent=7872"}],"curies":[{"name":"wp","href":"https:\/\/api.w.org\/{rel}","templated":true}]}}