{"id":405,"date":"2018-03-13T13:35:20","date_gmt":"2018-03-13T12:35:20","guid":{"rendered":"https:\/\/www.esk-eltern.de\/?page_id=405"},"modified":"2025-04-25T21:52:16","modified_gmt":"2025-04-25T19:52:16","slug":"mitgliederversammlung","status":"publish","type":"page","link":"https:\/\/www.esk-eltern.de\/de\/informationen\/mitgliederversammlung\/","title":{"rendered":"J\u00e4hrliche Mitgliederversammlung"},"content":{"rendered":"\n<p>Liebe Eltern,<\/p>\n\n\n\n<p>Die Jahreshauptversammlung der Elternvereinigung findet einmal j\u00e4hrlich statt.<br>Der Termin wird fr\u00fchzeitig bekannt gegeben.<\/p>\n\n\n\n<p>Eines der Themen wird die Wahl neuer Mitglieder f\u00fcr das Komitee der EV (PAC) sein. Aufgrund unserer Statuten sollten alle Gruppen der Schulgemeinschaft angemessen vertreten sein, d.h. die Sektionen (Englisch, Franz\u00f6sisch, Deutsch, SWALS), KG\/GS und OS, Kat. I, II und III. <\/p>\n\n\n\n<p>Wir w\u00fcrden uns auch \u00fcber Mitglieder freuen, die Interesse haben, dem Transportausschuss beizutreten und unsere Vereinigung bei InterParents, dem Dachverband aller EVs der Europ\u00e4ischen Schulen, zu vertreten.\u00a0<\/p>\n\n\n\n<p>Unsere Arbeit braucht verschiedene Perspektiven von Eltern. Wir bitten Sie daher um Ihre aktive Unterst\u00fctzung und w\u00fcrden uns freuen, Sie in unserem Team zu haben. Wenn Sie weitere Informationen ben\u00f6tigen, z\u00f6gern Sie bitte nicht, eines der Mitglieder im Komitee der Elternvereinigung zu kontaktieren.<\/p>\n\n\n\n<p>Wir freuen uns darauf, viele von Ihnen auf der Jahreshauptversammlung zu sehen!<\/p>\n\n\n\n<p>Mit freundlichen Gr\u00fc\u00dfen,<\/p>\n\n\n\n<p>Der Vorstand (<a href=\"mailto:kar-evchairman@partner.eursc.eu\">kar-evchairman@partner.eursc.eu<\/a>)<\/p>\n","protected":false},"excerpt":{"rendered":"<p>Liebe Eltern, Die Jahreshauptversammlung der Elternvereinigung findet einmal j\u00e4hrlich statt.Der Termin wird fr\u00fchzeitig bekannt gegeben. Eines der Themen wird die Wahl neuer Mitglieder f\u00fcr das Komitee der EV (PAC) sein. Aufgrund unserer Statuten sollten alle Gruppen der Schulgemeinschaft angemessen vertreten sein, d.h. die Sektionen (Englisch, Franz\u00f6sisch, Deutsch, SWALS), KG\/GS und OS, Kat. I, II und <a class=\"read-more-link\" href=\"https:\/\/www.esk-eltern.de\/de\/informationen\/mitgliederversammlung\/\">Read More<\/a><\/p>\n","protected":false},"author":406,"featured_media":0,"parent":13320,"menu_order":25,"comment_status":"closed","ping_status":"closed","template":"","meta":{"inline_featured_image":false,"footnotes":""},"class_list":["post-405","page","type-page","status-publish","hentry"],"_links":{"self":[{"href":"https:\/\/www.esk-eltern.de\/de\/wp-json\/wp\/v2\/pages\/405","targetHints":{"allow":["GET"]}}],"collection":[{"href":"https:\/\/www.esk-eltern.de\/de\/wp-json\/wp\/v2\/pages"}],"about":[{"href":"https:\/\/www.esk-eltern.de\/de\/wp-json\/wp\/v2\/types\/page"}],"author":[{"embeddable":true,"href":"https:\/\/www.esk-eltern.de\/de\/wp-json\/wp\/v2\/users\/406"}],"replies":[{"embeddable":true,"href":"https:\/\/www.esk-eltern.de\/de\/wp-json\/wp\/v2\/comments?post=405"}],"version-history":[{"count":5,"href":"https:\/\/www.esk-eltern.de\/de\/wp-json\/wp\/v2\/pages\/405\/revisions"}],"predecessor-version":[{"id":7193,"href":"https:\/\/www.esk-eltern.de\/de\/wp-json\/wp\/v2\/pages\/405\/revisions\/7193"}],"up":[{"embeddable":true,"href":"https:\/\/www.esk-eltern.de\/de\/wp-json\/wp\/v2\/pages\/13320"}],"wp:attachment":[{"href":"https:\/\/www.esk-eltern.de\/de\/wp-json\/wp\/v2\/media?parent=405"}],"curies":[{"name":"wp","href":"https:\/\/api.w.org\/{rel}","templated":true}]}}