{"id":403,"date":"2018-03-13T13:34:51","date_gmt":"2018-03-13T12:34:51","guid":{"rendered":"https:\/\/www.esk-eltern.de\/?page_id=403"},"modified":"2025-04-25T22:54:55","modified_gmt":"2025-04-25T20:54:55","slug":"ueber-uns","status":"publish","type":"page","link":"https:\/\/www.esk-eltern.de\/de\/informationen\/ueber-uns\/","title":{"rendered":"\u00dcber uns"},"content":{"rendered":"\n<p>Die Elternvereinigung\u00a0ist ein ehrenamtlich geleiteter, eingetragener gemeinn\u00fctziger Verein,\u00a0der aus den Mitgliedern der Elternschaft besteht.\u00a0<\/p>\n\n\n\n<p>Alle\u00a0Familien mit Kindern an der ESK k\u00f6nnen freiwillig Mitglied werden.<\/p>\n\n\n\n<p>Als Mitglied und somit Teil des Elternvereins unterst\u00fctzen Sie an der Europ\u00e4ischen Schule Karlsruhe<\/p>\n\n\n\n<ul class=\"wp-block-list\">\n<li> Projekte f\u00fcr Sch\u00fcler innerhalb der j\u00e4hrlich stattfindenden \u201eProjektwochen&#8220;<\/li>\n\n\n\n<li>sonstige Projekte, die Gruppen oder Stufen\u00fcbergreifend stattfinden von Kindergarten, Grundschule und Oberschule<\/li>\n\n\n\n<li>das j\u00e4hrlich stattfindende Sommerfest und sonstige Feste<\/li>\n\n\n\n<li>F\u00f6rderungen, die aufgrund von sozialen Gegebenheiten n\u00f6tig sind<\/li>\n\n\n\n<li>F\u00f6rderung des Schwimmunterrichts, durch Kosten f\u00fcr die Schwimmbahnen<\/li>\n\n\n\n<li>Unterst\u00fctzung von Schulreisen und Ausfl\u00fcgen<\/li>\n\n\n\n<li>sonstige Projekte, wie beispielsweise Sch\u00fclerzeitungen<\/li>\n\n\n\n<li>uvm.<\/li>\n<\/ul>\n\n\n\n<p>Diese genannten Punkte werden ganz oder zum Teil aus Ihren Mitgliederbeitr\u00e4gen finanziert.<\/p>\n\n\n\n<p>Herzlichen Dank daf\u00fcr!<\/p>\n\n\n\n<p>Zus\u00e4tzlich k\u00f6nnen Sie sich nat\u00fcrlich auch gerne selbst organisatorisch einbringen und auf das&nbsp;Schulleben Ihres Kindes direkt mit einwirken.<\/p>\n\n\n\n<p>Einmal im Monat treffen sich die aktiven Mitglieder des Elternvereins.&nbsp;<\/p>\n\n\n\n<p>Inhalte der Sitzungen erfahren Sie \u00fcber&nbsp;<a class=\"\" href=\"mailto:kar-ev@partner.eursc.eu\">kar-ev@partner.eursc.eu<\/a><\/p>\n\n\n\n<p>Gerne halten wir interessierte Eltern \u00fcber den Fortschritt und die Entwicklung der Schule auf dem Laufen.<\/p>\n\n\n\n<p><\/p>\n","protected":false},"excerpt":{"rendered":"<p>Die Elternvereinigung\u00a0ist ein ehrenamtlich geleiteter, eingetragener gemeinn\u00fctziger Verein,\u00a0der aus den Mitgliedern der Elternschaft besteht.\u00a0 Alle\u00a0Familien mit Kindern an der ESK k\u00f6nnen freiwillig Mitglied werden. Als Mitglied und somit Teil des Elternvereins unterst\u00fctzen Sie an der Europ\u00e4ischen Schule Karlsruhe Diese genannten Punkte werden ganz oder zum Teil aus Ihren Mitgliederbeitr\u00e4gen finanziert. Herzlichen Dank daf\u00fcr! Zus\u00e4tzlich k\u00f6nnen <a class=\"read-more-link\" href=\"https:\/\/www.esk-eltern.de\/de\/informationen\/ueber-uns\/\">Read More<\/a><\/p>\n","protected":false},"author":406,"featured_media":0,"parent":13320,"menu_order":12,"comment_status":"closed","ping_status":"closed","template":"","meta":{"inline_featured_image":false,"footnotes":""},"class_list":["post-403","page","type-page","status-publish","hentry"],"_links":{"self":[{"href":"https:\/\/www.esk-eltern.de\/de\/wp-json\/wp\/v2\/pages\/403","targetHints":{"allow":["GET"]}}],"collection":[{"href":"https:\/\/www.esk-eltern.de\/de\/wp-json\/wp\/v2\/pages"}],"about":[{"href":"https:\/\/www.esk-eltern.de\/de\/wp-json\/wp\/v2\/types\/page"}],"author":[{"embeddable":true,"href":"https:\/\/www.esk-eltern.de\/de\/wp-json\/wp\/v2\/users\/406"}],"replies":[{"embeddable":true,"href":"https:\/\/www.esk-eltern.de\/de\/wp-json\/wp\/v2\/comments?post=403"}],"version-history":[{"count":7,"href":"https:\/\/www.esk-eltern.de\/de\/wp-json\/wp\/v2\/pages\/403\/revisions"}],"predecessor-version":[{"id":13311,"href":"https:\/\/www.esk-eltern.de\/de\/wp-json\/wp\/v2\/pages\/403\/revisions\/13311"}],"up":[{"embeddable":true,"href":"https:\/\/www.esk-eltern.de\/de\/wp-json\/wp\/v2\/pages\/13320"}],"wp:attachment":[{"href":"https:\/\/www.esk-eltern.de\/de\/wp-json\/wp\/v2\/media?parent=403"}],"curies":[{"name":"wp","href":"https:\/\/api.w.org\/{rel}","templated":true}]}}