{"id":13435,"date":"2025-04-26T20:39:16","date_gmt":"2025-04-26T18:39:16","guid":{"rendered":"https:\/\/www.esk-eltern.de\/?page_id=13435"},"modified":"2025-04-26T20:39:18","modified_gmt":"2025-04-26T18:39:18","slug":"transportverein","status":"publish","type":"page","link":"https:\/\/www.esk-eltern.de\/de\/dienstleistungen\/transportverein\/","title":{"rendered":"Transportverein"},"content":{"rendered":"\n<p>Informationen zur Sch\u00fclerbef\u00f6rderung<\/p>\n\n\n\n<p>Bitte besuchen Sie die Website des Verkehrsdienstes der Europ\u00e4ischen Schule in Karlsruhe <a href=\"https:\/\/www.eskar-transport.de\">https:\/\/www.eskar-transport.de<\/a><\/p>\n\n\n\n<p>Informationen \u00fcber den Transportverein<\/p>\n\n\n\n<p>Der Transportverein (TA) ist ein gemeinsamer Verein, der sich aus Mitgliedern des Elternvereins (drei Sitze), der ESK (zwei Sitze) und der Gemeinsamen Forschungsstelle (zwei Sitze) zusammensetzt. Der TA ist zust\u00e4ndig f\u00fcr die Organisation und Verwaltung des Sch\u00fclertransports, d.h. der Bus- und Stra\u00dfenbahnlinien.<\/p>\n\n\n\n<p>Die derzeitigen Vertreter der Elternvereinigung sind im <a href=\"https:\/\/www.esk-eltern.de\/de\/informationen\/whos-who\/\" data-type=\"page\" data-id=\"409\">Who\u2019s who?<\/a> zu finden.<\/p>\n","protected":false},"excerpt":{"rendered":"<p>Informationen zur Sch\u00fclerbef\u00f6rderung Bitte besuchen Sie die Website des Verkehrsdienstes der Europ\u00e4ischen Schule in Karlsruhe https:\/\/www.eskar-transport.de Informationen \u00fcber den Transportverein Der Transportverein (TA) ist ein gemeinsamer Verein, der sich aus Mitgliedern des Elternvereins (drei Sitze), der ESK (zwei Sitze) und der Gemeinsamen Forschungsstelle (zwei Sitze) zusammensetzt. Der TA ist zust\u00e4ndig f\u00fcr die Organisation und Verwaltung <a class=\"read-more-link\" href=\"https:\/\/www.esk-eltern.de\/de\/dienstleistungen\/transportverein\/\">Read More<\/a><\/p>\n","protected":false},"author":406,"featured_media":0,"parent":9340,"menu_order":122,"comment_status":"closed","ping_status":"closed","template":"","meta":{"inline_featured_image":false,"footnotes":""},"class_list":["post-13435","page","type-page","status-publish","hentry"],"_links":{"self":[{"href":"https:\/\/www.esk-eltern.de\/de\/wp-json\/wp\/v2\/pages\/13435","targetHints":{"allow":["GET"]}}],"collection":[{"href":"https:\/\/www.esk-eltern.de\/de\/wp-json\/wp\/v2\/pages"}],"about":[{"href":"https:\/\/www.esk-eltern.de\/de\/wp-json\/wp\/v2\/types\/page"}],"author":[{"embeddable":true,"href":"https:\/\/www.esk-eltern.de\/de\/wp-json\/wp\/v2\/users\/406"}],"replies":[{"embeddable":true,"href":"https:\/\/www.esk-eltern.de\/de\/wp-json\/wp\/v2\/comments?post=13435"}],"version-history":[{"count":1,"href":"https:\/\/www.esk-eltern.de\/de\/wp-json\/wp\/v2\/pages\/13435\/revisions"}],"predecessor-version":[{"id":13436,"href":"https:\/\/www.esk-eltern.de\/de\/wp-json\/wp\/v2\/pages\/13435\/revisions\/13436"}],"up":[{"embeddable":true,"href":"https:\/\/www.esk-eltern.de\/de\/wp-json\/wp\/v2\/pages\/9340"}],"wp:attachment":[{"href":"https:\/\/www.esk-eltern.de\/de\/wp-json\/wp\/v2\/media?parent=13435"}],"curies":[{"name":"wp","href":"https:\/\/api.w.org\/{rel}","templated":true}]}}