{"id":13403,"date":"2025-04-26T17:32:22","date_gmt":"2025-04-26T15:32:22","guid":{"rendered":"https:\/\/www.esk-eltern.de\/?page_id=13403"},"modified":"2025-04-26T17:32:24","modified_gmt":"2025-04-26T15:32:24","slug":"spelling-bee","status":"publish","type":"page","link":"https:\/\/www.esk-eltern.de\/de\/elternverein\/wettbewerbe\/spelling-bee\/","title":{"rendered":"Spelling Bee"},"content":{"rendered":"\n<p>Die American Library in Karlsruhe bietet den Sch\u00fclern der Europ\u00e4ischen Schule j\u00e4hrlich die Teilnahme am American Spelling Bee Contest (Rechtschreibwettbewerb) an.<\/p>\n\n\n\n<p>Der Spelling Bee Contest ist ein traditioneller amerikanischer Rechtschreibwettbewerb, bei dem Sch\u00fcler gegeneinander antreten.<\/p>\n","protected":false},"excerpt":{"rendered":"<p>Die American Library in Karlsruhe bietet den Sch\u00fclern der Europ\u00e4ischen Schule j\u00e4hrlich die Teilnahme am American Spelling Bee Contest (Rechtschreibwettbewerb) an. Der Spelling Bee Contest ist ein traditioneller amerikanischer Rechtschreibwettbewerb, bei dem Sch\u00fcler gegeneinander antreten.<\/p>\n","protected":false},"author":406,"featured_media":0,"parent":13359,"menu_order":77,"comment_status":"closed","ping_status":"closed","template":"","meta":{"inline_featured_image":false,"footnotes":""},"class_list":["post-13403","page","type-page","status-publish","hentry"],"_links":{"self":[{"href":"https:\/\/www.esk-eltern.de\/de\/wp-json\/wp\/v2\/pages\/13403","targetHints":{"allow":["GET"]}}],"collection":[{"href":"https:\/\/www.esk-eltern.de\/de\/wp-json\/wp\/v2\/pages"}],"about":[{"href":"https:\/\/www.esk-eltern.de\/de\/wp-json\/wp\/v2\/types\/page"}],"author":[{"embeddable":true,"href":"https:\/\/www.esk-eltern.de\/de\/wp-json\/wp\/v2\/users\/406"}],"replies":[{"embeddable":true,"href":"https:\/\/www.esk-eltern.de\/de\/wp-json\/wp\/v2\/comments?post=13403"}],"version-history":[{"count":1,"href":"https:\/\/www.esk-eltern.de\/de\/wp-json\/wp\/v2\/pages\/13403\/revisions"}],"predecessor-version":[{"id":13404,"href":"https:\/\/www.esk-eltern.de\/de\/wp-json\/wp\/v2\/pages\/13403\/revisions\/13404"}],"up":[{"embeddable":true,"href":"https:\/\/www.esk-eltern.de\/de\/wp-json\/wp\/v2\/pages\/13359"}],"wp:attachment":[{"href":"https:\/\/www.esk-eltern.de\/de\/wp-json\/wp\/v2\/media?parent=13403"}],"curies":[{"name":"wp","href":"https:\/\/api.w.org\/{rel}","templated":true}]}}