{"id":13395,"date":"2025-04-26T17:23:00","date_gmt":"2025-04-26T15:23:00","guid":{"rendered":"https:\/\/www.esk-eltern.de\/?page_id=13395"},"modified":"2025-04-26T17:26:51","modified_gmt":"2025-04-26T15:26:51","slug":"kaenguru-der-mathematik","status":"publish","type":"page","link":"https:\/\/www.esk-eltern.de\/de\/elternverein\/wettbewerbe\/kaenguru-der-mathematik\/","title":{"rendered":"K\u00e4nguru der Mathematik"},"content":{"rendered":"\n<p>Was ist K\u00e4nguru der Mathematik?\u2028<\/p>\n\n\n\n<p>Ein mathematischer Multiple-Choice-Wettbewerb f\u00fcr rund 6 Millionen Teilnehmer in \u00fcber 60 L\u00e4ndern weltweit. Der Wettbewerb findet einmal j\u00e4hrlich am 3. Donnerstag im M\u00e4rz in allen Teilnehmerl\u00e4ndern gleichzeitig statt und wird als freiwilliger Klausurwettbewerb an den Schulen unter Aufsicht geschrieben.<\/p>\n\n\n\n<p>Diese Veranstaltung soll die mathematische Bildung in den Schulen unterst\u00fctzen, die Freude an der Besch\u00e4ftigung mit Mathematik wecken und festigen und durch das Angebot an interessanten Aufgaben die selbstst\u00e4ndige Arbeit und die Arbeit im Unterricht f\u00f6rdern.<\/p>\n\n\n\n<p>Es handelt sich um einen Einzelwettbewerb, bei dem in 75 Minuten je 24 Aufgaben in den Klassenstufen 3\/4 und 5\/6 bzw. je 30 Aufgaben in den Klassenstufen 7\/8, 9\/10 und 11\u201313 zu l\u00f6sen sind.<\/p>\n\n\n\n<p>Der Wettbewerb findet traditionellen an 3. Donnerstag im M\u00e4rz statt.<\/p>\n\n\n\n<p>Der K\u00e4nguru-Mathematikwettbewerb wird jedes Jahr von ESK-Lehrern organisiert, aber die ESK EV ist stolz darauf, die Anmeldegeb\u00fchren f\u00fcr die Grundschulteilnehmer jedes Schuljahr zu unterst\u00fctzen.<\/p>\n\n\n\n<p>Mehr Informationen gibt es auf <a href=\"https:\/\/www.mathe-kaenguru.de\">https:\/\/www.mathe-kaenguru.de<\/a><\/p>\n","protected":false},"excerpt":{"rendered":"<p>Was ist K\u00e4nguru der Mathematik?\u2028 Ein mathematischer Multiple-Choice-Wettbewerb f\u00fcr rund 6 Millionen Teilnehmer in \u00fcber 60 L\u00e4ndern weltweit. Der Wettbewerb findet einmal j\u00e4hrlich am 3. Donnerstag im M\u00e4rz in allen Teilnehmerl\u00e4ndern gleichzeitig statt und wird als freiwilliger Klausurwettbewerb an den Schulen unter Aufsicht geschrieben. Diese Veranstaltung soll die mathematische Bildung in den Schulen unterst\u00fctzen, die <a class=\"read-more-link\" href=\"https:\/\/www.esk-eltern.de\/de\/elternverein\/wettbewerbe\/kaenguru-der-mathematik\/\">Read More<\/a><\/p>\n","protected":false},"author":406,"featured_media":0,"parent":13359,"menu_order":81,"comment_status":"closed","ping_status":"closed","template":"","meta":{"inline_featured_image":false,"footnotes":""},"class_list":["post-13395","page","type-page","status-publish","hentry"],"_links":{"self":[{"href":"https:\/\/www.esk-eltern.de\/de\/wp-json\/wp\/v2\/pages\/13395","targetHints":{"allow":["GET"]}}],"collection":[{"href":"https:\/\/www.esk-eltern.de\/de\/wp-json\/wp\/v2\/pages"}],"about":[{"href":"https:\/\/www.esk-eltern.de\/de\/wp-json\/wp\/v2\/types\/page"}],"author":[{"embeddable":true,"href":"https:\/\/www.esk-eltern.de\/de\/wp-json\/wp\/v2\/users\/406"}],"replies":[{"embeddable":true,"href":"https:\/\/www.esk-eltern.de\/de\/wp-json\/wp\/v2\/comments?post=13395"}],"version-history":[{"count":2,"href":"https:\/\/www.esk-eltern.de\/de\/wp-json\/wp\/v2\/pages\/13395\/revisions"}],"predecessor-version":[{"id":13398,"href":"https:\/\/www.esk-eltern.de\/de\/wp-json\/wp\/v2\/pages\/13395\/revisions\/13398"}],"up":[{"embeddable":true,"href":"https:\/\/www.esk-eltern.de\/de\/wp-json\/wp\/v2\/pages\/13359"}],"wp:attachment":[{"href":"https:\/\/www.esk-eltern.de\/de\/wp-json\/wp\/v2\/media?parent=13395"}],"curies":[{"name":"wp","href":"https:\/\/api.w.org\/{rel}","templated":true}]}}