{"id":13371,"date":"2025-04-26T16:31:49","date_gmt":"2025-04-26T14:31:49","guid":{"rendered":"https:\/\/www.esk-eltern.de\/?page_id=13371"},"modified":"2025-04-26T16:34:24","modified_gmt":"2025-04-26T14:34:24","slug":"schueleraustausch","status":"publish","type":"page","link":"https:\/\/www.esk-eltern.de\/de\/elternverein\/schueleraustausch\/","title":{"rendered":"Sch\u00fcleraustausch"},"content":{"rendered":"\n<p>Die Elternvereinigung unterst\u00fctzt und f\u00f6rdert das \u201eMobility Programme\u201c an verschiedenen Europ\u00e4ischen Schulen!<\/p>\n\n\n\n<p>Das Mobility Programme erm\u00f6glicht es Sch\u00fclerinnen und Sch\u00fclern, vor\u00fcbergehend an einer der offiziellen und anerkannten Europ\u00e4ischen Schulen zu lernen und ein anderes p\u00e4dagogisches und kulturelles Umfeld zu erleben.<\/p>\n\n\n\n<p>Unsere Europ\u00e4ische Schule bietet die M\u00f6glichkeit, Sch\u00fclerinnen und Sch\u00fcler aufzunehmen, und unterst\u00fctzt unseren Besuch an anderen Schulen. Das Programm findet regelm\u00e4\u00dfig im 1. Semester der S5 statt. In begr\u00fcndeten F\u00e4llen ist aber auch das 1. Semester der S4 m\u00f6glich. Die Mindestdauer eines Besuchs betr\u00e4gt 5-6 Wochen, die H\u00f6chstdauer ist ein Semester.<\/p>\n\n\n\n<p>Eines der wichtigsten Elemente des Programms sind die Gastfamilien. Einige Monate bei einer einheimischen Familie zu verbringen ist der Schl\u00fcssel, um die andere Kultur kennenzulernen, und auch die Gastfamilie profitiert davon, indem sie neue Beziehungen aufbaut und neue Traditionen kennenlernt.<\/p>\n\n\n\n<p>Die Gastfamilien m\u00fcssen dem\/der Gastsch\u00fcler\/in eine geeignete Unterkunft und Verpflegung bieten und klare Richtlinien vorgeben. Die Teilnehmer\/innen m\u00fcssen au\u00dferdem nachweisen, dass sie ausreichend kranken-, reise-, unfall- und haftpflichtversichert sind und \u00fcber gen\u00fcgend Geld verf\u00fcgen, um ihren Aufenthalt in einem anderen Land zu finanzieren.<\/p>\n\n\n\n<p>Wir sind immer auf der Suche nach Gastfamilien und wenn du eine sein m\u00f6chtest, kontaktiere uns bitte <a href=\"mailto:studenka@partner.eursc.eu\">studenka@partner.eursc.eu<\/a><\/p>\n\n\n\n<p>Das ESK EV Mobility Team<\/p>\n","protected":false},"excerpt":{"rendered":"<p>Die Elternvereinigung unterst\u00fctzt und f\u00f6rdert das \u201eMobility Programme\u201c an verschiedenen Europ\u00e4ischen Schulen! Das Mobility Programme erm\u00f6glicht es Sch\u00fclerinnen und Sch\u00fclern, vor\u00fcbergehend an einer der offiziellen und anerkannten Europ\u00e4ischen Schulen zu lernen und ein anderes p\u00e4dagogisches und kulturelles Umfeld zu erleben. Unsere Europ\u00e4ische Schule bietet die M\u00f6glichkeit, Sch\u00fclerinnen und Sch\u00fcler aufzunehmen, und unterst\u00fctzt unseren Besuch an <a class=\"read-more-link\" href=\"https:\/\/www.esk-eltern.de\/de\/elternverein\/schueleraustausch\/\">Read More<\/a><\/p>\n","protected":false},"author":406,"featured_media":0,"parent":13318,"menu_order":87,"comment_status":"closed","ping_status":"closed","template":"","meta":{"inline_featured_image":false,"footnotes":""},"class_list":["post-13371","page","type-page","status-publish","hentry"],"_links":{"self":[{"href":"https:\/\/www.esk-eltern.de\/de\/wp-json\/wp\/v2\/pages\/13371","targetHints":{"allow":["GET"]}}],"collection":[{"href":"https:\/\/www.esk-eltern.de\/de\/wp-json\/wp\/v2\/pages"}],"about":[{"href":"https:\/\/www.esk-eltern.de\/de\/wp-json\/wp\/v2\/types\/page"}],"author":[{"embeddable":true,"href":"https:\/\/www.esk-eltern.de\/de\/wp-json\/wp\/v2\/users\/406"}],"replies":[{"embeddable":true,"href":"https:\/\/www.esk-eltern.de\/de\/wp-json\/wp\/v2\/comments?post=13371"}],"version-history":[{"count":2,"href":"https:\/\/www.esk-eltern.de\/de\/wp-json\/wp\/v2\/pages\/13371\/revisions"}],"predecessor-version":[{"id":13375,"href":"https:\/\/www.esk-eltern.de\/de\/wp-json\/wp\/v2\/pages\/13371\/revisions\/13375"}],"up":[{"embeddable":true,"href":"https:\/\/www.esk-eltern.de\/de\/wp-json\/wp\/v2\/pages\/13318"}],"wp:attachment":[{"href":"https:\/\/www.esk-eltern.de\/de\/wp-json\/wp\/v2\/media?parent=13371"}],"curies":[{"name":"wp","href":"https:\/\/api.w.org\/{rel}","templated":true}]}}