{"id":13348,"date":"2025-04-25T22:41:04","date_gmt":"2025-04-25T20:41:04","guid":{"rendered":"https:\/\/www.esk-eltern.de\/?page_id=13348"},"modified":"2025-04-25T22:41:06","modified_gmt":"2025-04-25T20:41:06","slug":"interparents","status":"publish","type":"page","link":"https:\/\/www.esk-eltern.de\/de\/elternverein\/interparents\/","title":{"rendered":"Interparents"},"content":{"rendered":"\n<p>Die Elternvereinigungen aller Europ\u00e4ischen Schulen sind in der Dachorganisation \u201eInterparents\u201c zusammengeschlossen.<\/p>\n\n\n\n<p>Interparents wiederum vertritt die Eltern in Angelegenheiten, die f\u00fcr den Verwaltungsrat in Br\u00fcssel wichtig sind. Diese Angelegenheiten umfassen:<\/p>\n\n\n\n<ul class=\"wp-block-list\">\n<li>Kindergarten\/Primarbereich und Sekundarbereich,<\/li>\n\n\n\n<li>Verwaltungs- und Finanzangelegenheiten,<\/li>\n\n\n\n<li>Sonderp\u00e4dagogischer F\u00f6rderbedarf und Lernunterst\u00fctzung,<\/li>\n\n\n\n<li>Kriterien f\u00fcr Leistungsstandards,<\/li>\n\n\n\n<li>Das Europ\u00e4ische Baccalaureat-Diplom,<\/li>\n\n\n\n<li>Sprachen und Bibliotheken<\/li>\n\n\n\n<li>Entwicklung und Reform der Europ\u00e4ischen Schulen.<\/li>\n<\/ul>\n\n\n\n<p>Die ESK-Elternvereinigung ist im Rahmen von Interparents sehr aktiv und wei\u00df, wie wichtig es ist, sich f\u00fcr die Unterst\u00fctzung aller Eltern im gesamten europ\u00e4ischen Schulsystem stark zu machen.<\/p>\n\n\n\n<p>Es ist wichtig, dass alle Eltern diese Verbindung mit dem Obersten Rat in Br\u00fcssel voll und ganz unterst\u00fctzen, damit ein gesundes und belebendes Lernumfeld f\u00fcr alle unsere Kinder gew\u00e4hrleistet ist.<\/p>\n\n\n\n<p>Die aktuellen Interparents-Vertreter f\u00fcr die Europ\u00e4ische Schule Karlsruhe finden Sie auf unserer Who&#8217;s Who-Seite.<\/p>\n\n\n\n<p>Weitere Informationen finden Sie auf der Website von Interparents<\/p>\n\n\n\n<p><\/p>\n","protected":false},"excerpt":{"rendered":"<p>Die Elternvereinigungen aller Europ\u00e4ischen Schulen sind in der Dachorganisation \u201eInterparents\u201c zusammengeschlossen. Interparents wiederum vertritt die Eltern in Angelegenheiten, die f\u00fcr den Verwaltungsrat in Br\u00fcssel wichtig sind. Diese Angelegenheiten umfassen: Die ESK-Elternvereinigung ist im Rahmen von Interparents sehr aktiv und wei\u00df, wie wichtig es ist, sich f\u00fcr die Unterst\u00fctzung aller Eltern im gesamten europ\u00e4ischen Schulsystem stark <a class=\"read-more-link\" href=\"https:\/\/www.esk-eltern.de\/de\/elternverein\/interparents\/\">Read More<\/a><\/p>\n","protected":false},"author":406,"featured_media":0,"parent":13318,"menu_order":49,"comment_status":"closed","ping_status":"closed","template":"","meta":{"inline_featured_image":false,"footnotes":""},"class_list":["post-13348","page","type-page","status-publish","hentry"],"_links":{"self":[{"href":"https:\/\/www.esk-eltern.de\/de\/wp-json\/wp\/v2\/pages\/13348","targetHints":{"allow":["GET"]}}],"collection":[{"href":"https:\/\/www.esk-eltern.de\/de\/wp-json\/wp\/v2\/pages"}],"about":[{"href":"https:\/\/www.esk-eltern.de\/de\/wp-json\/wp\/v2\/types\/page"}],"author":[{"embeddable":true,"href":"https:\/\/www.esk-eltern.de\/de\/wp-json\/wp\/v2\/users\/406"}],"replies":[{"embeddable":true,"href":"https:\/\/www.esk-eltern.de\/de\/wp-json\/wp\/v2\/comments?post=13348"}],"version-history":[{"count":1,"href":"https:\/\/www.esk-eltern.de\/de\/wp-json\/wp\/v2\/pages\/13348\/revisions"}],"predecessor-version":[{"id":13349,"href":"https:\/\/www.esk-eltern.de\/de\/wp-json\/wp\/v2\/pages\/13348\/revisions\/13349"}],"up":[{"embeddable":true,"href":"https:\/\/www.esk-eltern.de\/de\/wp-json\/wp\/v2\/pages\/13318"}],"wp:attachment":[{"href":"https:\/\/www.esk-eltern.de\/de\/wp-json\/wp\/v2\/media?parent=13348"}],"curies":[{"name":"wp","href":"https:\/\/api.w.org\/{rel}","templated":true}]}}