{"id":13335,"date":"2025-04-25T22:22:24","date_gmt":"2025-04-25T20:22:24","guid":{"rendered":"https:\/\/www.esk-eltern.de\/?page_id=13335"},"modified":"2025-04-25T22:22:26","modified_gmt":"2025-04-25T20:22:26","slug":"verwaltungsrat","status":"publish","type":"page","link":"https:\/\/www.esk-eltern.de\/de\/elternverein\/verwaltungsrat\/","title":{"rendered":"Verwaltungsrat"},"content":{"rendered":"\n<p>Im System der Europ\u00e4ischen Schulen (https:\/\/www.eursc.eu\/en\/) gibt es verschiedene Verwaltungsorgane mit unterschiedlichen Entscheidungsbefugnissen.<\/p>\n\n\n\n<p>Unter der Leitung des Generalsekret\u00e4rs der Europ\u00e4ischen Schulen er\u00f6rtert der Verwaltungsrat (Admin Board) die t\u00e4glichen Probleme, diskutiert alle Verwaltungs- und Managementangelegenheiten der Schule und plant den Haushalt und das Engagement. Der Schulentwicklungsplan wird entsprechend vorgestellt und ebenfalls diskutiert.<\/p>\n\n\n\n<p>Der Verwaltungsrat der ESK trifft sich zweimal im Jahr: einmal im Herbst f\u00fcr p\u00e4dagogische Angelegenheiten und einmal im Fr\u00fchjahr f\u00fcr den Schulhaushalt. Er besteht neben dem Generalsekret\u00e4r aus der Schulleitung, Vertretern der Lehrkr\u00e4fte des Sekundarbereichs und des Kindergartens\/Primarbereichs (sowohl abgeordnete als auch vor Ort eingestellte), des Verwaltungspersonals (PAS), der Sch\u00fcler und der Eltern sowie aus Vertretern der EU-Kommission, der deutschen Delegation und der GFS.<\/p>\n\n\n\n<p>Er ist derzeit das wichtigste Gremium, in dem die Eltern im System der Europ\u00e4ischen Schulen direkt vertreten sind. Es bietet die M\u00f6glichkeit, direkt mit dem Generalsekret\u00e4r in Kontakt zu treten und in allen Fragen mitzureden.<\/p>\n","protected":false},"excerpt":{"rendered":"<p>Im System der Europ\u00e4ischen Schulen (https:\/\/www.eursc.eu\/en\/) gibt es verschiedene Verwaltungsorgane mit unterschiedlichen Entscheidungsbefugnissen. Unter der Leitung des Generalsekret\u00e4rs der Europ\u00e4ischen Schulen er\u00f6rtert der Verwaltungsrat (Admin Board) die t\u00e4glichen Probleme, diskutiert alle Verwaltungs- und Managementangelegenheiten der Schule und plant den Haushalt und das Engagement. Der Schulentwicklungsplan wird entsprechend vorgestellt und ebenfalls diskutiert. Der Verwaltungsrat der ESK <a class=\"read-more-link\" href=\"https:\/\/www.esk-eltern.de\/de\/elternverein\/verwaltungsrat\/\">Read More<\/a><\/p>\n","protected":false},"author":406,"featured_media":0,"parent":13318,"menu_order":48,"comment_status":"closed","ping_status":"closed","template":"","meta":{"inline_featured_image":false,"footnotes":""},"class_list":["post-13335","page","type-page","status-publish","hentry"],"_links":{"self":[{"href":"https:\/\/www.esk-eltern.de\/de\/wp-json\/wp\/v2\/pages\/13335","targetHints":{"allow":["GET"]}}],"collection":[{"href":"https:\/\/www.esk-eltern.de\/de\/wp-json\/wp\/v2\/pages"}],"about":[{"href":"https:\/\/www.esk-eltern.de\/de\/wp-json\/wp\/v2\/types\/page"}],"author":[{"embeddable":true,"href":"https:\/\/www.esk-eltern.de\/de\/wp-json\/wp\/v2\/users\/406"}],"replies":[{"embeddable":true,"href":"https:\/\/www.esk-eltern.de\/de\/wp-json\/wp\/v2\/comments?post=13335"}],"version-history":[{"count":1,"href":"https:\/\/www.esk-eltern.de\/de\/wp-json\/wp\/v2\/pages\/13335\/revisions"}],"predecessor-version":[{"id":13336,"href":"https:\/\/www.esk-eltern.de\/de\/wp-json\/wp\/v2\/pages\/13335\/revisions\/13336"}],"up":[{"embeddable":true,"href":"https:\/\/www.esk-eltern.de\/de\/wp-json\/wp\/v2\/pages\/13318"}],"wp:attachment":[{"href":"https:\/\/www.esk-eltern.de\/de\/wp-json\/wp\/v2\/media?parent=13335"}],"curies":[{"name":"wp","href":"https:\/\/api.w.org\/{rel}","templated":true}]}}