{"id":13327,"date":"2025-04-25T22:14:31","date_gmt":"2025-04-25T20:14:31","guid":{"rendered":"https:\/\/www.esk-eltern.de\/?page_id=13327"},"modified":"2025-04-25T22:15:14","modified_gmt":"2025-04-25T20:15:14","slug":"erziehungsrat","status":"publish","type":"page","link":"https:\/\/www.esk-eltern.de\/de\/elternverein\/erziehungsrat\/","title":{"rendered":"Erziehungsrat"},"content":{"rendered":"\n<p>An der ESK gibt es zwei Bildungsbeir\u00e4te:<\/p>\n\n\n\n<ul class=\"wp-block-list\">\n<li>einen f\u00fcr den Kindergarten und die Grundschule<\/li>\n\n\n\n<li>einen f\u00fcr die Sekundarschule<\/li>\n<\/ul>\n\n\n\n<p>Der Erziehungsrat f\u00fcr jeden Bereich setzt sich aus Vertretern der Schule, der Eltern und des Personals zusammen. Die Erziehungsr\u00e4te treffen sich zweimal im Jahr. Alle schulischen Angelegenheiten werden auf die Tagesordnung gesetzt, und die EV trifft sich vor jedem Bildungsrat mit den ClassReps, um Punkte zu sammeln.<\/p>\n\n\n\n<p>Wenn Sie also ein Anliegen haben, das Sie gerne mit der Schule besprechen m\u00f6chten, wenden Sie sich an Ihre ClassReps, die Ihre Interessen gegen\u00fcber der EV vertreten k\u00f6nnen, die es dann an die Schule weiterleiten kann.<\/p>\n","protected":false},"excerpt":{"rendered":"<p>An der ESK gibt es zwei Bildungsbeir\u00e4te: Der Erziehungsrat f\u00fcr jeden Bereich setzt sich aus Vertretern der Schule, der Eltern und des Personals zusammen. Die Erziehungsr\u00e4te treffen sich zweimal im Jahr. Alle schulischen Angelegenheiten werden auf die Tagesordnung gesetzt, und die EV trifft sich vor jedem Bildungsrat mit den ClassReps, um Punkte zu sammeln. Wenn <a class=\"read-more-link\" href=\"https:\/\/www.esk-eltern.de\/de\/elternverein\/erziehungsrat\/\">Read More<\/a><\/p>\n","protected":false},"author":406,"featured_media":0,"parent":13318,"menu_order":41,"comment_status":"closed","ping_status":"closed","template":"","meta":{"inline_featured_image":false,"footnotes":""},"class_list":["post-13327","page","type-page","status-publish","hentry"],"_links":{"self":[{"href":"https:\/\/www.esk-eltern.de\/de\/wp-json\/wp\/v2\/pages\/13327","targetHints":{"allow":["GET"]}}],"collection":[{"href":"https:\/\/www.esk-eltern.de\/de\/wp-json\/wp\/v2\/pages"}],"about":[{"href":"https:\/\/www.esk-eltern.de\/de\/wp-json\/wp\/v2\/types\/page"}],"author":[{"embeddable":true,"href":"https:\/\/www.esk-eltern.de\/de\/wp-json\/wp\/v2\/users\/406"}],"replies":[{"embeddable":true,"href":"https:\/\/www.esk-eltern.de\/de\/wp-json\/wp\/v2\/comments?post=13327"}],"version-history":[{"count":3,"href":"https:\/\/www.esk-eltern.de\/de\/wp-json\/wp\/v2\/pages\/13327\/revisions"}],"predecessor-version":[{"id":13330,"href":"https:\/\/www.esk-eltern.de\/de\/wp-json\/wp\/v2\/pages\/13327\/revisions\/13330"}],"up":[{"embeddable":true,"href":"https:\/\/www.esk-eltern.de\/de\/wp-json\/wp\/v2\/pages\/13318"}],"wp:attachment":[{"href":"https:\/\/www.esk-eltern.de\/de\/wp-json\/wp\/v2\/media?parent=13327"}],"curies":[{"name":"wp","href":"https:\/\/api.w.org\/{rel}","templated":true}]}}