{"id":13297,"date":"2025-04-24T16:37:44","date_gmt":"2025-04-24T14:37:44","guid":{"rendered":"https:\/\/www.esk-eltern.de\/?page_id=13297"},"modified":"2025-04-24T16:40:47","modified_gmt":"2025-04-24T14:40:47","slug":"neuigkeiten-sonderpaedagogische-foerderung","status":"publish","type":"page","link":"https:\/\/www.esk-eltern.de\/de\/alle-neuigkeiten\/neuigkeiten-sonderpaedagogische-foerderung\/","title":{"rendered":"Sonderp\u00e4dagogische F\u00f6rderung"},"content":{"rendered":"<ul class=\"wp-block-latest-posts__list has-dates wp-block-latest-posts\"><li><a class=\"wp-block-latest-posts__post-title\" href=\"https:\/\/www.esk-eltern.de\/de\/neuigkeiten\/hoeren-ein-anderer-zugang-zum-lesen-und-zur-literatur\/\">H\u00f6ren: ein anderer Zugang zum Lesen und zur Literatur<\/a><time datetime=\"2024-12-02T21:13:40+01:00\" class=\"wp-block-latest-posts__post-date\">02\/12\/2024<\/time><div class=\"wp-block-latest-posts__post-excerpt\">Wenn es schwierig oder unm\u00f6glich ist, mit den Augen zu lesen, kann man auch mit den Ohren lesen. Daf\u00fcr gibt es verschiedene M\u00f6glichkeiten.<\/div><\/li>\n<li><a class=\"wp-block-latest-posts__post-title\" href=\"https:\/\/www.esk-eltern.de\/de\/neuigkeiten\/erfolgreiche-informationsveranstaltung-teileistungsstoerung-und-cafe-dys-im-november\/\">Erfolgreiche Informationsveranstaltung Teileistungsst\u00f6rung und Caf\u00e9 Dys im November<\/a><time datetime=\"2024-11-25T10:21:19+01:00\" class=\"wp-block-latest-posts__post-date\">25\/11\/2024<\/time><div class=\"wp-block-latest-posts__post-excerpt\">Am Freitag, den 15. November, lud die Elternvereinigung der ESK Frau Netrval von Dyspraxie.lu zu einem Vortrag ein: \u201eWie das iPad die kognitive Doppelbelastung f\u00fcr Dys-Sch\u00fcler vermeiden kann\u201c. Dadurch wurde verdeutlicht, wie die Schreib- und Leseschwierigkeiten der Sch\u00fclerinnen und Sch\u00fcler sowie ihren Herausforderungen bei der Organisation und das Speichern im Ged\u00e4chtnis durch den Einsatz von <a class=\"read-more-link\" href=\"https:\/\/www.esk-eltern.de\/de\/neuigkeiten\/erfolgreiche-informationsveranstaltung-teileistungsstoerung-und-cafe-dys-im-november\/\">Read More<\/a><\/div><\/li>\n<li><a class=\"wp-block-latest-posts__post-title\" href=\"https:\/\/www.esk-eltern.de\/de\/neuigkeiten\/einladung-cafe-dys-16-11-2024\/\">Einladung Caf\u00e9 Dys 16.11.2024<\/a><time datetime=\"2024-11-07T21:21:10+01:00\" class=\"wp-block-latest-posts__post-date\">07\/11\/2024<\/time><div class=\"wp-block-latest-posts__post-excerpt\"><\/div><\/li>\n<li><a class=\"wp-block-latest-posts__post-title\" href=\"https:\/\/www.esk-eltern.de\/de\/neuigkeiten\/informationsabend-teilleitungsstoerung-15-11-2024-cafe-dys-16-11-2024\/\">Informationsabend Teilleistungsst\u00f6rung 15.11.2024, Caf\u00e9 DYS 16.11.2024<\/a><time datetime=\"2024-11-04T23:34:09+01:00\" class=\"wp-block-latest-posts__post-date\">04\/11\/2024<\/time><div class=\"wp-block-latest-posts__post-excerpt\">Die Elternvereinigung l\u00e4dt zu einen Informationsabend \u00fcber Teilleistungsst\u00f6rung am 15. November um 18.00 Uhr ein.Am n\u00e4chsten Tag, Samstag, den 16. November findet um 09:30 Uhr das Dys-Caf\u00e9 im Mitmachladen in der Waldstadt statt.Rednerin: Frau Magali Netrval, Vizepr\u00e4sidentin von Dyspraxie.lu. Frau Netrval ist au\u00dferdem ein Elternteil von Sch\u00fclern an einer Schule der Europ\u00e4ischen Schulen in Luxemburg <a class=\"read-more-link\" href=\"https:\/\/www.esk-eltern.de\/de\/neuigkeiten\/informationsabend-teilleitungsstoerung-15-11-2024-cafe-dys-16-11-2024\/\">Read More<\/a><\/div><\/li>\n<li><a class=\"wp-block-latest-posts__post-title\" href=\"https:\/\/www.esk-eltern.de\/de\/neuigkeiten\/online-konferenz-paramedizinische-untersuchungen-bei-kindern\/\">[Kostenlose Online-Konferenz] &#8211; Paramedizinische Untersuchungen bei Kindern<\/a><time datetime=\"2024-10-27T10:17:13+01:00\" class=\"wp-block-latest-posts__post-date\">27\/10\/2024<\/time><div class=\"wp-block-latest-posts__post-excerpt\">Am 29. November 2024 von 12.00 bis 14.00 Uhr bietet CERENE eine kostenlose Online-Konferenz in franz\u00f6sischer Sprache an: Paramedizinische Untersuchungen bei Kindern Logop\u00e4dische, psychomotorische, orthoptische, logisch-mathematische, pyschometrische und neuropsychologische Abkl\u00e4rungen\u2026 Wie soll man sich da zurechtfinden? Zu welchem Zeitpunkt f\u00fcr welche Schwierigkeit? Informationen und Anmeldung: https:\/\/my.weezevent.com\/bilans-paramedicaux my.weezevent.com\/bilans-paramedicaux Erfahre hier mehr \u00fcber CERENE.<\/div><\/li>\n<li><a class=\"wp-block-latest-posts__post-title\" href=\"https:\/\/www.esk-eltern.de\/de\/neuigkeiten\/tag-der-legasthenie-und-dyskalkulie-am-30-september-2024\/\">Tag der Legasthenie und Dyskalkulie am 30. September 2024<\/a><time datetime=\"2024-09-18T11:39:47+02:00\" class=\"wp-block-latest-posts__post-date\">18\/09\/2024<\/time><div class=\"wp-block-latest-posts__post-excerpt\">Schaut mal hier: https:\/\/www.bvl-legasthenie.de\/aktionstag.html Als Eltern von Kindern mit Legasthenie und Dyskalkulie m\u00f6chten wir unsere Erfahrungen austauschen und ggf. weiterhelfen, z. B. auf dem langen Weg zur Diagnose, Therapie oder zu unterst\u00fctzenden Ma\u00dfnahmen.Z\u00f6gere nicht und nimm Kontakt mit uns auf! Wir k\u00f6nnen die Sprachen aller drei Sprachabteilungen der Schule. \ud83d\ude09 Kurzfilme der BVL zu Legasthenie <a class=\"read-more-link\" href=\"https:\/\/www.esk-eltern.de\/de\/neuigkeiten\/tag-der-legasthenie-und-dyskalkulie-am-30-september-2024\/\">Read More<\/a><\/div><\/li>\n<\/ul>","protected":false},"excerpt":{"rendered":"","protected":false},"author":406,"featured_media":0,"parent":9286,"menu_order":112,"comment_status":"closed","ping_status":"closed","template":"","meta":{"inline_featured_image":false,"footnotes":""},"class_list":["post-13297","page","type-page","status-publish","hentry"],"_links":{"self":[{"href":"https:\/\/www.esk-eltern.de\/de\/wp-json\/wp\/v2\/pages\/13297","targetHints":{"allow":["GET"]}}],"collection":[{"href":"https:\/\/www.esk-eltern.de\/de\/wp-json\/wp\/v2\/pages"}],"about":[{"href":"https:\/\/www.esk-eltern.de\/de\/wp-json\/wp\/v2\/types\/page"}],"author":[{"embeddable":true,"href":"https:\/\/www.esk-eltern.de\/de\/wp-json\/wp\/v2\/users\/406"}],"replies":[{"embeddable":true,"href":"https:\/\/www.esk-eltern.de\/de\/wp-json\/wp\/v2\/comments?post=13297"}],"version-history":[{"count":2,"href":"https:\/\/www.esk-eltern.de\/de\/wp-json\/wp\/v2\/pages\/13297\/revisions"}],"predecessor-version":[{"id":13300,"href":"https:\/\/www.esk-eltern.de\/de\/wp-json\/wp\/v2\/pages\/13297\/revisions\/13300"}],"up":[{"embeddable":true,"href":"https:\/\/www.esk-eltern.de\/de\/wp-json\/wp\/v2\/pages\/9286"}],"wp:attachment":[{"href":"https:\/\/www.esk-eltern.de\/de\/wp-json\/wp\/v2\/media?parent=13297"}],"curies":[{"name":"wp","href":"https:\/\/api.w.org\/{rel}","templated":true}]}}