{"id":13295,"date":"2025-04-24T16:35:33","date_gmt":"2025-04-24T14:35:33","guid":{"rendered":"https:\/\/www.esk-eltern.de\/?page_id=13295"},"modified":"2025-04-24T16:40:57","modified_gmt":"2025-04-24T14:40:57","slug":"neuigkeiten-euroboutique","status":"publish","type":"page","link":"https:\/\/www.esk-eltern.de\/de\/alle-neuigkeiten\/neuigkeiten-euroboutique\/","title":{"rendered":"Euroboutique"},"content":{"rendered":"<ul class=\"wp-block-latest-posts__list has-dates wp-block-latest-posts\"><li><a class=\"wp-block-latest-posts__post-title\" href=\"https:\/\/www.esk-eltern.de\/de\/neuigkeiten\/euroboutique-am-tag-der-offenen-tuer-2024\/\">Euroboutique am Tag der Offenen T\u00fcr 2024<\/a><time datetime=\"2024-03-08T22:21:58+01:00\" class=\"wp-block-latest-posts__post-date\">08\/03\/2024<\/time><div class=\"wp-block-latest-posts__post-excerpt\">Bestellungen k\u00f6nnen am Tag der offenen T\u00fcr am Stand der Euroboutique im EDC hinter der Kantine abgeholt werden. Der Online-Shop wird nach dem Tag der offenen T\u00fcr 2024 wieder ge\u00f6ffnet.<\/div><\/li>\n<li><a class=\"wp-block-latest-posts__post-title\" href=\"https:\/\/www.esk-eltern.de\/de\/neuigkeiten\/bestellung-fuer-den-tag-der-offenen-tuer-2024\/\">Bestellung f\u00fcr den Tag der offenen T\u00fcr 2024<\/a><time datetime=\"2024-02-27T22:30:05+01:00\" class=\"wp-block-latest-posts__post-date\">27\/02\/2024<\/time><div class=\"wp-block-latest-posts__post-excerpt\">Bitte bis Dienstag, 05.03. 2024 20Uhr bestellen, um noch vor dem Tag der offenen T\u00fcr die Ware zu erhalten.Sp\u00e4tere Bestellungen k\u00f6nnen am Tag der offenen T\u00fcr am Stand der Euroboutique abgeholt werden. Zur Seite der Euroboutique<\/div><\/li>\n<li><a class=\"wp-block-latest-posts__post-title\" href=\"https:\/\/www.esk-eltern.de\/de\/neuigkeiten\/neuerungen-auf-den-webseiten\/\">Neuerungen auf den Webseiten<\/a><time datetime=\"2023-09-04T00:02:14+02:00\" class=\"wp-block-latest-posts__post-date\">04\/09\/2023<\/time><div class=\"wp-block-latest-posts__post-excerpt\">Mehrsprachigkeit Wir sind auch dem Wunsch nachgekommen, die Informationen, insbesondere die AA-Kurse, mehrsprachig abzubilden.Die Webseite erkennt entweder ihre Sprache des Browser oder Sie k\u00f6nnen ihre Sprache oben rechts ausw\u00e4hlen.Je nachdem mit welcher Spracheinstellung Sie ihre Mitgliedschaft kaufen, m\u00fcssen Sie dann auch sp\u00e4ter die Kurse in dieser Sprache erwerben. Ihre Vorbereitungsma\u00dfnahmen f\u00fcr die AAs Erfahrungsgem\u00e4\u00df sind <a class=\"read-more-link\" href=\"https:\/\/www.esk-eltern.de\/de\/neuigkeiten\/neuerungen-auf-den-webseiten\/\">Read More<\/a><\/div><\/li>\n<li><a class=\"wp-block-latest-posts__post-title\" href=\"https:\/\/www.esk-eltern.de\/de\/euroboutique\/sweatjacke-grau-mit-logo-pyramide\/\">Sweatjacke Grau mit Logo &#8222;Pyramide&#8220;<\/a><time datetime=\"2023-03-01T22:38:55+01:00\" class=\"wp-block-latest-posts__post-date\">01\/03\/2023<\/time><div class=\"wp-block-latest-posts__post-excerpt\">Gr\u00f6\u00dfen: 116 \u2013 164; Preis 33 \u20ac Bestellungen bitte per E-Mail: kar-evboutique@partner.eursc.eu<\/div><\/li>\n<li><a class=\"wp-block-latest-posts__post-title\" href=\"https:\/\/www.esk-eltern.de\/de\/euroboutique\/basebal-cap-mit-logo-pyramide\/\">Baseball Cap mit Logo &#8222;Pyramide&#8220;<\/a><time datetime=\"2023-03-01T22:33:31+01:00\" class=\"wp-block-latest-posts__post-date\">01\/03\/2023<\/time><div class=\"wp-block-latest-posts__post-excerpt\">Grau oder EuropablauPreis: 15\u20ac Bestellungen bitte per E-Mail: kar-evboutique@partner.eursc.eu<\/div><\/li>\n<li><a class=\"wp-block-latest-posts__post-title\" href=\"https:\/\/www.esk-eltern.de\/de\/euroboutique\/poloshirt-blau-mit-logo-pyramide\/\">Poloshirt blau mit Logo &#8222;Pyramide&#8220;<\/a><time datetime=\"2022-09-05T20:31:23+02:00\" class=\"wp-block-latest-posts__post-date\">05\/09\/2022<\/time><div class=\"wp-block-latest-posts__post-excerpt\">Gr\u00f6\u00dfen: 104 &#8211; 164; Preis 20 \u20ac Damengr\u00f6\u00dfen: XS &#8211; M Herrengr\u00f6\u00dfen: XS \u2013 XXL; Preis: 23 \u20ac Bestellungen bitte per E-Mail: kar-evboutique@partner.eursc.eu<\/div><\/li>\n<li><a class=\"wp-block-latest-posts__post-title\" href=\"https:\/\/www.esk-eltern.de\/de\/euroboutique\/tshirt_2022\/\">T-Shirt &#8211; Europablau mit Logo &#8222;Pyramide&#8220;<\/a><time datetime=\"2022-09-05T17:06:57+02:00\" class=\"wp-block-latest-posts__post-date\">05\/09\/2022<\/time><div class=\"wp-block-latest-posts__post-excerpt\">Gr\u00f6\u00dfe: XS &#8211; XXL Preis: 18 \u20ac Bestellungen bitte per E-Mail: kar-evboutique@partner.eursc.eu<\/div><\/li>\n<li><a class=\"wp-block-latest-posts__post-title\" href=\"https:\/\/www.esk-eltern.de\/de\/euroboutique\/poloshirt-selogo\/\">Poloshirt wei\u00df mit Logo &#8222;Pyramide&#8220;<\/a><time datetime=\"2022-09-04T22:52:28+02:00\" class=\"wp-block-latest-posts__post-date\">04\/09\/2022<\/time><div class=\"wp-block-latest-posts__post-excerpt\">Gr\u00f6\u00dfen: 128 &#8211; 164; Preis: 20 \u20ac Damengr\u00f6\u00dfen: XS &#8211; M Herrengr\u00f6\u00dfen: XS \u2013 M; Preis: 23 \u20ac Bestellungen bitte per E-Mail: kar-evboutique@partner.eursc.eu<\/div><\/li>\n<li><a class=\"wp-block-latest-posts__post-title\" href=\"https:\/\/www.esk-eltern.de\/de\/euroboutique\/60-jahre-schule-t-shirt-grundschule\/\">* REDUZIERT * 60 &#8211; Jahre Schule T-Shirt (Grundschule)<\/a><time datetime=\"2022-09-02T17:20:12+02:00\" class=\"wp-block-latest-posts__post-date\">02\/09\/2022<\/time><div class=\"wp-block-latest-posts__post-excerpt\">noch erh\u00e4ltlich: Kinder: 128 und164 , Preis alt 14\u20ac &#8211; neu 10\u20ac Erwachsene: S (Damen), L (Herren), Preis alt 17\u20ac &#8211; neu 14\u20ac Bestellungen bitte per E-Mail: kar-evboutique@partner.eursc.eu<\/div><\/li>\n<li><a class=\"wp-block-latest-posts__post-title\" href=\"https:\/\/www.esk-eltern.de\/de\/euroboutique\/60-jahre-trinkflasche\/\">* REDUZIERT * 60 &#8211; Jahre Trinkflasche (Grundschule)<\/a><time datetime=\"2022-09-01T18:56:38+02:00\" class=\"wp-block-latest-posts__post-date\">01\/09\/2022<\/time><div class=\"wp-block-latest-posts__post-excerpt\">Preis alt 7\u20ac &#8211; neu 4\u20ac E-Mail: kar-evboutique@partner.eursc.eu<\/div><\/li>\n<\/ul>","protected":false},"excerpt":{"rendered":"","protected":false},"author":406,"featured_media":0,"parent":9286,"menu_order":114,"comment_status":"closed","ping_status":"closed","template":"","meta":{"inline_featured_image":false,"footnotes":""},"class_list":["post-13295","page","type-page","status-publish","hentry"],"_links":{"self":[{"href":"https:\/\/www.esk-eltern.de\/de\/wp-json\/wp\/v2\/pages\/13295","targetHints":{"allow":["GET"]}}],"collection":[{"href":"https:\/\/www.esk-eltern.de\/de\/wp-json\/wp\/v2\/pages"}],"about":[{"href":"https:\/\/www.esk-eltern.de\/de\/wp-json\/wp\/v2\/types\/page"}],"author":[{"embeddable":true,"href":"https:\/\/www.esk-eltern.de\/de\/wp-json\/wp\/v2\/users\/406"}],"replies":[{"embeddable":true,"href":"https:\/\/www.esk-eltern.de\/de\/wp-json\/wp\/v2\/comments?post=13295"}],"version-history":[{"count":2,"href":"https:\/\/www.esk-eltern.de\/de\/wp-json\/wp\/v2\/pages\/13295\/revisions"}],"predecessor-version":[{"id":13301,"href":"https:\/\/www.esk-eltern.de\/de\/wp-json\/wp\/v2\/pages\/13295\/revisions\/13301"}],"up":[{"embeddable":true,"href":"https:\/\/www.esk-eltern.de\/de\/wp-json\/wp\/v2\/pages\/9286"}],"wp:attachment":[{"href":"https:\/\/www.esk-eltern.de\/de\/wp-json\/wp\/v2\/media?parent=13295"}],"curies":[{"name":"wp","href":"https:\/\/api.w.org\/{rel}","templated":true}]}}