{"id":13292,"date":"2025-04-21T21:11:53","date_gmt":"2025-04-21T19:11:53","guid":{"rendered":"https:\/\/www.esk-eltern.de\/?page_id=13292"},"modified":"2025-04-24T16:41:50","modified_gmt":"2025-04-24T14:41:50","slug":"neuigkeiten-ausserschulische-aktivitaeten","status":"publish","type":"page","link":"https:\/\/www.esk-eltern.de\/de\/alle-neuigkeiten\/neuigkeiten-ausserschulische-aktivitaeten\/","title":{"rendered":"Au\u00dferschulische Aktivit\u00e4ten"},"content":{"rendered":"<ul class=\"wp-block-latest-posts__list has-dates wp-block-latest-posts\"><li><a class=\"wp-block-latest-posts__post-title\" href=\"https:\/\/www.esk-eltern.de\/de\/ausserschulische-aktivitaeten\/osterferien\/\">Osterferien 2026<\/a><time datetime=\"2026-03-23T08:19:41+01:00\" class=\"wp-block-latest-posts__post-date\">23\/03\/2026<\/time><div class=\"wp-block-latest-posts__post-excerpt\">Liebe alle,die Schule bleibt vom 30. M\u00e4rz 2026 bis zum 10. April 2026 geschlossen. Der Unterricht wird am 13. April wieder aufgenommen, sobald die Schule wieder ge\u00f6ffnet ist. Wir w\u00fcnschen euch sch\u00f6ne Ferien.<\/div><\/li>\n<li><a class=\"wp-block-latest-posts__post-title\" href=\"https:\/\/www.esk-eltern.de\/de\/neuigkeiten\/winterpause-2026\/\">Winterpause 2026<\/a><time datetime=\"2026-02-09T15:47:40+01:00\" class=\"wp-block-latest-posts__post-date\">09\/02\/2026<\/time><div class=\"wp-block-latest-posts__post-excerpt\">Liebe alle, wir m\u00f6chten Sie erinnern, dass die Schule vom\u00a016. Februar 2026 bis zum 20. Februar 2026\u00a0geschlossen bleibt. Alle AAs werden w\u00e4hrend dieser Zeit ausgesetzt und am 23. Februar 2026 wieder aufgenommen. Wir w\u00fcnschen Ihnen sch\u00f6ne Ferien \ud83d\ude42<\/div><\/li>\n<li><a class=\"wp-block-latest-posts__post-title\" href=\"https:\/\/www.esk-eltern.de\/de\/neuigkeiten\/buchungstag-im-zweiten-semester\/\">Buchungstag im zweiten Semester<\/a><time datetime=\"2026-01-19T09:15:01+01:00\" class=\"wp-block-latest-posts__post-date\">19\/01\/2026<\/time><div class=\"wp-block-latest-posts__post-excerpt\">Liebe Familien, Wir freuen uns, Ihnen mitteilen zu k\u00f6nnen, dass der&nbsp;Schwimmclub&nbsp;auch im zweiten Halbjahr weitergef\u00fchrt wird. Bitte beachten Sie, dass die meisten au\u00dferschulischen Aktivit\u00e4ten (AAs) w\u00e4hrend des gesamten Schuljahres stattfinden und Ende Juni enden w\u00e4hrend die externen AAs enden mit dem Ende des Schuljahres. Die Anmeldungen f\u00fcr den Schwimmclub im zweiten Halbjahr beginnen am&nbsp;8. Februar <a class=\"read-more-link\" href=\"https:\/\/www.esk-eltern.de\/de\/neuigkeiten\/buchungstag-im-zweiten-semester\/\">Read More<\/a><\/div><\/li>\n<li><a class=\"wp-block-latest-posts__post-title\" href=\"https:\/\/www.esk-eltern.de\/de\/neuigkeiten\/weihnachtsferien-2025\/\">Weihnachtsferien 2025<\/a><time datetime=\"2025-12-08T09:11:50+01:00\" class=\"wp-block-latest-posts__post-date\">08\/12\/2025<\/time><div class=\"wp-block-latest-posts__post-excerpt\">Hallo \ud83d\ude42 wir m\u00f6chten euch daran erinnern, dass die AA wie der Schulkalender sind. Die letzte Unterrichtsstunde f\u00fcr 2025 findet am Montag, den 22. Dezember 2025 statt, und wir werden am Mittwoch, den 7. Januar 2026, wieder mit der Arbeit beginnen. Falls AA-Lehrer oder -Trainer nicht an der letzten Unterrichtsstunde teilnehmen k\u00f6nnen oder sp\u00e4ter zur\u00fcckkehren, <a class=\"read-more-link\" href=\"https:\/\/www.esk-eltern.de\/de\/neuigkeiten\/weihnachtsferien-2025\/\">Read More<\/a><\/div><\/li>\n<li><a class=\"wp-block-latest-posts__post-title\" href=\"https:\/\/www.esk-eltern.de\/de\/neuigkeiten\/ferien-ende-oktober-2025\/\">Ferien Ende Oktober 2025<\/a><time datetime=\"2025-10-15T09:29:13+02:00\" class=\"wp-block-latest-posts__post-date\">15\/10\/2025<\/time><div class=\"wp-block-latest-posts__post-excerpt\">Hallo \ud83d\ude42 wir m\u00f6chten Sie daran erinnern, dass die Schule vom\u00a027.10.2025 bis zum 03.11.2025\u00a0geschlossen ist. Alle Nachmittagsaktivit\u00e4ten (AAs) entfallen in diesem Zeitraum. Die Aktivit\u00e4ten beginnen wieder am\u00a004.11.2025.<\/div><\/li>\n<li><a class=\"wp-block-latest-posts__post-title\" href=\"https:\/\/www.esk-eltern.de\/de\/neuigkeiten\/aas-beginnen-in-der-woche-vom-6-10-25\/\">AAs beginnen in der Woche vom 6.10.25<\/a><time datetime=\"2025-09-29T14:52:29+02:00\" class=\"wp-block-latest-posts__post-date\">29\/09\/2025<\/time><div class=\"wp-block-latest-posts__post-excerpt\">Liebe alle,&nbsp; Wir m\u00f6chten Sie daran erinnern, dass alle AAs in der Woche vom 6. Oktober 2025 beginnen werden. Bitte warten Sie auf eine Best\u00e4tigungs-E-Mail bez\u00fcglich Ihrer AA &#8211; in dieser E-Mail wird angegeben, ob Ihre AA best\u00e4tigt oder storniert wurde. Bitte \u00fcberpr\u00fcfen Sie Ihren E-Mail in den kommenden Tagen.&nbsp; Wir sind gerade dabei, die <a class=\"read-more-link\" href=\"https:\/\/www.esk-eltern.de\/de\/neuigkeiten\/aas-beginnen-in-der-woche-vom-6-10-25\/\">Read More<\/a><\/div><\/li>\n<li><a class=\"wp-block-latest-posts__post-title\" href=\"https:\/\/www.esk-eltern.de\/de\/neuigkeiten\/aas-buchungstage\/\">AAs Buchungstage<\/a><time datetime=\"2025-09-09T10:38:01+02:00\" class=\"wp-block-latest-posts__post-date\">09\/09\/2025<\/time><div class=\"wp-block-latest-posts__post-excerpt\">die\u00a0Buchungen f\u00fcr die au\u00dferschulische Aktivit\u00e4ten\u00a0werden an den folgenden Tagen stattfinden: Dienstag, 23. September 2025 &#8211; f\u00fcr Aktivit\u00e4ten am Montag und Dienstag Mittwoch, 24. September 2025 &#8211; f\u00fcr Aktivit\u00e4ten am Mittwoch Donnerstag, 25. September 2025 &#8211; f\u00fcr Aktivit\u00e4ten am Donnerstag und Freitag Alle drei Buchungstage beginnen um 20:00 Uhr. Wichtig: Bitte stellen Sie sicher, dass Sie\u00a0die <a class=\"read-more-link\" href=\"https:\/\/www.esk-eltern.de\/de\/neuigkeiten\/aas-buchungstage\/\">Read More<\/a><\/div><\/li>\n<li><a class=\"wp-block-latest-posts__post-title\" href=\"https:\/\/www.esk-eltern.de\/de\/neuigkeiten\/willkommen-bei-den-aas-2025-2026\/\">Willkommen bei den AAs 2025-2026<\/a><time datetime=\"2025-08-29T13:48:07+02:00\" class=\"wp-block-latest-posts__post-date\">29\/08\/2025<\/time><div class=\"wp-block-latest-posts__post-excerpt\">Wir freuen uns, Sie zu einem neuen und spannenden Schuljahr willkommen zu hei\u00dfen! In diesem Jahr gibt es einige Neuerungen bei unseren au\u00dferschulischen Aktivit\u00e4ten. Bitte schauen Sie auf der Webseite nach, um sich \u00fcber die verschiedenen Optionen zu informieren. Die externen Aktivit\u00e4ten (also die Aktivit\u00e4ten, die direkt bei den Kursleitern gebucht werden k\u00f6nnen) beginnen\u00a0am 8. <a class=\"read-more-link\" href=\"https:\/\/www.esk-eltern.de\/de\/neuigkeiten\/willkommen-bei-den-aas-2025-2026\/\">Read More<\/a><\/div><\/li>\n<li><a class=\"wp-block-latest-posts__post-title\" href=\"https:\/\/www.esk-eltern.de\/de\/neuigkeiten\/erinnerung-ende-aas-schuljahr-2024-2025\/\">Erinnerung Ende AAs Schuljahr 2024\/2025<\/a><time datetime=\"2025-06-16T21:39:52+02:00\" class=\"wp-block-latest-posts__post-date\">16\/06\/2025<\/time><div class=\"wp-block-latest-posts__post-excerpt\">Liebe alle,&nbsp; Wir m\u00f6chten Sie daran erinnern, dass die au\u00dferschulischen Aktivit\u00e4ten Ende Juni enden werden. Der letzte Tag ist Freitag, der 27. Juni 2025. Bitte beachten Sie, dass externe Aktivit\u00e4ten wie Gitarre, Ballett und andere bis zum letzten Schultag fortgesetzt werden, es sei denn, der Lehrer teilt etwas anderes mit. Wir hoffen, dass Ihre Kinder <a class=\"read-more-link\" href=\"https:\/\/www.esk-eltern.de\/de\/neuigkeiten\/erinnerung-ende-aas-schuljahr-2024-2025\/\">Read More<\/a><\/div><\/li>\n<li><a class=\"wp-block-latest-posts__post-title\" href=\"https:\/\/www.esk-eltern.de\/de\/neuigkeiten\/schliessung-schule-an-den-feiertagen-juni-2025\/\">Aussetzung AAs an den Feiertagen Juni 2025<\/a><time datetime=\"2025-06-02T22:49:29+02:00\" class=\"wp-block-latest-posts__post-date\">02\/06\/2025<\/time><div class=\"wp-block-latest-posts__post-excerpt\">Liebe Familien, Bitte beachten Sie, dass die Schule am 9\/6\/25 und 19\/6\/25 geschlossen ist. Alle f\u00fcr diese beiden Tage geplanten AAs werden ausgesetzt. Sie werden an den folgenden Schultagen fortgesetzt. Mit freundlichen Gr\u00fc\u00dfen AAs Team kar-evaa@partner.eursc.eu<\/div><\/li>\n<\/ul>","protected":false},"excerpt":{"rendered":"","protected":false},"author":406,"featured_media":0,"parent":9286,"menu_order":117,"comment_status":"closed","ping_status":"closed","template":"","meta":{"inline_featured_image":false,"footnotes":""},"class_list":["post-13292","page","type-page","status-publish","hentry"],"_links":{"self":[{"href":"https:\/\/www.esk-eltern.de\/de\/wp-json\/wp\/v2\/pages\/13292","targetHints":{"allow":["GET"]}}],"collection":[{"href":"https:\/\/www.esk-eltern.de\/de\/wp-json\/wp\/v2\/pages"}],"about":[{"href":"https:\/\/www.esk-eltern.de\/de\/wp-json\/wp\/v2\/types\/page"}],"author":[{"embeddable":true,"href":"https:\/\/www.esk-eltern.de\/de\/wp-json\/wp\/v2\/users\/406"}],"replies":[{"embeddable":true,"href":"https:\/\/www.esk-eltern.de\/de\/wp-json\/wp\/v2\/comments?post=13292"}],"version-history":[{"count":3,"href":"https:\/\/www.esk-eltern.de\/de\/wp-json\/wp\/v2\/pages\/13292\/revisions"}],"predecessor-version":[{"id":13302,"href":"https:\/\/www.esk-eltern.de\/de\/wp-json\/wp\/v2\/pages\/13292\/revisions\/13302"}],"up":[{"embeddable":true,"href":"https:\/\/www.esk-eltern.de\/de\/wp-json\/wp\/v2\/pages\/9286"}],"wp:attachment":[{"href":"https:\/\/www.esk-eltern.de\/de\/wp-json\/wp\/v2\/media?parent=13292"}],"curies":[{"name":"wp","href":"https:\/\/api.w.org\/{rel}","templated":true}]}}