{"id":11669,"date":"2024-07-01T00:08:30","date_gmt":"2024-06-30T22:08:30","guid":{"rendered":"https:\/\/www.esk-eltern.de\/?page_id=11669"},"modified":"2025-09-02T20:43:35","modified_gmt":"2025-09-02T18:43:35","slug":"mitgliedschaftsantrag","status":"publish","type":"page","link":"https:\/\/www.esk-eltern.de\/de\/mitgliedschaftsantrag\/","title":{"rendered":"Mitgliedschaftsantrag"},"content":{"rendered":"\n<div class=\"wp-block-columns is-layout-flex wp-container-core-columns-is-layout-28f84493 wp-block-columns-is-layout-flex\">\n<div class=\"wp-block-column is-layout-constrained wp-block-column-is-layout-constrained\">\n<div class=\"wp-block-group is-content-justification-center is-nowrap is-layout-flex wp-container-core-group-is-layout-23441af8 wp-block-group-is-layout-flex\">\n<p><strong>Die Mitgliedschaft in der EV der ESK f\u00fcr das Schuljahr 2025\/2026 besteht aus dem nachfolgenden ausgef\u00fcllten Mitgliedschaftsantrag und dem nachgelagerten, gleichzeitigen Kauf der Mitgliedschaft.<br>Sie werden zum Kauf der Mitgliedschaft automatisch nach dem Dr\u00fccken des &#8222;Senden&#8220;-Knopfes weitergeleitet.<\/strong><\/p>\n<\/div>\n\n\n\n<div class=\"wp-block-group is-nowrap is-layout-flex wp-container-core-group-is-layout-6c531013 wp-block-group-is-layout-flex\">\n<p class=\"has-small-font-size\">Wenn Sie die Mitgliedschaft nach dem Ausf\u00fcllen des Mitgliedschaftsantrages nicht kaufen, k\u00f6nnen Sie die Mitgliedschaft nicht nachtr\u00e4glich kaufen und m\u00fcssen den Antrag nochmals ausf\u00fcllen und absenden.<\/p>\n<\/div>\n<\/div>\n<\/div>\n\n\n\n<div class=\"wp-block-columns is-layout-flex wp-container-core-columns-is-layout-28f84493 wp-block-columns-is-layout-flex\">\n<div class=\"wp-block-column is-layout-constrained wp-block-column-is-layout-constrained\">\n<div class=\"wp-block-contact-form-7-contact-form-selector\">\n<div class=\"wpcf7 no-js\" id=\"wpcf7-f13264-o1\" lang=\"de-DE\" dir=\"ltr\" data-wpcf7-id=\"13264\">\n<div class=\"screen-reader-response\"><p role=\"status\" aria-live=\"polite\" aria-atomic=\"true\"><\/p> <ul><\/ul><\/div>\n<form action=\"\/de\/wp-json\/wp\/v2\/pages\/11669#wpcf7-f13264-o1\" method=\"post\" class=\"wpcf7-form init wpcf7-acceptance-as-validation\" aria-label=\"Kontaktformular\" enctype=\"multipart\/form-data\" novalidate=\"novalidate\" data-status=\"init\">\n<fieldset class=\"hidden-fields-container\"><input type=\"hidden\" name=\"_wpcf7\" value=\"13264\" \/><input type=\"hidden\" name=\"_wpcf7_version\" value=\"6.1.4\" \/><input type=\"hidden\" name=\"_wpcf7_locale\" value=\"de_DE\" \/><input type=\"hidden\" name=\"_wpcf7_unit_tag\" value=\"wpcf7-f13264-o1\" \/><input type=\"hidden\" name=\"_wpcf7_container_post\" value=\"0\" \/><input type=\"hidden\" name=\"_wpcf7_posted_data_hash\" value=\"\" \/>\n<\/fieldset>\n<div class=\"uacf7-form-wrapper-container uacf7-form-13264  \">Hiermit beantrage ich,\n<label>Vorname: <span class=\"wpcf7-form-control-wrap\" data-name=\"Vorname\"><input size=\"40\" maxlength=\"400\" class=\"wpcf7-form-control wpcf7-text wpcf7-validates-as-required\" aria-required=\"true\" aria-invalid=\"false\" value=\"\" type=\"text\" name=\"Vorname\" \/><\/span> <\/label>\n<label>Name:    <span class=\"wpcf7-form-control-wrap\" data-name=\"Name\"><input size=\"40\" maxlength=\"400\" class=\"wpcf7-form-control wpcf7-text wpcf7-validates-as-required\" aria-required=\"true\" aria-invalid=\"false\" value=\"\" type=\"text\" name=\"Name\" \/><\/span> <\/label>\n<label>Geburtsdatum: <span class=\"wpcf7-form-control-wrap\" data-name=\"Geburtsdatum\"><input class=\"wpcf7-form-control wpcf7-date wpcf7-validates-as-date\" max=\"2008-03-30\" aria-invalid=\"false\" value=\"\" type=\"date\" name=\"Geburtsdatum\" \/><\/span> ,<\/label>\nmeine Aufnahme in den Elternverein der Europ\u00e4ischen Schule e.V. als ordentliches Mitglied mit einem Jahresbeitrag in H\u00f6he von EUR 40. Die Mitgliedschaft wird erst mit dem Kauf einer Mitgliedschaft g\u00fcltig. Erst nach erfolgreichem Absenden des Mitgliedschaftsantrages werden Sie zur Kaufseite der Mitgliedschaft weitergeleitet.\n<br><br>\n\n<label>Adresse: <\/label>\n<label>Stra\u00dfe: <span class=\"wpcf7-form-control-wrap\" data-name=\"strasse\"><input size=\"40\" maxlength=\"400\" class=\"wpcf7-form-control wpcf7-text wpcf7-validates-as-required\" aria-required=\"true\" aria-invalid=\"false\" value=\"\" type=\"text\" name=\"strasse\" \/><\/span><\/label><label> Nummer: <span class=\"wpcf7-form-control-wrap\" data-name=\"strasse-no\"><input size=\"40\" maxlength=\"400\" class=\"wpcf7-form-control wpcf7-text wpcf7-validates-as-required\" aria-required=\"true\" aria-invalid=\"false\" value=\"\" type=\"text\" name=\"strasse-no\" \/><\/span> <\/label>\n<label>PLZ:    <span class=\"wpcf7-form-control-wrap\" data-name=\"plz\"><input size=\"40\" maxlength=\"400\" class=\"wpcf7-form-control wpcf7-text wpcf7-validates-as-required\" aria-required=\"true\" aria-invalid=\"false\" value=\"\" type=\"text\" name=\"plz\" \/><\/span> <\/label><label>Ort: <span class=\"wpcf7-form-control-wrap\" data-name=\"ort\"><input size=\"40\" maxlength=\"400\" class=\"wpcf7-form-control wpcf7-text wpcf7-validates-as-required\" aria-required=\"true\" aria-invalid=\"false\" value=\"\" type=\"text\" name=\"ort\" \/><\/span><\/label>\n<br>\n\nMeine Kontaktdaten:\n<label> Telefonnummer: <span class=\"wpcf7-form-control-wrap\" data-name=\"telefon\"><input size=\"40\" maxlength=\"25\" minlength=\"8\" class=\"wpcf7-form-control wpcf7-tel wpcf7-text wpcf7-validates-as-tel\" aria-invalid=\"false\" value=\"\" type=\"tel\" name=\"telefon\" \/><\/span> <\/label>\n<label> E-Mail: <span class=\"wpcf7-form-control-wrap\" data-name=\"your-email\"><input size=\"40\" maxlength=\"400\" class=\"wpcf7-form-control wpcf7-email wpcf7-validates-as-required wpcf7-text wpcf7-validates-as-email\" aria-required=\"true\" aria-invalid=\"false\" value=\"\" type=\"email\" name=\"your-email\" \/><\/span>  <\/label>\n<br>\n\n<span class=\"wpcf7-form-control-wrap\" data-name=\"Datenschutzhinweis\"><span class=\"wpcf7-form-control wpcf7-acceptance\"><span class=\"wpcf7-list-item\"><label><input type=\"checkbox\" name=\"Datenschutzhinweis\" value=\"1\" aria-invalid=\"false\" \/><span class=\"wpcf7-list-item-label\">Ich habe den <a href=\"https:\/\/www.esk-eltern.de\/de\/datenschutz-bestimmungen\/\" target=\"_blank\"> Datenschutzhinweis<\/a> zur Kenntnis genommen und verstanden.<\/span><\/label><\/span><\/span><\/span>\n<span class=\"wpcf7-form-control-wrap\" data-name=\"Satzung\"><span class=\"wpcf7-form-control wpcf7-acceptance\"><span class=\"wpcf7-list-item\"><label><input type=\"checkbox\" name=\"Satzung\" value=\"1\" aria-invalid=\"false\" \/><span class=\"wpcf7-list-item-label\">Die aktuelle Fassung der <a href=\"https:\/\/www.esk-eltern.de\/wp-content\/uploads\/2024\/07\/EV_Satzung.pdf\" target=\"_blank\">Satzung<\/a> habe ich zur Kenntnis genommen.<\/span><\/label><\/span><\/span><\/span>\n<br><br>\nDurch meine Unterschrift erkenne ich die Satzung des Vereins in der jeweils g\u00fcltigen Fassung als f\u00fcr mich verbindlich an.\n<br><br>\n\n<label> Datum: <span class=\"wpcf7-form-control-wrap\" data-name=\"DatumHeute\"><input class=\"wpcf7-form-control wpcf7-date wpcf7-validates-as-required wpcf7-validates-as-date\" min=\"2026-04-04\" max=\"2026-04-04\" aria-required=\"true\" aria-invalid=\"false\" value=\"2026-04-04\" type=\"date\" name=\"DatumHeute\" \/><\/span> <\/label>\n<label> Meine Unterschrift:\t\t<span class=\"wpcf7-form-control-wrap uacf7_unterschrift\"\n\t\t\tdata-name=\"uacf7_unterschrift\">\n\t\t\t<input hidden type=\"file\" class=\"img_id_special\" class=\"wpcf7-form-control wpcf7-uacf7_signature wpcf7-validates-as-required\" pen-color=\"#000000\" bg-color=\"#dddddd\" aria-required=\"true\" aria-invalid=\"false\" name=\"uacf7_unterschrift\">\n\n\t\t\t<div class=\"signature-pad\" data-field-name=\"uacf7_unterschrift\">\n\t\t\t\t<canvas id=\"uacf7_unterschrift\"\n\t\t\t\t\tdata-field-name=\"uacf7_unterschrift\" width=\"600\"\n\t\t\t\t\theight=\"200\"><\/canvas>\n\t\t\t<\/div>\n\t\t\t<div class=\"control_div\">\n\t\t\t\t<button data-field-name=\"uacf7_unterschrift\"\n\t\t\t\t\tclass=\"clear-button\">Clear<\/button>\n\t\t\t<\/div>\n\n\t\t<\/span>\n\n\t\t <\/label>\n<br><br>\n\n<div class=\"wpcf7-turnstile cf-turnstile\" data-sitekey=\"0x4AAAAAAB5bJzPTXJB9GgOE\" data-response-field-name=\"_wpcf7_turnstile_response\" data-language=\"de\"><\/div>\n<span id=\"wpcf7-69d0d749493c0-wrapper\" class=\"wpcf7-form-control-wrap honeypot-245-wrap\" ><input type=\"hidden\" name=\"honeypot-245-time-start\" value=\"1775294281\"><input type=\"hidden\" name=\"honeypot-245-time-check\" value=\"3\"><label for=\"wpcf7-69d0d749493c0-field\" class=\"hp-message\">Bitte lasse dieses Feld leer.<\/label><input id=\"wpcf7-69d0d749493c0-field\"  class=\"wpcf7-form-control wpcf7-text\" type=\"text\" name=\"honeypot-245\" value=\"\" size=\"40\" tabindex=\"-1\" autocomplete=\"off\" \/><\/span>\n<br><br>\n\n<input class=\"wpcf7-form-control wpcf7-submit has-spinner\" type=\"submit\" value=\"Senden\" \/><\/div><div class=\"wpcf7-response-output\" aria-hidden=\"true\"><\/div>\n<\/form>\n<\/div>\n<\/div>\n<\/div>\n<\/div>\n","protected":false},"excerpt":{"rendered":"<p>Die Mitgliedschaft in der EV der ESK f\u00fcr das Schuljahr 2025\/2026 besteht aus dem nachfolgenden ausgef\u00fcllten Mitgliedschaftsantrag und dem nachgelagerten, gleichzeitigen Kauf der Mitgliedschaft.Sie werden zum Kauf der Mitgliedschaft automatisch nach dem Dr\u00fccken des &#8222;Senden&#8220;-Knopfes weitergeleitet. Wenn Sie die Mitgliedschaft nach dem Ausf\u00fcllen des Mitgliedschaftsantrages nicht kaufen, k\u00f6nnen Sie die Mitgliedschaft nicht nachtr\u00e4glich kaufen und <a class=\"read-more-link\" href=\"https:\/\/www.esk-eltern.de\/de\/mitgliedschaftsantrag\/\">Read More<\/a><\/p>\n","protected":false},"author":406,"featured_media":0,"parent":0,"menu_order":100,"comment_status":"closed","ping_status":"closed","template":"","meta":{"inline_featured_image":false,"footnotes":""},"class_list":["post-11669","page","type-page","status-publish","hentry"],"_links":{"self":[{"href":"https:\/\/www.esk-eltern.de\/de\/wp-json\/wp\/v2\/pages\/11669","targetHints":{"allow":["GET"]}}],"collection":[{"href":"https:\/\/www.esk-eltern.de\/de\/wp-json\/wp\/v2\/pages"}],"about":[{"href":"https:\/\/www.esk-eltern.de\/de\/wp-json\/wp\/v2\/types\/page"}],"author":[{"embeddable":true,"href":"https:\/\/www.esk-eltern.de\/de\/wp-json\/wp\/v2\/users\/406"}],"replies":[{"embeddable":true,"href":"https:\/\/www.esk-eltern.de\/de\/wp-json\/wp\/v2\/comments?post=11669"}],"version-history":[{"count":13,"href":"https:\/\/www.esk-eltern.de\/de\/wp-json\/wp\/v2\/pages\/11669\/revisions"}],"predecessor-version":[{"id":13921,"href":"https:\/\/www.esk-eltern.de\/de\/wp-json\/wp\/v2\/pages\/11669\/revisions\/13921"}],"wp:attachment":[{"href":"https:\/\/www.esk-eltern.de\/de\/wp-json\/wp\/v2\/media?parent=11669"}],"curies":[{"name":"wp","href":"https:\/\/api.w.org\/{rel}","templated":true}]}}